	{"id":5658,"date":"2026-01-29T14:11:53","date_gmt":"2026-01-29T13:11:53","guid":{"rendered":"https:\/\/www.travelwaxer.com\/?post_type=product&#038;p=5658"},"modified":"2026-02-07T17:11:07","modified_gmt":"2026-02-07T16:11:07","slug":"travel-waxer-allski","status":"publish","type":"product","link":"https:\/\/www.travelwaxer.com\/sv\/produkt\/travel-waxer-allski\/","title":{"rendered":"Travel Waxer Allski"},"content":{"rendered":"<p>Allski \u00e4r en vallaprofil som kan monteras p\u00e5 valfritt bord:<\/p>\n<ul>\n<li>Stabilt st\u00f6d f\u00f6r komplett l\u00e4ngd- och alpinvallning<\/li>\n<li>Passar Rotefella-, Salomonbindningar och BC (Back Country).<\/li>\n<li>Fungerar ocks\u00e5 f\u00f6r Alpine Touring bindningen Tech\/Dynafit\/Randonn\u00e9e.<\/li>\n<li>Alpinadaptern kan st\u00e4llas in stegl\u00f6st f\u00f6r pj\u00e4xstorlekar fr\u00e5n 31 till 49.<\/li>\n<li>F\u00f6r kantslipning &#8211; placera bara skidan p\u00e5 h\u00f6gkant i alpinprofilerna.<\/li>\n<li>Tack vare den h\u00f6j- och s\u00e4nkbara bygeln p\u00e5 Centrumtvingen passar systemet alla skidl\u00e4ngder.<\/li>\n<li>Passar p\u00e5 m\u00e5nga st\u00e4llen &#8211; tvingarna klarar en tjocklek p\u00e5 f\u00e4stytan (t ex ett bord) p\u00e5 upp till 6 cm och l\u00e4ngden p\u00e5 f\u00e4stytan b\u00f6r vara ca 140 cm.<\/li>\n<li>Kan byggas ut med vallab\u00e4nken <a href=\"https:\/\/www.travelwaxer.com\/sv\/product\/travel-waxer-bench\/\">Travel Waxer Bench<\/a> f\u00f6r utomhusvallning vid skidsp\u00e5ret eller slalombacken<\/li>\n<\/ul>\n<p>Vill du hellre ha ett paket med b\u00e4nk? Kolla d\u00e5 in <a href=\"https:\/\/www.travelwaxer.com\/sv\/product\/travel-waxer-bench-allski\/\">Bench Allski<\/a>.<\/p>\n","protected":false},"excerpt":{"rendered":"<p>Travel Waxer Allski \u00e4r ett prisv\u00e4rt kombivallast\u00e4ll f\u00f6r dig som \u00e5ker b\u00e5de p\u00e5 l\u00e4ngden och tv\u00e4ren.<\/p>\n<h3>Varf\u00f6r v\u00e4lja denna produkt?<\/h3>\n<ul>\n<li>Stabilt st\u00f6d f\u00f6r komplett l\u00e4ngd- och alpinvallning<\/li>\n<li>Fungerar ocks\u00e5 f\u00f6r kantslipning.<\/li>\n<li>Passar \u00e4ven touringskidor (Tech\/Dynafit\/Randon\u00e9ebindingar)<\/li>\n<li>Kan byggas ut med vallab\u00e4nk f\u00f6r utomhusvallning.<\/li>\n<\/ul>\n<p>Fasts\u00e4ttning av touringskida:<br \/>\n<iframe loading=\"lazy\" src=\"https:\/\/www.youtube.com\/embed\/MQEnZ7xIkLU?si=0F1YZZTogeShDdNT\" width=\"560\" height=\"315\" frameborder=\"0\" allowfullscreen=\"allowfullscreen\"><\/iframe><\/p>\n","protected":false},"featured_media":5804,"comment_status":"open","ping_status":"closed","template":"","meta":{"footnotes":""},"product_brand":[],"product_cat":[66],"product_tag":[],"class_list":{"0":"post-5658","1":"product","2":"type-product","3":"status-publish","4":"has-post-thumbnail","6":"product_cat-kombivallastall-langd-och-alpint","8":"first","9":"instock","10":"taxable","11":"shipping-taxable","12":"purchasable","13":"product-type-simple"},"yoast_head":"<!-- This site is optimized with the Yoast SEO plugin v27.4 - https:\/\/yoast.com\/product\/yoast-seo-wordpress\/ -->\n<title>Vallaprofil f\u00f6r l\u00e4ngd och alpint | Travel Waxer<\/title>\n<meta name=\"description\" content=\"Allski \u00e4r en vallaprofil f\u00f6r l\u00e4ngd och alpint, men funkar ocks\u00e5 f\u00f6r topptursskidor - \u00e4ven kallade randon\u00e9e- eller skitouringskidor. Monteras p\u00e5 bord.\" \/>\n<meta name=\"robots\" content=\"index, follow, max-snippet:-1, max-image-preview:large, max-video-preview:-1\" \/>\n<link rel=\"canonical\" href=\"https:\/\/www.travelwaxer.com\/sv\/produkt\/travel-waxer-allski\/\" \/>\n<meta property=\"og:locale\" content=\"sv_SE\" \/>\n<meta property=\"og:type\" content=\"article\" \/>\n<meta property=\"og:title\" content=\"Vallaprofil f\u00f6r l\u00e4ngd och alpint | Travel Waxer\" \/>\n<meta property=\"og:description\" content=\"Allski \u00e4r en vallaprofil f\u00f6r l\u00e4ngd och alpint, men funkar ocks\u00e5 f\u00f6r topptursskidor - \u00e4ven kallade randon\u00e9e- eller skitouringskidor. Monteras p\u00e5 bord.\" \/>\n<meta property=\"og:url\" content=\"https:\/\/www.travelwaxer.com\/sv\/produkt\/travel-waxer-allski\/\" \/>\n<meta property=\"og:site_name\" content=\"Travel Waxer\" \/>\n<meta property=\"article:publisher\" content=\"https:\/\/www.facebook.com\/travelwaxer\" \/>\n<meta property=\"article:modified_time\" content=\"2026-02-07T16:11:07+00:00\" \/>\n<meta property=\"og:image\" content=\"https:\/\/www.travelwaxer.com\/wp-content\/uploads\/2013\/03\/TWALL_featured_1200x750.jpg\" \/>\n\t<meta property=\"og:image:width\" content=\"1200\" \/>\n\t<meta property=\"og:image:height\" content=\"750\" \/>\n\t<meta property=\"og:image:type\" content=\"image\/jpeg\" \/>\n<meta name=\"twitter:card\" content=\"summary_large_image\" \/>\n<meta name=\"twitter:label1\" content=\"Ber\u00e4knad l\u00e4stid\" \/>\n\t<meta name=\"twitter:data1\" content=\"1 minut\" \/>\n<script type=\"application\/ld+json\" class=\"yoast-schema-graph\">{\"@context\":\"https:\\\/\\\/schema.org\",\"@graph\":[{\"@type\":[\"WebPage\",\"ItemPage\"],\"@id\":\"https:\\\/\\\/www.travelwaxer.com\\\/sv\\\/produkt\\\/travel-waxer-allski\\\/\",\"url\":\"https:\\\/\\\/www.travelwaxer.com\\\/sv\\\/produkt\\\/travel-waxer-allski\\\/\",\"name\":\"Vallaprofil f\u00f6r l\u00e4ngd och alpint | Travel Waxer\",\"isPartOf\":{\"@id\":\"https:\\\/\\\/www.travelwaxer.com\\\/sv\\\/#website\"},\"primaryImageOfPage\":{\"@id\":\"https:\\\/\\\/www.travelwaxer.com\\\/sv\\\/produkt\\\/travel-waxer-allski\\\/#primaryimage\"},\"image\":{\"@id\":\"https:\\\/\\\/www.travelwaxer.com\\\/sv\\\/produkt\\\/travel-waxer-allski\\\/#primaryimage\"},\"thumbnailUrl\":\"https:\\\/\\\/www.travelwaxer.com\\\/wp-content\\\/uploads\\\/TWALL_featured.jpg\",\"datePublished\":\"2026-01-29T13:11:53+00:00\",\"dateModified\":\"2026-02-07T16:11:07+00:00\",\"description\":\"Allski \u00e4r en vallaprofil f\u00f6r l\u00e4ngd och alpint, men funkar ocks\u00e5 f\u00f6r topptursskidor - \u00e4ven kallade randon\u00e9e- eller skitouringskidor. Monteras p\u00e5 bord.\",\"breadcrumb\":{\"@id\":\"https:\\\/\\\/www.travelwaxer.com\\\/sv\\\/produkt\\\/travel-waxer-allski\\\/#breadcrumb\"},\"inLanguage\":\"sv-SE\",\"potentialAction\":[{\"@type\":\"ReadAction\",\"target\":[\"https:\\\/\\\/www.travelwaxer.com\\\/sv\\\/produkt\\\/travel-waxer-allski\\\/\"]}]},{\"@type\":\"ImageObject\",\"inLanguage\":\"sv-SE\",\"@id\":\"https:\\\/\\\/www.travelwaxer.com\\\/sv\\\/produkt\\\/travel-waxer-allski\\\/#primaryimage\",\"url\":\"https:\\\/\\\/www.travelwaxer.com\\\/wp-content\\\/uploads\\\/TWALL_featured.jpg\",\"contentUrl\":\"https:\\\/\\\/www.travelwaxer.com\\\/wp-content\\\/uploads\\\/TWALL_featured.jpg\",\"width\":835,\"height\":834,\"caption\":\"Travel Waxer Allski\"},{\"@type\":\"BreadcrumbList\",\"@id\":\"https:\\\/\\\/www.travelwaxer.com\\\/sv\\\/produkt\\\/travel-waxer-allski\\\/#breadcrumb\",\"itemListElement\":[{\"@type\":\"ListItem\",\"position\":1,\"name\":\"Hem\",\"item\":\"https:\\\/\\\/www.travelwaxer.com\\\/sv\\\/vallastall-for-langd-och-alpint\\\/\"},{\"@type\":\"ListItem\",\"position\":2,\"name\":\"Produkter\",\"item\":\"https:\\\/\\\/www.travelwaxer.com\\\/sv\\\/shop\\\/\"},{\"@type\":\"ListItem\",\"position\":3,\"name\":\"Travel Waxer Allski\"}]},{\"@type\":\"WebSite\",\"@id\":\"https:\\\/\\\/www.travelwaxer.com\\\/sv\\\/#website\",\"url\":\"https:\\\/\\\/www.travelwaxer.com\\\/sv\\\/\",\"name\":\"Travel Waxer\",\"description\":\"Vallast\u00e4ll f\u00f6r l\u00e4ngd- och slalomskidor\",\"publisher\":{\"@id\":\"https:\\\/\\\/www.travelwaxer.com\\\/sv\\\/#organization\"},\"potentialAction\":[{\"@type\":\"SearchAction\",\"target\":{\"@type\":\"EntryPoint\",\"urlTemplate\":\"https:\\\/\\\/www.travelwaxer.com\\\/sv\\\/?s={search_term_string}\"},\"query-input\":{\"@type\":\"PropertyValueSpecification\",\"valueRequired\":true,\"valueName\":\"search_term_string\"}}],\"inLanguage\":\"sv-SE\"},{\"@type\":\"Organization\",\"@id\":\"https:\\\/\\\/www.travelwaxer.com\\\/sv\\\/#organization\",\"name\":\"Travel Waxer\",\"url\":\"https:\\\/\\\/www.travelwaxer.com\\\/sv\\\/\",\"logo\":{\"@type\":\"ImageObject\",\"inLanguage\":\"sv-SE\",\"@id\":\"https:\\\/\\\/www.travelwaxer.com\\\/sv\\\/#\\\/schema\\\/logo\\\/image\\\/\",\"url\":\"https:\\\/\\\/www.travelwaxer.com\\\/wp-content\\\/uploads\\\/2015\\\/03\\\/title_icon-2.png\",\"contentUrl\":\"https:\\\/\\\/www.travelwaxer.com\\\/wp-content\\\/uploads\\\/2015\\\/03\\\/title_icon-2.png\",\"width\":154,\"height\":171,\"caption\":\"Travel Waxer\"},\"image\":{\"@id\":\"https:\\\/\\\/www.travelwaxer.com\\\/sv\\\/#\\\/schema\\\/logo\\\/image\\\/\"},\"sameAs\":[\"https:\\\/\\\/www.facebook.com\\\/travelwaxer\"]}]}<\/script>\n<!-- \/ Yoast SEO plugin. -->","yoast_head_json":{"title":"Vallaprofil f\u00f6r l\u00e4ngd och alpint | Travel Waxer","description":"Allski \u00e4r en vallaprofil f\u00f6r l\u00e4ngd och alpint, men funkar ocks\u00e5 f\u00f6r topptursskidor - \u00e4ven kallade randon\u00e9e- eller skitouringskidor. Monteras p\u00e5 bord.","robots":{"index":"index","follow":"follow","max-snippet":"max-snippet:-1","max-image-preview":"max-image-preview:large","max-video-preview":"max-video-preview:-1"},"canonical":"https:\/\/www.travelwaxer.com\/sv\/produkt\/travel-waxer-allski\/","og_locale":"sv_SE","og_type":"article","og_title":"Vallaprofil f\u00f6r l\u00e4ngd och alpint | Travel Waxer","og_description":"Allski \u00e4r en vallaprofil f\u00f6r l\u00e4ngd och alpint, men funkar ocks\u00e5 f\u00f6r topptursskidor - \u00e4ven kallade randon\u00e9e- eller skitouringskidor. Monteras p\u00e5 bord.","og_url":"https:\/\/www.travelwaxer.com\/sv\/produkt\/travel-waxer-allski\/","og_site_name":"Travel Waxer","article_publisher":"https:\/\/www.facebook.com\/travelwaxer","article_modified_time":"2026-02-07T16:11:07+00:00","og_image":[{"width":1200,"height":750,"url":"https:\/\/www.travelwaxer.com\/wp-content\/uploads\/2013\/03\/TWALL_featured_1200x750.jpg","type":"image\/jpeg"}],"twitter_card":"summary_large_image","twitter_misc":{"Ber\u00e4knad l\u00e4stid":"1 minut"},"schema":{"@context":"https:\/\/schema.org","@graph":[{"@type":["WebPage","ItemPage"],"@id":"https:\/\/www.travelwaxer.com\/sv\/produkt\/travel-waxer-allski\/","url":"https:\/\/www.travelwaxer.com\/sv\/produkt\/travel-waxer-allski\/","name":"Vallaprofil f\u00f6r l\u00e4ngd och alpint | Travel Waxer","isPartOf":{"@id":"https:\/\/www.travelwaxer.com\/sv\/#website"},"primaryImageOfPage":{"@id":"https:\/\/www.travelwaxer.com\/sv\/produkt\/travel-waxer-allski\/#primaryimage"},"image":{"@id":"https:\/\/www.travelwaxer.com\/sv\/produkt\/travel-waxer-allski\/#primaryimage"},"thumbnailUrl":"https:\/\/www.travelwaxer.com\/wp-content\/uploads\/TWALL_featured.jpg","datePublished":"2026-01-29T13:11:53+00:00","dateModified":"2026-02-07T16:11:07+00:00","description":"Allski \u00e4r en vallaprofil f\u00f6r l\u00e4ngd och alpint, men funkar ocks\u00e5 f\u00f6r topptursskidor - \u00e4ven kallade randon\u00e9e- eller skitouringskidor. Monteras p\u00e5 bord.","breadcrumb":{"@id":"https:\/\/www.travelwaxer.com\/sv\/produkt\/travel-waxer-allski\/#breadcrumb"},"inLanguage":"sv-SE","potentialAction":[{"@type":"ReadAction","target":["https:\/\/www.travelwaxer.com\/sv\/produkt\/travel-waxer-allski\/"]}]},{"@type":"ImageObject","inLanguage":"sv-SE","@id":"https:\/\/www.travelwaxer.com\/sv\/produkt\/travel-waxer-allski\/#primaryimage","url":"https:\/\/www.travelwaxer.com\/wp-content\/uploads\/TWALL_featured.jpg","contentUrl":"https:\/\/www.travelwaxer.com\/wp-content\/uploads\/TWALL_featured.jpg","width":835,"height":834,"caption":"Travel Waxer Allski"},{"@type":"BreadcrumbList","@id":"https:\/\/www.travelwaxer.com\/sv\/produkt\/travel-waxer-allski\/#breadcrumb","itemListElement":[{"@type":"ListItem","position":1,"name":"Hem","item":"https:\/\/www.travelwaxer.com\/sv\/vallastall-for-langd-och-alpint\/"},{"@type":"ListItem","position":2,"name":"Produkter","item":"https:\/\/www.travelwaxer.com\/sv\/shop\/"},{"@type":"ListItem","position":3,"name":"Travel Waxer Allski"}]},{"@type":"WebSite","@id":"https:\/\/www.travelwaxer.com\/sv\/#website","url":"https:\/\/www.travelwaxer.com\/sv\/","name":"Travel Waxer","description":"Vallast\u00e4ll f\u00f6r l\u00e4ngd- och slalomskidor","publisher":{"@id":"https:\/\/www.travelwaxer.com\/sv\/#organization"},"potentialAction":[{"@type":"SearchAction","target":{"@type":"EntryPoint","urlTemplate":"https:\/\/www.travelwaxer.com\/sv\/?s={search_term_string}"},"query-input":{"@type":"PropertyValueSpecification","valueRequired":true,"valueName":"search_term_string"}}],"inLanguage":"sv-SE"},{"@type":"Organization","@id":"https:\/\/www.travelwaxer.com\/sv\/#organization","name":"Travel Waxer","url":"https:\/\/www.travelwaxer.com\/sv\/","logo":{"@type":"ImageObject","inLanguage":"sv-SE","@id":"https:\/\/www.travelwaxer.com\/sv\/#\/schema\/logo\/image\/","url":"https:\/\/www.travelwaxer.com\/wp-content\/uploads\/2015\/03\/title_icon-2.png","contentUrl":"https:\/\/www.travelwaxer.com\/wp-content\/uploads\/2015\/03\/title_icon-2.png","width":154,"height":171,"caption":"Travel Waxer"},"image":{"@id":"https:\/\/www.travelwaxer.com\/sv\/#\/schema\/logo\/image\/"},"sameAs":["https:\/\/www.facebook.com\/travelwaxer"]}]}},"_links":{"self":[{"href":"https:\/\/www.travelwaxer.com\/sv\/wp-json\/wp\/v2\/product\/5658","targetHints":{"allow":["GET"]}}],"collection":[{"href":"https:\/\/www.travelwaxer.com\/sv\/wp-json\/wp\/v2\/product"}],"about":[{"href":"https:\/\/www.travelwaxer.com\/sv\/wp-json\/wp\/v2\/types\/product"}],"replies":[{"embeddable":true,"href":"https:\/\/www.travelwaxer.com\/sv\/wp-json\/wp\/v2\/comments?post=5658"}],"version-history":[{"count":3,"href":"https:\/\/www.travelwaxer.com\/sv\/wp-json\/wp\/v2\/product\/5658\/revisions"}],"predecessor-version":[{"id":5684,"href":"https:\/\/www.travelwaxer.com\/sv\/wp-json\/wp\/v2\/product\/5658\/revisions\/5684"}],"wp:featuredmedia":[{"embeddable":true,"href":"https:\/\/www.travelwaxer.com\/sv\/wp-json\/wp\/v2\/media\/5804"}],"wp:attachment":[{"href":"https:\/\/www.travelwaxer.com\/sv\/wp-json\/wp\/v2\/media?parent=5658"}],"wp:term":[{"taxonomy":"product_brand","embeddable":true,"href":"https:\/\/www.travelwaxer.com\/sv\/wp-json\/wp\/v2\/product_brand?post=5658"},{"taxonomy":"product_cat","embeddable":true,"href":"https:\/\/www.travelwaxer.com\/sv\/wp-json\/wp\/v2\/product_cat?post=5658"},{"taxonomy":"product_tag","embeddable":true,"href":"https:\/\/www.travelwaxer.com\/sv\/wp-json\/wp\/v2\/product_tag?post=5658"}],"curies":[{"name":"wp","href":"https:\/\/api.w.org\/{rel}","templated":true}]}}