	{"id":2352,"date":"2016-04-15T10:25:32","date_gmt":"2016-04-15T10:25:32","guid":{"rendered":"http:\/\/www.travelwaxer.com\/sv\/?post_type=product&#038;p=2352"},"modified":"2022-12-21T21:14:25","modified_gmt":"2022-12-21T20:14:25","slug":"skidfodral-foer-2-par-laengdskidor1-par-alpinskidor","status":"publish","type":"product","link":"https:\/\/www.travelwaxer.com\/sv\/produkt\/skidfodral-foer-2-par-laengdskidor1-par-alpinskidor\/","title":{"rendered":"Skidfodral f\u00f6r 2 par l\u00e4ngdskidor\/1 par alpinskidor"},"content":{"rendered":"<p>M\u00e5tten \u00e4r gener\u00f6sa 215&#215;27 cm. Fodralet har b\u00e4rhantag och inv\u00e4nding plastbel\u00e4ggning som g\u00f6r det l\u00e4tt att ta bort valla som klibbat fast.<\/p>\n","protected":false},"excerpt":{"rendered":"<p>Skidfodral som rymmer 2 par l\u00e4ngdskidor eller ett par alpinskidor. F\u00f6rutom skidorna rymmer den naturligtvis \u00e4ven Travel Waxer Bench.<\/p>\n","protected":false},"featured_media":2511,"comment_status":"open","ping_status":"closed","template":"","meta":{"footnotes":""},"product_brand":[],"product_cat":[39],"product_tag":[],"class_list":{"0":"post-2352","1":"product","2":"type-product","3":"status-publish","4":"has-post-thumbnail","6":"product_cat-tillbehor","8":"first","9":"instock","10":"taxable","11":"shipping-taxable","12":"purchasable","13":"product-type-simple"},"yoast_head":"<!-- This site is optimized with the Yoast SEO plugin v27.6 - https:\/\/yoast.com\/product\/yoast-seo-wordpress\/ -->\n<title>Skidfodral f\u00f6r 2 par l\u00e4ngdskidor\/1 par alpinskidor | Travel Waxer<\/title>\n<meta name=\"description\" content=\"Skidfodral f\u00f6r 2 par l\u00e4ngdskidor\/1 par alpinskidor | Travel Waxer\" \/>\n<meta name=\"robots\" content=\"index, follow, max-snippet:-1, max-image-preview:large, max-video-preview:-1\" \/>\n<link rel=\"canonical\" href=\"https:\/\/www.travelwaxer.com\/sv\/produkt\/skidfodral-foer-2-par-laengdskidor1-par-alpinskidor\/\" \/>\n<meta property=\"og:locale\" content=\"sv_SE\" \/>\n<meta property=\"og:type\" content=\"article\" \/>\n<meta property=\"og:title\" content=\"Skidfodral f\u00f6r 2 par l\u00e4ngdskidor\/1 par alpinskidor | Travel Waxer\" \/>\n<meta property=\"og:description\" content=\"Skidfodral f\u00f6r 2 par l\u00e4ngdskidor\/1 par alpinskidor | Travel Waxer\" \/>\n<meta property=\"og:url\" content=\"https:\/\/www.travelwaxer.com\/sv\/produkt\/skidfodral-foer-2-par-laengdskidor1-par-alpinskidor\/\" \/>\n<meta property=\"og:site_name\" content=\"Travel Waxer\" \/>\n<meta property=\"article:publisher\" content=\"https:\/\/www.facebook.com\/travelwaxer\" \/>\n<meta property=\"article:modified_time\" content=\"2022-12-21T20:14:25+00:00\" \/>\n<meta property=\"og:image\" content=\"https:\/\/www.travelwaxer.com\/wp-content\/uploads\/2016\/04\/ski_bag-1024x640.png\" \/>\n\t<meta property=\"og:image:width\" content=\"1024\" \/>\n\t<meta property=\"og:image:height\" content=\"640\" \/>\n\t<meta property=\"og:image:type\" content=\"image\/png\" \/>\n<meta name=\"twitter:card\" content=\"summary_large_image\" \/>\n<script type=\"application\/ld+json\" class=\"yoast-schema-graph\">{\"@context\":\"https:\\\/\\\/schema.org\",\"@graph\":[{\"@type\":[\"WebPage\",\"ItemPage\"],\"@id\":\"https:\\\/\\\/www.travelwaxer.com\\\/sv\\\/produkt\\\/skidfodral-foer-2-par-laengdskidor1-par-alpinskidor\\\/\",\"url\":\"https:\\\/\\\/www.travelwaxer.com\\\/sv\\\/produkt\\\/skidfodral-foer-2-par-laengdskidor1-par-alpinskidor\\\/\",\"name\":\"Skidfodral f\u00f6r 2 par l\u00e4ngdskidor\\\/1 par alpinskidor | Travel Waxer\",\"isPartOf\":{\"@id\":\"https:\\\/\\\/www.travelwaxer.com\\\/sv\\\/#website\"},\"primaryImageOfPage\":{\"@id\":\"https:\\\/\\\/www.travelwaxer.com\\\/sv\\\/produkt\\\/skidfodral-foer-2-par-laengdskidor1-par-alpinskidor\\\/#primaryimage\"},\"image\":{\"@id\":\"https:\\\/\\\/www.travelwaxer.com\\\/sv\\\/produkt\\\/skidfodral-foer-2-par-laengdskidor1-par-alpinskidor\\\/#primaryimage\"},\"thumbnailUrl\":\"https:\\\/\\\/www.travelwaxer.com\\\/wp-content\\\/uploads\\\/2016\\\/04\\\/ski_bag-scaled.png\",\"datePublished\":\"2016-04-15T10:25:32+00:00\",\"dateModified\":\"2022-12-21T20:14:25+00:00\",\"description\":\"Skidfodral f\u00f6r 2 par l\u00e4ngdskidor\\\/1 par alpinskidor | Travel Waxer\",\"breadcrumb\":{\"@id\":\"https:\\\/\\\/www.travelwaxer.com\\\/sv\\\/produkt\\\/skidfodral-foer-2-par-laengdskidor1-par-alpinskidor\\\/#breadcrumb\"},\"inLanguage\":\"sv-SE\",\"potentialAction\":[{\"@type\":\"ReadAction\",\"target\":[\"https:\\\/\\\/www.travelwaxer.com\\\/sv\\\/produkt\\\/skidfodral-foer-2-par-laengdskidor1-par-alpinskidor\\\/\"]}]},{\"@type\":\"ImageObject\",\"inLanguage\":\"sv-SE\",\"@id\":\"https:\\\/\\\/www.travelwaxer.com\\\/sv\\\/produkt\\\/skidfodral-foer-2-par-laengdskidor1-par-alpinskidor\\\/#primaryimage\",\"url\":\"https:\\\/\\\/www.travelwaxer.com\\\/wp-content\\\/uploads\\\/2016\\\/04\\\/ski_bag-scaled.png\",\"contentUrl\":\"https:\\\/\\\/www.travelwaxer.com\\\/wp-content\\\/uploads\\\/2016\\\/04\\\/ski_bag-scaled.png\",\"width\":3200,\"height\":2000},{\"@type\":\"BreadcrumbList\",\"@id\":\"https:\\\/\\\/www.travelwaxer.com\\\/sv\\\/produkt\\\/skidfodral-foer-2-par-laengdskidor1-par-alpinskidor\\\/#breadcrumb\",\"itemListElement\":[{\"@type\":\"ListItem\",\"position\":1,\"name\":\"Hem\",\"item\":\"https:\\\/\\\/www.travelwaxer.com\\\/sv\\\/vallastall-for-langd-och-alpint\\\/\"},{\"@type\":\"ListItem\",\"position\":2,\"name\":\"Produkter\",\"item\":\"https:\\\/\\\/www.travelwaxer.com\\\/sv\\\/shop\\\/\"},{\"@type\":\"ListItem\",\"position\":3,\"name\":\"Skidfodral f\u00f6r 2 par l\u00e4ngdskidor\\\/1 par alpinskidor\"}]},{\"@type\":\"WebSite\",\"@id\":\"https:\\\/\\\/www.travelwaxer.com\\\/sv\\\/#website\",\"url\":\"https:\\\/\\\/www.travelwaxer.com\\\/sv\\\/\",\"name\":\"Travel Waxer\",\"description\":\"Vallast\u00e4ll f\u00f6r l\u00e4ngd- och slalomskidor\",\"publisher\":{\"@id\":\"https:\\\/\\\/www.travelwaxer.com\\\/sv\\\/#organization\"},\"potentialAction\":[{\"@type\":\"SearchAction\",\"target\":{\"@type\":\"EntryPoint\",\"urlTemplate\":\"https:\\\/\\\/www.travelwaxer.com\\\/sv\\\/?s={search_term_string}\"},\"query-input\":{\"@type\":\"PropertyValueSpecification\",\"valueRequired\":true,\"valueName\":\"search_term_string\"}}],\"inLanguage\":\"sv-SE\"},{\"@type\":\"Organization\",\"@id\":\"https:\\\/\\\/www.travelwaxer.com\\\/sv\\\/#organization\",\"name\":\"Travel Waxer\",\"url\":\"https:\\\/\\\/www.travelwaxer.com\\\/sv\\\/\",\"logo\":{\"@type\":\"ImageObject\",\"inLanguage\":\"sv-SE\",\"@id\":\"https:\\\/\\\/www.travelwaxer.com\\\/sv\\\/#\\\/schema\\\/logo\\\/image\\\/\",\"url\":\"https:\\\/\\\/www.travelwaxer.com\\\/wp-content\\\/uploads\\\/2015\\\/03\\\/title_icon-2.png\",\"contentUrl\":\"https:\\\/\\\/www.travelwaxer.com\\\/wp-content\\\/uploads\\\/2015\\\/03\\\/title_icon-2.png\",\"width\":154,\"height\":171,\"caption\":\"Travel Waxer\"},\"image\":{\"@id\":\"https:\\\/\\\/www.travelwaxer.com\\\/sv\\\/#\\\/schema\\\/logo\\\/image\\\/\"},\"sameAs\":[\"https:\\\/\\\/www.facebook.com\\\/travelwaxer\"]}]}<\/script>\n<!-- \/ Yoast SEO plugin. -->","yoast_head_json":{"title":"Skidfodral f\u00f6r 2 par l\u00e4ngdskidor\/1 par alpinskidor | Travel Waxer","description":"Skidfodral f\u00f6r 2 par l\u00e4ngdskidor\/1 par alpinskidor | Travel Waxer","robots":{"index":"index","follow":"follow","max-snippet":"max-snippet:-1","max-image-preview":"max-image-preview:large","max-video-preview":"max-video-preview:-1"},"canonical":"https:\/\/www.travelwaxer.com\/sv\/produkt\/skidfodral-foer-2-par-laengdskidor1-par-alpinskidor\/","og_locale":"sv_SE","og_type":"article","og_title":"Skidfodral f\u00f6r 2 par l\u00e4ngdskidor\/1 par alpinskidor | Travel Waxer","og_description":"Skidfodral f\u00f6r 2 par l\u00e4ngdskidor\/1 par alpinskidor | Travel Waxer","og_url":"https:\/\/www.travelwaxer.com\/sv\/produkt\/skidfodral-foer-2-par-laengdskidor1-par-alpinskidor\/","og_site_name":"Travel Waxer","article_publisher":"https:\/\/www.facebook.com\/travelwaxer","article_modified_time":"2022-12-21T20:14:25+00:00","og_image":[{"width":1024,"height":640,"url":"https:\/\/www.travelwaxer.com\/wp-content\/uploads\/2016\/04\/ski_bag-1024x640.png","type":"image\/png"}],"twitter_card":"summary_large_image","schema":{"@context":"https:\/\/schema.org","@graph":[{"@type":["WebPage","ItemPage"],"@id":"https:\/\/www.travelwaxer.com\/sv\/produkt\/skidfodral-foer-2-par-laengdskidor1-par-alpinskidor\/","url":"https:\/\/www.travelwaxer.com\/sv\/produkt\/skidfodral-foer-2-par-laengdskidor1-par-alpinskidor\/","name":"Skidfodral f\u00f6r 2 par l\u00e4ngdskidor\/1 par alpinskidor | Travel Waxer","isPartOf":{"@id":"https:\/\/www.travelwaxer.com\/sv\/#website"},"primaryImageOfPage":{"@id":"https:\/\/www.travelwaxer.com\/sv\/produkt\/skidfodral-foer-2-par-laengdskidor1-par-alpinskidor\/#primaryimage"},"image":{"@id":"https:\/\/www.travelwaxer.com\/sv\/produkt\/skidfodral-foer-2-par-laengdskidor1-par-alpinskidor\/#primaryimage"},"thumbnailUrl":"https:\/\/www.travelwaxer.com\/wp-content\/uploads\/2016\/04\/ski_bag-scaled.png","datePublished":"2016-04-15T10:25:32+00:00","dateModified":"2022-12-21T20:14:25+00:00","description":"Skidfodral f\u00f6r 2 par l\u00e4ngdskidor\/1 par alpinskidor | Travel Waxer","breadcrumb":{"@id":"https:\/\/www.travelwaxer.com\/sv\/produkt\/skidfodral-foer-2-par-laengdskidor1-par-alpinskidor\/#breadcrumb"},"inLanguage":"sv-SE","potentialAction":[{"@type":"ReadAction","target":["https:\/\/www.travelwaxer.com\/sv\/produkt\/skidfodral-foer-2-par-laengdskidor1-par-alpinskidor\/"]}]},{"@type":"ImageObject","inLanguage":"sv-SE","@id":"https:\/\/www.travelwaxer.com\/sv\/produkt\/skidfodral-foer-2-par-laengdskidor1-par-alpinskidor\/#primaryimage","url":"https:\/\/www.travelwaxer.com\/wp-content\/uploads\/2016\/04\/ski_bag-scaled.png","contentUrl":"https:\/\/www.travelwaxer.com\/wp-content\/uploads\/2016\/04\/ski_bag-scaled.png","width":3200,"height":2000},{"@type":"BreadcrumbList","@id":"https:\/\/www.travelwaxer.com\/sv\/produkt\/skidfodral-foer-2-par-laengdskidor1-par-alpinskidor\/#breadcrumb","itemListElement":[{"@type":"ListItem","position":1,"name":"Hem","item":"https:\/\/www.travelwaxer.com\/sv\/vallastall-for-langd-och-alpint\/"},{"@type":"ListItem","position":2,"name":"Produkter","item":"https:\/\/www.travelwaxer.com\/sv\/shop\/"},{"@type":"ListItem","position":3,"name":"Skidfodral f\u00f6r 2 par l\u00e4ngdskidor\/1 par alpinskidor"}]},{"@type":"WebSite","@id":"https:\/\/www.travelwaxer.com\/sv\/#website","url":"https:\/\/www.travelwaxer.com\/sv\/","name":"Travel Waxer","description":"Vallast\u00e4ll f\u00f6r l\u00e4ngd- och slalomskidor","publisher":{"@id":"https:\/\/www.travelwaxer.com\/sv\/#organization"},"potentialAction":[{"@type":"SearchAction","target":{"@type":"EntryPoint","urlTemplate":"https:\/\/www.travelwaxer.com\/sv\/?s={search_term_string}"},"query-input":{"@type":"PropertyValueSpecification","valueRequired":true,"valueName":"search_term_string"}}],"inLanguage":"sv-SE"},{"@type":"Organization","@id":"https:\/\/www.travelwaxer.com\/sv\/#organization","name":"Travel Waxer","url":"https:\/\/www.travelwaxer.com\/sv\/","logo":{"@type":"ImageObject","inLanguage":"sv-SE","@id":"https:\/\/www.travelwaxer.com\/sv\/#\/schema\/logo\/image\/","url":"https:\/\/www.travelwaxer.com\/wp-content\/uploads\/2015\/03\/title_icon-2.png","contentUrl":"https:\/\/www.travelwaxer.com\/wp-content\/uploads\/2015\/03\/title_icon-2.png","width":154,"height":171,"caption":"Travel Waxer"},"image":{"@id":"https:\/\/www.travelwaxer.com\/sv\/#\/schema\/logo\/image\/"},"sameAs":["https:\/\/www.facebook.com\/travelwaxer"]}]}},"_links":{"self":[{"href":"https:\/\/www.travelwaxer.com\/sv\/wp-json\/wp\/v2\/product\/2352","targetHints":{"allow":["GET"]}}],"collection":[{"href":"https:\/\/www.travelwaxer.com\/sv\/wp-json\/wp\/v2\/product"}],"about":[{"href":"https:\/\/www.travelwaxer.com\/sv\/wp-json\/wp\/v2\/types\/product"}],"replies":[{"embeddable":true,"href":"https:\/\/www.travelwaxer.com\/sv\/wp-json\/wp\/v2\/comments?post=2352"}],"version-history":[{"count":1,"href":"https:\/\/www.travelwaxer.com\/sv\/wp-json\/wp\/v2\/product\/2352\/revisions"}],"predecessor-version":[{"id":2756,"href":"https:\/\/www.travelwaxer.com\/sv\/wp-json\/wp\/v2\/product\/2352\/revisions\/2756"}],"wp:featuredmedia":[{"embeddable":true,"href":"https:\/\/www.travelwaxer.com\/sv\/wp-json\/wp\/v2\/media\/2511"}],"wp:attachment":[{"href":"https:\/\/www.travelwaxer.com\/sv\/wp-json\/wp\/v2\/media?parent=2352"}],"wp:term":[{"taxonomy":"product_brand","embeddable":true,"href":"https:\/\/www.travelwaxer.com\/sv\/wp-json\/wp\/v2\/product_brand?post=2352"},{"taxonomy":"product_cat","embeddable":true,"href":"https:\/\/www.travelwaxer.com\/sv\/wp-json\/wp\/v2\/product_cat?post=2352"},{"taxonomy":"product_tag","embeddable":true,"href":"https:\/\/www.travelwaxer.com\/sv\/wp-json\/wp\/v2\/product_tag?post=2352"}],"curies":[{"name":"wp","href":"https:\/\/api.w.org\/{rel}","templated":true}]}}