	{"id":1612,"date":"2015-03-18T16:25:22","date_gmt":"2015-03-18T16:25:22","guid":{"rendered":"http:\/\/www.travelwaxer.com\/?post_type=product&#038;p=1612"},"modified":"2024-04-07T16:48:44","modified_gmt":"2024-04-07T14:48:44","slug":"travel-waxer-alpine-addon","status":"publish","type":"product","link":"https:\/\/www.travelwaxer.com\/sv\/produkt\/travel-waxer-alpine-addon\/","title":{"rendered":"Travel Waxer Alpine AddOn"},"content":{"rendered":"<ul>\n<li>Passar alla bindningar &#8211; alpinadaptern kan st\u00e4llas in stegl\u00f6st f\u00f6r pj\u00e4xstorlekar fr\u00e5n 31 till 49<\/li>\n<li>Fungerar ocks\u00e5 f\u00f6r kantslipning &#8211; placera bara skidan p\u00e5 h\u00f6gkant i alpinprofilerna<\/li>\n<li>Alpinadapter g\u00f6r att skistoppers \u00e5ker upp och \u00e4r ej i v\u00e4gen vid vallning<\/li>\n<\/ul>\n","protected":false},"excerpt":{"rendered":"<p>F\u00f6r dig som har Travel Waxer XC (f\u00f6r l\u00e4ngdskidor). Med det h\u00e4r till\u00e4gget kan du b\u00e5de valla och kantslipa dina slomskidor. Detta till ett mycket konkurrenskraftigt pris j\u00e4mf\u00f6rt med att k\u00f6pa ett rent alpinst\u00e4ll. Skidan sitter mycket stadigt och belaget kan bearbetas fritt. <\/p>\n<p>Alpine AddOn best\u00e5r av en alpinadapter och tv\u00e5 alpinprofiler. Alpinadaptern g\u00f6r att du kan du f\u00e4sta dina alpinskidor i Travel Waxer och alpinprofilerna m\u00f6jligg\u00f6r b\u00e5de vallning och kantslipning.<\/p>\n","protected":false},"featured_media":5524,"comment_status":"open","ping_status":"closed","template":"","meta":{"footnotes":""},"product_brand":[],"product_cat":[39],"product_tag":[],"class_list":{"0":"post-1612","1":"product","2":"type-product","3":"status-publish","4":"has-post-thumbnail","6":"product_cat-tillbehor","8":"first","9":"instock","10":"taxable","11":"shipping-taxable","12":"purchasable","13":"product-type-simple"},"yoast_head":"<!-- This site is optimized with the Yoast SEO plugin v27.6 - https:\/\/yoast.com\/product\/yoast-seo-wordpress\/ -->\n<title>Travel Waxer Alpine AddOn | Travel Waxer<\/title>\n<meta name=\"description\" content=\"Travel Waxer Alpine AddOn | Travel Waxer\" \/>\n<meta name=\"robots\" content=\"index, follow, max-snippet:-1, max-image-preview:large, max-video-preview:-1\" \/>\n<link rel=\"canonical\" href=\"https:\/\/www.travelwaxer.com\/sv\/produkt\/travel-waxer-alpine-addon\/\" \/>\n<meta property=\"og:locale\" content=\"sv_SE\" \/>\n<meta property=\"og:type\" content=\"article\" \/>\n<meta property=\"og:title\" content=\"Travel Waxer Alpine AddOn | Travel Waxer\" \/>\n<meta property=\"og:description\" content=\"Travel Waxer Alpine AddOn | Travel Waxer\" \/>\n<meta property=\"og:url\" content=\"https:\/\/www.travelwaxer.com\/sv\/produkt\/travel-waxer-alpine-addon\/\" \/>\n<meta property=\"og:site_name\" content=\"Travel Waxer\" \/>\n<meta property=\"article:publisher\" content=\"https:\/\/www.facebook.com\/travelwaxer\" \/>\n<meta property=\"article:modified_time\" content=\"2024-04-07T14:48:44+00:00\" \/>\n<meta property=\"og:image\" content=\"https:\/\/i0.wp.com\/www.travelwaxer.com\/wp-content\/uploads\/2015\/03\/TWALPAO_featured_1200x750.jpg?fit=1200%2C750&ssl=1\" \/>\n\t<meta property=\"og:image:width\" content=\"1200\" \/>\n\t<meta property=\"og:image:height\" content=\"750\" \/>\n\t<meta property=\"og:image:type\" content=\"image\/jpeg\" \/>\n<meta name=\"twitter:card\" content=\"summary_large_image\" \/>\n<script type=\"application\/ld+json\" class=\"yoast-schema-graph\">{\"@context\":\"https:\\\/\\\/schema.org\",\"@graph\":[{\"@type\":[\"WebPage\",\"ItemPage\"],\"@id\":\"https:\\\/\\\/www.travelwaxer.com\\\/sv\\\/produkt\\\/travel-waxer-alpine-addon\\\/\",\"url\":\"https:\\\/\\\/www.travelwaxer.com\\\/sv\\\/produkt\\\/travel-waxer-alpine-addon\\\/\",\"name\":\"Travel Waxer Alpine AddOn | Travel Waxer\",\"isPartOf\":{\"@id\":\"https:\\\/\\\/www.travelwaxer.com\\\/sv\\\/#website\"},\"primaryImageOfPage\":{\"@id\":\"https:\\\/\\\/www.travelwaxer.com\\\/sv\\\/produkt\\\/travel-waxer-alpine-addon\\\/#primaryimage\"},\"image\":{\"@id\":\"https:\\\/\\\/www.travelwaxer.com\\\/sv\\\/produkt\\\/travel-waxer-alpine-addon\\\/#primaryimage\"},\"thumbnailUrl\":\"https:\\\/\\\/www.travelwaxer.com\\\/wp-content\\\/uploads\\\/ALPAO_all_parts.jpg\",\"datePublished\":\"2015-03-18T16:25:22+00:00\",\"dateModified\":\"2024-04-07T14:48:44+00:00\",\"description\":\"Travel Waxer Alpine AddOn | Travel Waxer\",\"breadcrumb\":{\"@id\":\"https:\\\/\\\/www.travelwaxer.com\\\/sv\\\/produkt\\\/travel-waxer-alpine-addon\\\/#breadcrumb\"},\"inLanguage\":\"sv-SE\",\"potentialAction\":[{\"@type\":\"ReadAction\",\"target\":[\"https:\\\/\\\/www.travelwaxer.com\\\/sv\\\/produkt\\\/travel-waxer-alpine-addon\\\/\"]}]},{\"@type\":\"ImageObject\",\"inLanguage\":\"sv-SE\",\"@id\":\"https:\\\/\\\/www.travelwaxer.com\\\/sv\\\/produkt\\\/travel-waxer-alpine-addon\\\/#primaryimage\",\"url\":\"https:\\\/\\\/www.travelwaxer.com\\\/wp-content\\\/uploads\\\/ALPAO_all_parts.jpg\",\"contentUrl\":\"https:\\\/\\\/www.travelwaxer.com\\\/wp-content\\\/uploads\\\/ALPAO_all_parts.jpg\",\"width\":1361,\"height\":1361},{\"@type\":\"BreadcrumbList\",\"@id\":\"https:\\\/\\\/www.travelwaxer.com\\\/sv\\\/produkt\\\/travel-waxer-alpine-addon\\\/#breadcrumb\",\"itemListElement\":[{\"@type\":\"ListItem\",\"position\":1,\"name\":\"Hem\",\"item\":\"https:\\\/\\\/www.travelwaxer.com\\\/sv\\\/vallastall-for-langd-och-alpint\\\/\"},{\"@type\":\"ListItem\",\"position\":2,\"name\":\"Produkter\",\"item\":\"https:\\\/\\\/www.travelwaxer.com\\\/sv\\\/shop\\\/\"},{\"@type\":\"ListItem\",\"position\":3,\"name\":\"Travel Waxer Alpine AddOn\"}]},{\"@type\":\"WebSite\",\"@id\":\"https:\\\/\\\/www.travelwaxer.com\\\/sv\\\/#website\",\"url\":\"https:\\\/\\\/www.travelwaxer.com\\\/sv\\\/\",\"name\":\"Travel Waxer\",\"description\":\"Vallast\u00e4ll f\u00f6r l\u00e4ngd- och slalomskidor\",\"publisher\":{\"@id\":\"https:\\\/\\\/www.travelwaxer.com\\\/sv\\\/#organization\"},\"potentialAction\":[{\"@type\":\"SearchAction\",\"target\":{\"@type\":\"EntryPoint\",\"urlTemplate\":\"https:\\\/\\\/www.travelwaxer.com\\\/sv\\\/?s={search_term_string}\"},\"query-input\":{\"@type\":\"PropertyValueSpecification\",\"valueRequired\":true,\"valueName\":\"search_term_string\"}}],\"inLanguage\":\"sv-SE\"},{\"@type\":\"Organization\",\"@id\":\"https:\\\/\\\/www.travelwaxer.com\\\/sv\\\/#organization\",\"name\":\"Travel Waxer\",\"url\":\"https:\\\/\\\/www.travelwaxer.com\\\/sv\\\/\",\"logo\":{\"@type\":\"ImageObject\",\"inLanguage\":\"sv-SE\",\"@id\":\"https:\\\/\\\/www.travelwaxer.com\\\/sv\\\/#\\\/schema\\\/logo\\\/image\\\/\",\"url\":\"https:\\\/\\\/www.travelwaxer.com\\\/wp-content\\\/uploads\\\/2015\\\/03\\\/title_icon-2.png\",\"contentUrl\":\"https:\\\/\\\/www.travelwaxer.com\\\/wp-content\\\/uploads\\\/2015\\\/03\\\/title_icon-2.png\",\"width\":154,\"height\":171,\"caption\":\"Travel Waxer\"},\"image\":{\"@id\":\"https:\\\/\\\/www.travelwaxer.com\\\/sv\\\/#\\\/schema\\\/logo\\\/image\\\/\"},\"sameAs\":[\"https:\\\/\\\/www.facebook.com\\\/travelwaxer\"]}]}<\/script>\n<!-- \/ Yoast SEO plugin. -->","yoast_head_json":{"title":"Travel Waxer Alpine AddOn | Travel Waxer","description":"Travel Waxer Alpine AddOn | Travel Waxer","robots":{"index":"index","follow":"follow","max-snippet":"max-snippet:-1","max-image-preview":"max-image-preview:large","max-video-preview":"max-video-preview:-1"},"canonical":"https:\/\/www.travelwaxer.com\/sv\/produkt\/travel-waxer-alpine-addon\/","og_locale":"sv_SE","og_type":"article","og_title":"Travel Waxer Alpine AddOn | Travel Waxer","og_description":"Travel Waxer Alpine AddOn | Travel Waxer","og_url":"https:\/\/www.travelwaxer.com\/sv\/produkt\/travel-waxer-alpine-addon\/","og_site_name":"Travel Waxer","article_publisher":"https:\/\/www.facebook.com\/travelwaxer","article_modified_time":"2024-04-07T14:48:44+00:00","og_image":[{"width":1200,"height":750,"url":"https:\/\/i0.wp.com\/www.travelwaxer.com\/wp-content\/uploads\/2015\/03\/TWALPAO_featured_1200x750.jpg?fit=1200%2C750&ssl=1","type":"image\/jpeg"}],"twitter_card":"summary_large_image","schema":{"@context":"https:\/\/schema.org","@graph":[{"@type":["WebPage","ItemPage"],"@id":"https:\/\/www.travelwaxer.com\/sv\/produkt\/travel-waxer-alpine-addon\/","url":"https:\/\/www.travelwaxer.com\/sv\/produkt\/travel-waxer-alpine-addon\/","name":"Travel Waxer Alpine AddOn | Travel Waxer","isPartOf":{"@id":"https:\/\/www.travelwaxer.com\/sv\/#website"},"primaryImageOfPage":{"@id":"https:\/\/www.travelwaxer.com\/sv\/produkt\/travel-waxer-alpine-addon\/#primaryimage"},"image":{"@id":"https:\/\/www.travelwaxer.com\/sv\/produkt\/travel-waxer-alpine-addon\/#primaryimage"},"thumbnailUrl":"https:\/\/www.travelwaxer.com\/wp-content\/uploads\/ALPAO_all_parts.jpg","datePublished":"2015-03-18T16:25:22+00:00","dateModified":"2024-04-07T14:48:44+00:00","description":"Travel Waxer Alpine AddOn | Travel Waxer","breadcrumb":{"@id":"https:\/\/www.travelwaxer.com\/sv\/produkt\/travel-waxer-alpine-addon\/#breadcrumb"},"inLanguage":"sv-SE","potentialAction":[{"@type":"ReadAction","target":["https:\/\/www.travelwaxer.com\/sv\/produkt\/travel-waxer-alpine-addon\/"]}]},{"@type":"ImageObject","inLanguage":"sv-SE","@id":"https:\/\/www.travelwaxer.com\/sv\/produkt\/travel-waxer-alpine-addon\/#primaryimage","url":"https:\/\/www.travelwaxer.com\/wp-content\/uploads\/ALPAO_all_parts.jpg","contentUrl":"https:\/\/www.travelwaxer.com\/wp-content\/uploads\/ALPAO_all_parts.jpg","width":1361,"height":1361},{"@type":"BreadcrumbList","@id":"https:\/\/www.travelwaxer.com\/sv\/produkt\/travel-waxer-alpine-addon\/#breadcrumb","itemListElement":[{"@type":"ListItem","position":1,"name":"Hem","item":"https:\/\/www.travelwaxer.com\/sv\/vallastall-for-langd-och-alpint\/"},{"@type":"ListItem","position":2,"name":"Produkter","item":"https:\/\/www.travelwaxer.com\/sv\/shop\/"},{"@type":"ListItem","position":3,"name":"Travel Waxer Alpine AddOn"}]},{"@type":"WebSite","@id":"https:\/\/www.travelwaxer.com\/sv\/#website","url":"https:\/\/www.travelwaxer.com\/sv\/","name":"Travel Waxer","description":"Vallast\u00e4ll f\u00f6r l\u00e4ngd- och slalomskidor","publisher":{"@id":"https:\/\/www.travelwaxer.com\/sv\/#organization"},"potentialAction":[{"@type":"SearchAction","target":{"@type":"EntryPoint","urlTemplate":"https:\/\/www.travelwaxer.com\/sv\/?s={search_term_string}"},"query-input":{"@type":"PropertyValueSpecification","valueRequired":true,"valueName":"search_term_string"}}],"inLanguage":"sv-SE"},{"@type":"Organization","@id":"https:\/\/www.travelwaxer.com\/sv\/#organization","name":"Travel Waxer","url":"https:\/\/www.travelwaxer.com\/sv\/","logo":{"@type":"ImageObject","inLanguage":"sv-SE","@id":"https:\/\/www.travelwaxer.com\/sv\/#\/schema\/logo\/image\/","url":"https:\/\/www.travelwaxer.com\/wp-content\/uploads\/2015\/03\/title_icon-2.png","contentUrl":"https:\/\/www.travelwaxer.com\/wp-content\/uploads\/2015\/03\/title_icon-2.png","width":154,"height":171,"caption":"Travel Waxer"},"image":{"@id":"https:\/\/www.travelwaxer.com\/sv\/#\/schema\/logo\/image\/"},"sameAs":["https:\/\/www.facebook.com\/travelwaxer"]}]}},"_links":{"self":[{"href":"https:\/\/www.travelwaxer.com\/sv\/wp-json\/wp\/v2\/product\/1612","targetHints":{"allow":["GET"]}}],"collection":[{"href":"https:\/\/www.travelwaxer.com\/sv\/wp-json\/wp\/v2\/product"}],"about":[{"href":"https:\/\/www.travelwaxer.com\/sv\/wp-json\/wp\/v2\/types\/product"}],"replies":[{"embeddable":true,"href":"https:\/\/www.travelwaxer.com\/sv\/wp-json\/wp\/v2\/comments?post=1612"}],"version-history":[{"count":1,"href":"https:\/\/www.travelwaxer.com\/sv\/wp-json\/wp\/v2\/product\/1612\/revisions"}],"predecessor-version":[{"id":2763,"href":"https:\/\/www.travelwaxer.com\/sv\/wp-json\/wp\/v2\/product\/1612\/revisions\/2763"}],"wp:featuredmedia":[{"embeddable":true,"href":"https:\/\/www.travelwaxer.com\/sv\/wp-json\/wp\/v2\/media\/5524"}],"wp:attachment":[{"href":"https:\/\/www.travelwaxer.com\/sv\/wp-json\/wp\/v2\/media?parent=1612"}],"wp:term":[{"taxonomy":"product_brand","embeddable":true,"href":"https:\/\/www.travelwaxer.com\/sv\/wp-json\/wp\/v2\/product_brand?post=1612"},{"taxonomy":"product_cat","embeddable":true,"href":"https:\/\/www.travelwaxer.com\/sv\/wp-json\/wp\/v2\/product_cat?post=1612"},{"taxonomy":"product_tag","embeddable":true,"href":"https:\/\/www.travelwaxer.com\/sv\/wp-json\/wp\/v2\/product_tag?post=1612"}],"curies":[{"name":"wp","href":"https:\/\/api.w.org\/{rel}","templated":true}]}}