	{"id":1609,"date":"2015-03-17T11:21:38","date_gmt":"2015-03-17T11:21:38","guid":{"rendered":"http:\/\/www.travelwaxer.com\/?post_type=product&#038;p=1609"},"modified":"2026-03-22T21:40:18","modified_gmt":"2026-03-22T20:40:18","slug":"travel-waxer-bench","status":"publish","type":"product","link":"https:\/\/www.travelwaxer.com\/sv\/produkt\/travel-waxer-bench\/","title":{"rendered":"Travel Waxer Bench"},"content":{"rendered":"<ul>\n<li>Kompakt design g\u00f6r att den f\u00e5r plats i ditt skidfodral.<\/li>\n<li>L\u00e4tt att ta med sig, enkel att s\u00e4tta upp.<\/li>\n<li>H\u00f6g stabilitet trots l\u00e5g vikt<\/li>\n<li>Arbetsh\u00f6jd 90 cm<\/li>\n<li>G\u00e5r att f\u00e4sta bordsvallast\u00e4ll fr\u00e5n andra m\u00e4rket p\u00e5. Kolla sj\u00e4lv m\u00e5tten om det funkar! \u00d6verliggaren p\u00e5 b\u00e4nken \u00e4r 2 cm tjock och 4 cm bred.<\/li>\n<\/ul>\n","protected":false},"excerpt":{"rendered":"<p>Har du redan ett av Travel Waxers bordsvallast\u00e4ll? Eller kanske ett bordsvallast\u00e4ll av ett annat m\u00e4rke? Vill du enkelt kunna valla utomhus intill skidsp\u00e5ret eller slalombacken? D\u00e5 \u00e4r vallab\u00e4nken Travel Waxer Bench det du letar efter. Med sina 2.5 kg \u00e4r det h\u00e4r den l\u00e4ttaste och mest transportv\u00e4nliga vallab\u00e4nken p\u00e5 marknaden.<\/p>\n<p>Travel Waxer Bench kommer i en praktisk b\u00e4rp\u00e5se. Den kompakta vallab\u00e4nken f\u00e4lls med n\u00e5gra f\u00e5 handgrepp upp genom att vika ut stagen.<\/p>\n","protected":false},"featured_media":2516,"comment_status":"open","ping_status":"closed","template":"","meta":{"footnotes":""},"product_brand":[],"product_cat":[39],"product_tag":[],"class_list":{"0":"post-1609","1":"product","2":"type-product","3":"status-publish","4":"has-post-thumbnail","6":"product_cat-tillbehor","8":"first","9":"instock","10":"taxable","11":"shipping-taxable","12":"purchasable","13":"product-type-simple"},"yoast_head":"<!-- This site is optimized with the Yoast SEO plugin v27.6 - https:\/\/yoast.com\/product\/yoast-seo-wordpress\/ -->\n<title>Travel Waxer Bench | Travel Waxer<\/title>\n<meta name=\"description\" content=\"Travel Waxer Bench | Travel Waxer\" \/>\n<meta name=\"robots\" content=\"index, follow, max-snippet:-1, max-image-preview:large, max-video-preview:-1\" \/>\n<link rel=\"canonical\" href=\"https:\/\/www.travelwaxer.com\/sv\/produkt\/travel-waxer-bench\/\" \/>\n<meta property=\"og:locale\" content=\"sv_SE\" \/>\n<meta property=\"og:type\" content=\"article\" \/>\n<meta property=\"og:title\" content=\"Travel Waxer Bench | Travel Waxer\" \/>\n<meta property=\"og:description\" content=\"Travel Waxer Bench | Travel Waxer\" \/>\n<meta property=\"og:url\" content=\"https:\/\/www.travelwaxer.com\/sv\/produkt\/travel-waxer-bench\/\" \/>\n<meta property=\"og:site_name\" content=\"Travel Waxer\" \/>\n<meta property=\"article:publisher\" content=\"https:\/\/www.facebook.com\/travelwaxer\" \/>\n<meta property=\"article:modified_time\" content=\"2026-03-22T20:40:18+00:00\" \/>\n<meta property=\"og:image\" content=\"https:\/\/www.travelwaxer.com\/wp-content\/uploads\/2016\/09\/TWB_1200x750.jpg\" \/>\n\t<meta property=\"og:image:width\" content=\"1200\" \/>\n\t<meta property=\"og:image:height\" content=\"750\" \/>\n\t<meta property=\"og:image:type\" content=\"image\/jpeg\" \/>\n<meta name=\"twitter:card\" content=\"summary_large_image\" \/>\n<meta name=\"twitter:label1\" content=\"Ber\u00e4knad l\u00e4stid\" \/>\n\t<meta name=\"twitter:data1\" content=\"1 minut\" \/>\n<script type=\"application\/ld+json\" class=\"yoast-schema-graph\">{\"@context\":\"https:\\\/\\\/schema.org\",\"@graph\":[{\"@type\":[\"WebPage\",\"ItemPage\"],\"@id\":\"https:\\\/\\\/www.travelwaxer.com\\\/sv\\\/produkt\\\/travel-waxer-bench\\\/\",\"url\":\"https:\\\/\\\/www.travelwaxer.com\\\/sv\\\/produkt\\\/travel-waxer-bench\\\/\",\"name\":\"Travel Waxer Bench | Travel Waxer\",\"isPartOf\":{\"@id\":\"https:\\\/\\\/www.travelwaxer.com\\\/sv\\\/#website\"},\"primaryImageOfPage\":{\"@id\":\"https:\\\/\\\/www.travelwaxer.com\\\/sv\\\/produkt\\\/travel-waxer-bench\\\/#primaryimage\"},\"image\":{\"@id\":\"https:\\\/\\\/www.travelwaxer.com\\\/sv\\\/produkt\\\/travel-waxer-bench\\\/#primaryimage\"},\"thumbnailUrl\":\"https:\\\/\\\/www.travelwaxer.com\\\/wp-content\\\/uploads\\\/2016\\\/09\\\/TWB_1200x750.jpg\",\"datePublished\":\"2015-03-17T11:21:38+00:00\",\"dateModified\":\"2026-03-22T20:40:18+00:00\",\"description\":\"Travel Waxer Bench | Travel Waxer\",\"breadcrumb\":{\"@id\":\"https:\\\/\\\/www.travelwaxer.com\\\/sv\\\/produkt\\\/travel-waxer-bench\\\/#breadcrumb\"},\"inLanguage\":\"sv-SE\",\"potentialAction\":[{\"@type\":\"ReadAction\",\"target\":[\"https:\\\/\\\/www.travelwaxer.com\\\/sv\\\/produkt\\\/travel-waxer-bench\\\/\"]}]},{\"@type\":\"ImageObject\",\"inLanguage\":\"sv-SE\",\"@id\":\"https:\\\/\\\/www.travelwaxer.com\\\/sv\\\/produkt\\\/travel-waxer-bench\\\/#primaryimage\",\"url\":\"https:\\\/\\\/www.travelwaxer.com\\\/wp-content\\\/uploads\\\/2016\\\/09\\\/TWB_1200x750.jpg\",\"contentUrl\":\"https:\\\/\\\/www.travelwaxer.com\\\/wp-content\\\/uploads\\\/2016\\\/09\\\/TWB_1200x750.jpg\",\"width\":1200,\"height\":750,\"caption\":\"Travel Waxer Bench uppf\u00e4lld\"},{\"@type\":\"BreadcrumbList\",\"@id\":\"https:\\\/\\\/www.travelwaxer.com\\\/sv\\\/produkt\\\/travel-waxer-bench\\\/#breadcrumb\",\"itemListElement\":[{\"@type\":\"ListItem\",\"position\":1,\"name\":\"Hem\",\"item\":\"https:\\\/\\\/www.travelwaxer.com\\\/sv\\\/vallastall-for-langd-och-alpint\\\/\"},{\"@type\":\"ListItem\",\"position\":2,\"name\":\"Produkter\",\"item\":\"https:\\\/\\\/www.travelwaxer.com\\\/sv\\\/shop\\\/\"},{\"@type\":\"ListItem\",\"position\":3,\"name\":\"Travel Waxer Bench\"}]},{\"@type\":\"WebSite\",\"@id\":\"https:\\\/\\\/www.travelwaxer.com\\\/sv\\\/#website\",\"url\":\"https:\\\/\\\/www.travelwaxer.com\\\/sv\\\/\",\"name\":\"Travel Waxer\",\"description\":\"Vallast\u00e4ll f\u00f6r l\u00e4ngd- och slalomskidor\",\"publisher\":{\"@id\":\"https:\\\/\\\/www.travelwaxer.com\\\/sv\\\/#organization\"},\"potentialAction\":[{\"@type\":\"SearchAction\",\"target\":{\"@type\":\"EntryPoint\",\"urlTemplate\":\"https:\\\/\\\/www.travelwaxer.com\\\/sv\\\/?s={search_term_string}\"},\"query-input\":{\"@type\":\"PropertyValueSpecification\",\"valueRequired\":true,\"valueName\":\"search_term_string\"}}],\"inLanguage\":\"sv-SE\"},{\"@type\":\"Organization\",\"@id\":\"https:\\\/\\\/www.travelwaxer.com\\\/sv\\\/#organization\",\"name\":\"Travel Waxer\",\"url\":\"https:\\\/\\\/www.travelwaxer.com\\\/sv\\\/\",\"logo\":{\"@type\":\"ImageObject\",\"inLanguage\":\"sv-SE\",\"@id\":\"https:\\\/\\\/www.travelwaxer.com\\\/sv\\\/#\\\/schema\\\/logo\\\/image\\\/\",\"url\":\"https:\\\/\\\/www.travelwaxer.com\\\/wp-content\\\/uploads\\\/2015\\\/03\\\/title_icon-2.png\",\"contentUrl\":\"https:\\\/\\\/www.travelwaxer.com\\\/wp-content\\\/uploads\\\/2015\\\/03\\\/title_icon-2.png\",\"width\":154,\"height\":171,\"caption\":\"Travel Waxer\"},\"image\":{\"@id\":\"https:\\\/\\\/www.travelwaxer.com\\\/sv\\\/#\\\/schema\\\/logo\\\/image\\\/\"},\"sameAs\":[\"https:\\\/\\\/www.facebook.com\\\/travelwaxer\"]}]}<\/script>\n<!-- \/ Yoast SEO plugin. -->","yoast_head_json":{"title":"Travel Waxer Bench | Travel Waxer","description":"Travel Waxer Bench | Travel Waxer","robots":{"index":"index","follow":"follow","max-snippet":"max-snippet:-1","max-image-preview":"max-image-preview:large","max-video-preview":"max-video-preview:-1"},"canonical":"https:\/\/www.travelwaxer.com\/sv\/produkt\/travel-waxer-bench\/","og_locale":"sv_SE","og_type":"article","og_title":"Travel Waxer Bench | Travel Waxer","og_description":"Travel Waxer Bench | Travel Waxer","og_url":"https:\/\/www.travelwaxer.com\/sv\/produkt\/travel-waxer-bench\/","og_site_name":"Travel Waxer","article_publisher":"https:\/\/www.facebook.com\/travelwaxer","article_modified_time":"2026-03-22T20:40:18+00:00","og_image":[{"width":1200,"height":750,"url":"https:\/\/www.travelwaxer.com\/wp-content\/uploads\/2016\/09\/TWB_1200x750.jpg","type":"image\/jpeg"}],"twitter_card":"summary_large_image","twitter_misc":{"Ber\u00e4knad l\u00e4stid":"1 minut"},"schema":{"@context":"https:\/\/schema.org","@graph":[{"@type":["WebPage","ItemPage"],"@id":"https:\/\/www.travelwaxer.com\/sv\/produkt\/travel-waxer-bench\/","url":"https:\/\/www.travelwaxer.com\/sv\/produkt\/travel-waxer-bench\/","name":"Travel Waxer Bench | Travel Waxer","isPartOf":{"@id":"https:\/\/www.travelwaxer.com\/sv\/#website"},"primaryImageOfPage":{"@id":"https:\/\/www.travelwaxer.com\/sv\/produkt\/travel-waxer-bench\/#primaryimage"},"image":{"@id":"https:\/\/www.travelwaxer.com\/sv\/produkt\/travel-waxer-bench\/#primaryimage"},"thumbnailUrl":"https:\/\/www.travelwaxer.com\/wp-content\/uploads\/2016\/09\/TWB_1200x750.jpg","datePublished":"2015-03-17T11:21:38+00:00","dateModified":"2026-03-22T20:40:18+00:00","description":"Travel Waxer Bench | Travel Waxer","breadcrumb":{"@id":"https:\/\/www.travelwaxer.com\/sv\/produkt\/travel-waxer-bench\/#breadcrumb"},"inLanguage":"sv-SE","potentialAction":[{"@type":"ReadAction","target":["https:\/\/www.travelwaxer.com\/sv\/produkt\/travel-waxer-bench\/"]}]},{"@type":"ImageObject","inLanguage":"sv-SE","@id":"https:\/\/www.travelwaxer.com\/sv\/produkt\/travel-waxer-bench\/#primaryimage","url":"https:\/\/www.travelwaxer.com\/wp-content\/uploads\/2016\/09\/TWB_1200x750.jpg","contentUrl":"https:\/\/www.travelwaxer.com\/wp-content\/uploads\/2016\/09\/TWB_1200x750.jpg","width":1200,"height":750,"caption":"Travel Waxer Bench uppf\u00e4lld"},{"@type":"BreadcrumbList","@id":"https:\/\/www.travelwaxer.com\/sv\/produkt\/travel-waxer-bench\/#breadcrumb","itemListElement":[{"@type":"ListItem","position":1,"name":"Hem","item":"https:\/\/www.travelwaxer.com\/sv\/vallastall-for-langd-och-alpint\/"},{"@type":"ListItem","position":2,"name":"Produkter","item":"https:\/\/www.travelwaxer.com\/sv\/shop\/"},{"@type":"ListItem","position":3,"name":"Travel Waxer Bench"}]},{"@type":"WebSite","@id":"https:\/\/www.travelwaxer.com\/sv\/#website","url":"https:\/\/www.travelwaxer.com\/sv\/","name":"Travel Waxer","description":"Vallast\u00e4ll f\u00f6r l\u00e4ngd- och slalomskidor","publisher":{"@id":"https:\/\/www.travelwaxer.com\/sv\/#organization"},"potentialAction":[{"@type":"SearchAction","target":{"@type":"EntryPoint","urlTemplate":"https:\/\/www.travelwaxer.com\/sv\/?s={search_term_string}"},"query-input":{"@type":"PropertyValueSpecification","valueRequired":true,"valueName":"search_term_string"}}],"inLanguage":"sv-SE"},{"@type":"Organization","@id":"https:\/\/www.travelwaxer.com\/sv\/#organization","name":"Travel Waxer","url":"https:\/\/www.travelwaxer.com\/sv\/","logo":{"@type":"ImageObject","inLanguage":"sv-SE","@id":"https:\/\/www.travelwaxer.com\/sv\/#\/schema\/logo\/image\/","url":"https:\/\/www.travelwaxer.com\/wp-content\/uploads\/2015\/03\/title_icon-2.png","contentUrl":"https:\/\/www.travelwaxer.com\/wp-content\/uploads\/2015\/03\/title_icon-2.png","width":154,"height":171,"caption":"Travel Waxer"},"image":{"@id":"https:\/\/www.travelwaxer.com\/sv\/#\/schema\/logo\/image\/"},"sameAs":["https:\/\/www.facebook.com\/travelwaxer"]}]}},"_links":{"self":[{"href":"https:\/\/www.travelwaxer.com\/sv\/wp-json\/wp\/v2\/product\/1609","targetHints":{"allow":["GET"]}}],"collection":[{"href":"https:\/\/www.travelwaxer.com\/sv\/wp-json\/wp\/v2\/product"}],"about":[{"href":"https:\/\/www.travelwaxer.com\/sv\/wp-json\/wp\/v2\/types\/product"}],"replies":[{"embeddable":true,"href":"https:\/\/www.travelwaxer.com\/sv\/wp-json\/wp\/v2\/comments?post=1609"}],"version-history":[{"count":2,"href":"https:\/\/www.travelwaxer.com\/sv\/wp-json\/wp\/v2\/product\/1609\/revisions"}],"predecessor-version":[{"id":5894,"href":"https:\/\/www.travelwaxer.com\/sv\/wp-json\/wp\/v2\/product\/1609\/revisions\/5894"}],"wp:featuredmedia":[{"embeddable":true,"href":"https:\/\/www.travelwaxer.com\/sv\/wp-json\/wp\/v2\/media\/2516"}],"wp:attachment":[{"href":"https:\/\/www.travelwaxer.com\/sv\/wp-json\/wp\/v2\/media?parent=1609"}],"wp:term":[{"taxonomy":"product_brand","embeddable":true,"href":"https:\/\/www.travelwaxer.com\/sv\/wp-json\/wp\/v2\/product_brand?post=1609"},{"taxonomy":"product_cat","embeddable":true,"href":"https:\/\/www.travelwaxer.com\/sv\/wp-json\/wp\/v2\/product_cat?post=1609"},{"taxonomy":"product_tag","embeddable":true,"href":"https:\/\/www.travelwaxer.com\/sv\/wp-json\/wp\/v2\/product_tag?post=1609"}],"curies":[{"name":"wp","href":"https:\/\/api.w.org\/{rel}","templated":true}]}}