	{"id":1604,"date":"2014-03-17T11:42:39","date_gmt":"2014-03-17T10:42:39","guid":{"rendered":"http:\/\/www.travelwaxer.com\/?post_type=product&#038;p=1604"},"modified":"2026-02-07T17:00:00","modified_gmt":"2026-02-07T16:00:00","slug":"vallabank-alpinskidor","status":"publish","type":"product","link":"https:\/\/www.travelwaxer.com\/sv\/produkt\/vallabank-alpinskidor\/","title":{"rendered":"Travel Waxer Bench Alpine"},"content":{"rendered":"<p>Bench Alpine \u00e4r en kompakt vallab\u00e4nk f\u00f6r alpint:<\/p>\n<ul>\n<li>B\u00e5de b\u00e4nken ryms enkelt i ditt skidfodral, vilket g\u00f6r det optimalt f\u00f6r flygresor. B\u00e4nken med tillbeh\u00f6r v\u00e4ger bara 5 kg.<\/li>\n<li>Placera bara skidan p\u00e5 h\u00f6gkant i alpinprofilerna f\u00f6r kantslipning<\/li>\n<li>Alpinadapter g\u00f6r att skistoppers \u00e5ker upp och \u00e4r ej i v\u00e4gen vid vallning<\/li>\n<li>Fungerar ocks\u00e5 f\u00f6r Alpine Touring bindningen Tech\/Dynafit\/Randonn\u00e9e<\/li>\n<li>Alpinadaptern kan st\u00e4llas in stegl\u00f6st f\u00f6r pj\u00e4xstorlekar fr\u00e5n 31 till 49<\/li>\n<li>Tvingarna kan anv\u00e4ndas ocks\u00e5 p\u00e5 ett bord<\/li>\n<li>Tvingarna klarar en tjocklek p\u00e5 f\u00e4stytan (t ex ett bord) p\u00e5 upp till 6 cm och l\u00e4ngden p\u00e5 f\u00e4stytan b\u00f6r vara ca 140 cm.<\/li>\n<li>Kan byggas ut med tillbeh\u00f6ret <a href=\"https:\/\/www.travelwaxer.com\/sv\/product\/travel-waxer-xc-addon\/\">Travel Waxer XC AddOn<\/a> f\u00f6r l\u00e4ngdskidvallning<\/li>\n<li>Vill du kunna valla \u00e4ven l\u00e4ngdskidor? Kolla d\u00e5 in v\u00e5rt mest kompletta paket &#8211; <a href=\"https:\/\/www.travelwaxer.com\/sv\/product\/travel-waxer-bench-allski\/\">Travel Waxer Bench Allski<\/a>.<\/li>\n<\/ul>\n","protected":false},"excerpt":{"rendered":"<p>Travel Waxer Bench Alpine \u00e4r till f\u00f6r dig som sj\u00e4lv vallar och\/eller slipar kanterna p\u00e5 dina alpinskidor.<\/p>\n<h3>Varf\u00f6r v\u00e4lja denna produkt?<\/h3>\n<ul>\n<li>St\u00e4llet \u00e4r l\u00e4tt och kompakt<\/li>\n<li>Fungerar ocks\u00e5 f\u00f6r kantslipning<\/li>\n<li>Systemet g\u00f6r att skistoppers ej \u00e4r i v\u00e4gen vid vallning<\/li>\n<li>Fungerar ocks\u00e5 f\u00f6r touringskidor (Tech\/Dynafit\/Randonn\u00e9ebindningar)<\/li>\n<li>Kan kompletteras med l\u00e4ngdmodul om dina behov v\u00e4xer<\/li>\n<\/ul>\n<p>S\u00e5 s\u00e4tts touringskidan fast:<br \/>\n<iframe loading=\"lazy\" src=\"https:\/\/www.youtube.com\/embed\/MQEnZ7xIkLU?si=0F1YZZTogeShDdNT\" width=\"560\" height=\"315\" frameborder=\"0\" allowfullscreen=\"allowfullscreen\"><\/iframe><\/p>\n","protected":false},"featured_media":5595,"comment_status":"open","ping_status":"closed","template":"","meta":{"footnotes":""},"product_brand":[],"product_cat":[65],"product_tag":[],"class_list":{"0":"post-1604","1":"product","2":"type-product","3":"status-publish","4":"has-post-thumbnail","6":"product_cat-vallastall-for-alpinskidor","8":"first","9":"onbackorder","10":"taxable","11":"shipping-taxable","12":"purchasable","13":"product-type-simple"},"yoast_head":"<!-- This site is optimized with the Yoast SEO plugin v27.4 - https:\/\/yoast.com\/product\/yoast-seo-wordpress\/ -->\n<title>Vallab\u00e4nk alpint | Travel Waxer<\/title>\n<meta name=\"description\" content=\"Det h\u00e4r \u00e4r en portabel vallab\u00e4nk f\u00f6r alpint. Den ryms enkelt i ditt skidfodral och v\u00e4ger bara 4,5 kg. Du kan \u00e4ven kantslipa p\u00e5 den h\u00e4r b\u00e4nken.\" \/>\n<meta name=\"robots\" content=\"index, follow, max-snippet:-1, max-image-preview:large, max-video-preview:-1\" \/>\n<link rel=\"canonical\" href=\"https:\/\/www.travelwaxer.com\/sv\/produkt\/vallabank-alpinskidor\/\" \/>\n<meta property=\"og:locale\" content=\"sv_SE\" \/>\n<meta property=\"og:type\" content=\"article\" \/>\n<meta property=\"og:title\" content=\"Vallab\u00e4nk alpint | Travel Waxer\" \/>\n<meta property=\"og:description\" content=\"Det h\u00e4r \u00e4r en portabel vallab\u00e4nk f\u00f6r alpint. Den ryms enkelt i ditt skidfodral och v\u00e4ger bara 4,5 kg. Du kan \u00e4ven kantslipa p\u00e5 den h\u00e4r b\u00e4nken.\" \/>\n<meta property=\"og:url\" content=\"https:\/\/www.travelwaxer.com\/sv\/produkt\/vallabank-alpinskidor\/\" \/>\n<meta property=\"og:site_name\" content=\"Travel Waxer\" \/>\n<meta property=\"article:publisher\" content=\"https:\/\/www.facebook.com\/travelwaxer\" \/>\n<meta property=\"article:modified_time\" content=\"2026-02-07T16:00:00+00:00\" \/>\n<meta property=\"og:image\" content=\"https:\/\/www.travelwaxer.com\/wp-content\/uploads\/TWBALP_featured.jpg\" \/>\n\t<meta property=\"og:image:width\" content=\"500\" \/>\n\t<meta property=\"og:image:height\" content=\"500\" \/>\n\t<meta property=\"og:image:type\" content=\"image\/jpeg\" \/>\n<meta name=\"twitter:card\" content=\"summary_large_image\" \/>\n<meta name=\"twitter:label1\" content=\"Ber\u00e4knad l\u00e4stid\" \/>\n\t<meta name=\"twitter:data1\" content=\"1 minut\" \/>\n<script type=\"application\/ld+json\" class=\"yoast-schema-graph\">{\"@context\":\"https:\\\/\\\/schema.org\",\"@graph\":[{\"@type\":[\"WebPage\",\"ItemPage\"],\"@id\":\"https:\\\/\\\/www.travelwaxer.com\\\/sv\\\/produkt\\\/vallabank-alpinskidor\\\/\",\"url\":\"https:\\\/\\\/www.travelwaxer.com\\\/sv\\\/produkt\\\/vallabank-alpinskidor\\\/\",\"name\":\"Vallab\u00e4nk alpint | Travel Waxer\",\"isPartOf\":{\"@id\":\"https:\\\/\\\/www.travelwaxer.com\\\/sv\\\/#website\"},\"primaryImageOfPage\":{\"@id\":\"https:\\\/\\\/www.travelwaxer.com\\\/sv\\\/produkt\\\/vallabank-alpinskidor\\\/#primaryimage\"},\"image\":{\"@id\":\"https:\\\/\\\/www.travelwaxer.com\\\/sv\\\/produkt\\\/vallabank-alpinskidor\\\/#primaryimage\"},\"thumbnailUrl\":\"https:\\\/\\\/www.travelwaxer.com\\\/wp-content\\\/uploads\\\/TWBALP_featured.jpg\",\"datePublished\":\"2014-03-17T10:42:39+00:00\",\"dateModified\":\"2026-02-07T16:00:00+00:00\",\"description\":\"Det h\u00e4r \u00e4r en portabel vallab\u00e4nk f\u00f6r alpint. Den ryms enkelt i ditt skidfodral och v\u00e4ger bara 4,5 kg. Du kan \u00e4ven kantslipa p\u00e5 den h\u00e4r b\u00e4nken.\",\"breadcrumb\":{\"@id\":\"https:\\\/\\\/www.travelwaxer.com\\\/sv\\\/produkt\\\/vallabank-alpinskidor\\\/#breadcrumb\"},\"inLanguage\":\"sv-SE\",\"potentialAction\":[{\"@type\":\"ReadAction\",\"target\":[\"https:\\\/\\\/www.travelwaxer.com\\\/sv\\\/produkt\\\/vallabank-alpinskidor\\\/\"]}]},{\"@type\":\"ImageObject\",\"inLanguage\":\"sv-SE\",\"@id\":\"https:\\\/\\\/www.travelwaxer.com\\\/sv\\\/produkt\\\/vallabank-alpinskidor\\\/#primaryimage\",\"url\":\"https:\\\/\\\/www.travelwaxer.com\\\/wp-content\\\/uploads\\\/TWBALP_featured.jpg\",\"contentUrl\":\"https:\\\/\\\/www.travelwaxer.com\\\/wp-content\\\/uploads\\\/TWBALP_featured.jpg\",\"width\":500,\"height\":500,\"caption\":\"Travel Waxer Bench Alpine\"},{\"@type\":\"BreadcrumbList\",\"@id\":\"https:\\\/\\\/www.travelwaxer.com\\\/sv\\\/produkt\\\/vallabank-alpinskidor\\\/#breadcrumb\",\"itemListElement\":[{\"@type\":\"ListItem\",\"position\":1,\"name\":\"Hem\",\"item\":\"https:\\\/\\\/www.travelwaxer.com\\\/sv\\\/vallastall-for-langd-och-alpint\\\/\"},{\"@type\":\"ListItem\",\"position\":2,\"name\":\"Produkter\",\"item\":\"https:\\\/\\\/www.travelwaxer.com\\\/sv\\\/shop\\\/\"},{\"@type\":\"ListItem\",\"position\":3,\"name\":\"Travel Waxer Bench Alpine\"}]},{\"@type\":\"WebSite\",\"@id\":\"https:\\\/\\\/www.travelwaxer.com\\\/sv\\\/#website\",\"url\":\"https:\\\/\\\/www.travelwaxer.com\\\/sv\\\/\",\"name\":\"Travel Waxer\",\"description\":\"Vallast\u00e4ll f\u00f6r l\u00e4ngd- och slalomskidor\",\"publisher\":{\"@id\":\"https:\\\/\\\/www.travelwaxer.com\\\/sv\\\/#organization\"},\"potentialAction\":[{\"@type\":\"SearchAction\",\"target\":{\"@type\":\"EntryPoint\",\"urlTemplate\":\"https:\\\/\\\/www.travelwaxer.com\\\/sv\\\/?s={search_term_string}\"},\"query-input\":{\"@type\":\"PropertyValueSpecification\",\"valueRequired\":true,\"valueName\":\"search_term_string\"}}],\"inLanguage\":\"sv-SE\"},{\"@type\":\"Organization\",\"@id\":\"https:\\\/\\\/www.travelwaxer.com\\\/sv\\\/#organization\",\"name\":\"Travel Waxer\",\"url\":\"https:\\\/\\\/www.travelwaxer.com\\\/sv\\\/\",\"logo\":{\"@type\":\"ImageObject\",\"inLanguage\":\"sv-SE\",\"@id\":\"https:\\\/\\\/www.travelwaxer.com\\\/sv\\\/#\\\/schema\\\/logo\\\/image\\\/\",\"url\":\"https:\\\/\\\/www.travelwaxer.com\\\/wp-content\\\/uploads\\\/2015\\\/03\\\/title_icon-2.png\",\"contentUrl\":\"https:\\\/\\\/www.travelwaxer.com\\\/wp-content\\\/uploads\\\/2015\\\/03\\\/title_icon-2.png\",\"width\":154,\"height\":171,\"caption\":\"Travel Waxer\"},\"image\":{\"@id\":\"https:\\\/\\\/www.travelwaxer.com\\\/sv\\\/#\\\/schema\\\/logo\\\/image\\\/\"},\"sameAs\":[\"https:\\\/\\\/www.facebook.com\\\/travelwaxer\"]}]}<\/script>\n<!-- \/ Yoast SEO plugin. -->","yoast_head_json":{"title":"Vallab\u00e4nk alpint | Travel Waxer","description":"Det h\u00e4r \u00e4r en portabel vallab\u00e4nk f\u00f6r alpint. Den ryms enkelt i ditt skidfodral och v\u00e4ger bara 4,5 kg. Du kan \u00e4ven kantslipa p\u00e5 den h\u00e4r b\u00e4nken.","robots":{"index":"index","follow":"follow","max-snippet":"max-snippet:-1","max-image-preview":"max-image-preview:large","max-video-preview":"max-video-preview:-1"},"canonical":"https:\/\/www.travelwaxer.com\/sv\/produkt\/vallabank-alpinskidor\/","og_locale":"sv_SE","og_type":"article","og_title":"Vallab\u00e4nk alpint | Travel Waxer","og_description":"Det h\u00e4r \u00e4r en portabel vallab\u00e4nk f\u00f6r alpint. Den ryms enkelt i ditt skidfodral och v\u00e4ger bara 4,5 kg. Du kan \u00e4ven kantslipa p\u00e5 den h\u00e4r b\u00e4nken.","og_url":"https:\/\/www.travelwaxer.com\/sv\/produkt\/vallabank-alpinskidor\/","og_site_name":"Travel Waxer","article_publisher":"https:\/\/www.facebook.com\/travelwaxer","article_modified_time":"2026-02-07T16:00:00+00:00","og_image":[{"width":500,"height":500,"url":"https:\/\/www.travelwaxer.com\/wp-content\/uploads\/TWBALP_featured.jpg","type":"image\/jpeg"}],"twitter_card":"summary_large_image","twitter_misc":{"Ber\u00e4knad l\u00e4stid":"1 minut"},"schema":{"@context":"https:\/\/schema.org","@graph":[{"@type":["WebPage","ItemPage"],"@id":"https:\/\/www.travelwaxer.com\/sv\/produkt\/vallabank-alpinskidor\/","url":"https:\/\/www.travelwaxer.com\/sv\/produkt\/vallabank-alpinskidor\/","name":"Vallab\u00e4nk alpint | Travel Waxer","isPartOf":{"@id":"https:\/\/www.travelwaxer.com\/sv\/#website"},"primaryImageOfPage":{"@id":"https:\/\/www.travelwaxer.com\/sv\/produkt\/vallabank-alpinskidor\/#primaryimage"},"image":{"@id":"https:\/\/www.travelwaxer.com\/sv\/produkt\/vallabank-alpinskidor\/#primaryimage"},"thumbnailUrl":"https:\/\/www.travelwaxer.com\/wp-content\/uploads\/TWBALP_featured.jpg","datePublished":"2014-03-17T10:42:39+00:00","dateModified":"2026-02-07T16:00:00+00:00","description":"Det h\u00e4r \u00e4r en portabel vallab\u00e4nk f\u00f6r alpint. Den ryms enkelt i ditt skidfodral och v\u00e4ger bara 4,5 kg. Du kan \u00e4ven kantslipa p\u00e5 den h\u00e4r b\u00e4nken.","breadcrumb":{"@id":"https:\/\/www.travelwaxer.com\/sv\/produkt\/vallabank-alpinskidor\/#breadcrumb"},"inLanguage":"sv-SE","potentialAction":[{"@type":"ReadAction","target":["https:\/\/www.travelwaxer.com\/sv\/produkt\/vallabank-alpinskidor\/"]}]},{"@type":"ImageObject","inLanguage":"sv-SE","@id":"https:\/\/www.travelwaxer.com\/sv\/produkt\/vallabank-alpinskidor\/#primaryimage","url":"https:\/\/www.travelwaxer.com\/wp-content\/uploads\/TWBALP_featured.jpg","contentUrl":"https:\/\/www.travelwaxer.com\/wp-content\/uploads\/TWBALP_featured.jpg","width":500,"height":500,"caption":"Travel Waxer Bench Alpine"},{"@type":"BreadcrumbList","@id":"https:\/\/www.travelwaxer.com\/sv\/produkt\/vallabank-alpinskidor\/#breadcrumb","itemListElement":[{"@type":"ListItem","position":1,"name":"Hem","item":"https:\/\/www.travelwaxer.com\/sv\/vallastall-for-langd-och-alpint\/"},{"@type":"ListItem","position":2,"name":"Produkter","item":"https:\/\/www.travelwaxer.com\/sv\/shop\/"},{"@type":"ListItem","position":3,"name":"Travel Waxer Bench Alpine"}]},{"@type":"WebSite","@id":"https:\/\/www.travelwaxer.com\/sv\/#website","url":"https:\/\/www.travelwaxer.com\/sv\/","name":"Travel Waxer","description":"Vallast\u00e4ll f\u00f6r l\u00e4ngd- och slalomskidor","publisher":{"@id":"https:\/\/www.travelwaxer.com\/sv\/#organization"},"potentialAction":[{"@type":"SearchAction","target":{"@type":"EntryPoint","urlTemplate":"https:\/\/www.travelwaxer.com\/sv\/?s={search_term_string}"},"query-input":{"@type":"PropertyValueSpecification","valueRequired":true,"valueName":"search_term_string"}}],"inLanguage":"sv-SE"},{"@type":"Organization","@id":"https:\/\/www.travelwaxer.com\/sv\/#organization","name":"Travel Waxer","url":"https:\/\/www.travelwaxer.com\/sv\/","logo":{"@type":"ImageObject","inLanguage":"sv-SE","@id":"https:\/\/www.travelwaxer.com\/sv\/#\/schema\/logo\/image\/","url":"https:\/\/www.travelwaxer.com\/wp-content\/uploads\/2015\/03\/title_icon-2.png","contentUrl":"https:\/\/www.travelwaxer.com\/wp-content\/uploads\/2015\/03\/title_icon-2.png","width":154,"height":171,"caption":"Travel Waxer"},"image":{"@id":"https:\/\/www.travelwaxer.com\/sv\/#\/schema\/logo\/image\/"},"sameAs":["https:\/\/www.facebook.com\/travelwaxer"]}]}},"_links":{"self":[{"href":"https:\/\/www.travelwaxer.com\/sv\/wp-json\/wp\/v2\/product\/1604","targetHints":{"allow":["GET"]}}],"collection":[{"href":"https:\/\/www.travelwaxer.com\/sv\/wp-json\/wp\/v2\/product"}],"about":[{"href":"https:\/\/www.travelwaxer.com\/sv\/wp-json\/wp\/v2\/types\/product"}],"replies":[{"embeddable":true,"href":"https:\/\/www.travelwaxer.com\/sv\/wp-json\/wp\/v2\/comments?post=1604"}],"version-history":[{"count":5,"href":"https:\/\/www.travelwaxer.com\/sv\/wp-json\/wp\/v2\/product\/1604\/revisions"}],"predecessor-version":[{"id":5682,"href":"https:\/\/www.travelwaxer.com\/sv\/wp-json\/wp\/v2\/product\/1604\/revisions\/5682"}],"wp:featuredmedia":[{"embeddable":true,"href":"https:\/\/www.travelwaxer.com\/sv\/wp-json\/wp\/v2\/media\/5595"}],"wp:attachment":[{"href":"https:\/\/www.travelwaxer.com\/sv\/wp-json\/wp\/v2\/media?parent=1604"}],"wp:term":[{"taxonomy":"product_brand","embeddable":true,"href":"https:\/\/www.travelwaxer.com\/sv\/wp-json\/wp\/v2\/product_brand?post=1604"},{"taxonomy":"product_cat","embeddable":true,"href":"https:\/\/www.travelwaxer.com\/sv\/wp-json\/wp\/v2\/product_cat?post=1604"},{"taxonomy":"product_tag","embeddable":true,"href":"https:\/\/www.travelwaxer.com\/sv\/wp-json\/wp\/v2\/product_tag?post=1604"}],"curies":[{"name":"wp","href":"https:\/\/api.w.org\/{rel}","templated":true}]}}