	{"id":5870,"date":"2026-03-21T19:05:35","date_gmt":"2026-03-21T18:05:35","guid":{"rendered":"https:\/\/www.travelwaxer.com\/?page_id=5870"},"modified":"2026-03-22T09:53:23","modified_gmt":"2026-03-22T08:53:23","slug":"vanliga-fragor","status":"publish","type":"page","link":"https:\/\/www.travelwaxer.com\/sv\/vanliga-fragor\/","title":{"rendered":"Vanliga fr\u00e5gor"},"content":{"rendered":"\n<h2 class=\"wp-block-heading\">Allm\u00e4nt <\/h2>\n\n\n\n<h3 class=\"wp-block-heading\">Vad \u00e4r ett vallast\u00e4ll och varf\u00f6r beh\u00f6ver jag ett?<\/h3>\n\n\n\n<p>Ett vallast\u00e4ll anv\u00e4nds f\u00f6r att f\u00e4sta dina skidor f\u00f6r att valla dem.  Det underl\u00e4ttar oerh\u00f6rt att inte beh\u00f6va anv\u00e4nda ena handen f\u00f6r att h\u00e5lla fast skidan vid vallning.<\/p>\n\n\n\n<h3 class=\"wp-block-heading\">Vilka typer av vallast\u00e4ll finns det?<\/h3>\n\n\n\n<p>Det finns bordsvallast\u00e4ll som monteras p\u00e5 en arbetsb\u00e4nk eller ett bord. Det finns ocks\u00e5 vallab\u00e4nkar som har ben. De kan vara f\u00f6r en eller tv\u00e5 skidor. Dessutom finns vallabord som har en mindre bordsyta f\u00f6r att st\u00e4lla verktyg och vallor p\u00e5.  Vallast\u00e4llen har normalt tv\u00e5 vallaprofiler, en f\u00f6r fram- och en f\u00f6r bakdelen av skidan. Namnet vallaprofil kommer av att formen f\u00f6ljer skidans profil (form).<\/p>\n\n\n\n<h3 class=\"wp-block-heading\">Vilket vallast\u00e4ll passar b\u00e4st f\u00f6r mig (nyb\u00f6rjare vs. erfaren skid\u00e5kare)?<\/h3>\n\n\n\n<p>Som nyb\u00f6rjare r\u00e4cker ett bordsvallast\u00e4ll f\u00f6rmodligen gott och v\u00e4l. Du kanske har skinskidor och bara vallar glidet emellan\u00e5t. Om du d\u00e4remot b\u00f6rjar resa runt p\u00e5 t\u00e4vlingar och \u00e4r mycket p\u00e5 resande fot kan en vallab\u00e4nk vara praktisk. D\u00e5 har du m\u00f6jlighet att snabbt och enkelt anpassa din vallning till f\u00f6rh\u00e5llandena. <\/p>\n\n\n\n<h2 class=\"wp-block-heading\">Funktion och anv\u00e4ndning<\/h2>\n\n\n\n<h3 class=\"wp-block-heading\">Hur monterar jag vallast\u00e4llet?<\/h3>\n\n\n\n<p>Det finns montageanvisningar p\u00e5 samtliga produktsidor. Vallab\u00e4nken Travel Waxer Bench levereras i tv\u00e5 halvor f\u00f6r att minska fraktkostnaden. Du monterar sedan ihop den hemma med fyra skruvar. Montageanvisning finns under sektionen &#8221;Montage&#8221;.<\/p>\n\n\n\n<h3 class=\"wp-block-heading\">Vilken arbetsh\u00f6jd \u00e4r det p\u00e5 vallab\u00e4nken?<\/h3>\n\n\n\n<p>Med Travel Waxer Bench arbetar du p\u00e5 cirka 90 cm h\u00f6jd. P\u00e5 bordvallast\u00e4llen arbetar man ca 15 cm ovanf\u00f6r bordsskivan. <\/p>\n\n\n\n<h3 class=\"wp-block-heading\">Finns modeller f\u00f6r b\u00e5da skidorna?<\/h3>\n\n\n\n<p>Nej, tyv\u00e4rr man f\u00e5r valla en skida i taget. Eftersom det \u00e4r ett resevallast\u00e4ll har vi valt att g\u00f6ra det s\u00e5 litet som m\u00f6jligt.<\/p>\n\n\n\n<h3 class=\"wp-block-heading\">Finns det n\u00e5gon avst\u00e4llningsyta f\u00f6r verktyg och vallor? <\/h3>\n\n\n\n<p>\u00d6verliggaren p\u00e5 vallab\u00e4nken \u00e4r formad som en U-profil s\u00e5 d\u00e4r g\u00e5r det utm\u00e4rkt att st\u00e4lla vallor och verktyg under arbetet. <\/p>\n\n\n\n<h3 class=\"wp-block-heading\">G\u00e5r det att anv\u00e4nda vallab\u00e4nken f\u00f6r b\u00e5de glid- och f\u00e4stvallning?<\/h3>\n\n\n\n<p>Ja, trots att den \u00e4r s\u00e5 kompakt, \u00e4r den tillr\u00e4kligt stabil f\u00f6r att l\u00e4gga p\u00e5 b\u00e5de f\u00e4ste och glid. Den funkar ocks\u00e5 f\u00f6r rillning. St\u00e4llet st\u00e5r stabilt p\u00e5 b\u00e5de sn\u00f6 och garagegolv.<\/p>\n\n\n\n<h3 class=\"wp-block-heading\">Kan jag valla mina alpinskidor med Travel Waxer ocks\u00e5?<\/h3>\n\n\n\n<p>Ja, du kan valla b\u00e5de l\u00e4ngskidor och alpinskidor med Travel Waxer. Kolla in modellerna under <a href=\"https:\/\/www.travelwaxer.com\/sv\/produktkategori\/kombivallastall-langd-och-alpint\/\" type=\"product_cat\" id=\"66\">Kombivallast\u00e4ll (L\u00e4ngd+Alpint)<\/a>.<\/p>\n\n\n\n<h3 class=\"wp-block-heading\">Skistoppers \u00e4r ofta i v\u00e4gen vid vallning av alpinskidor, hur l\u00f6ser jag det?<\/h3>\n\n\n\n<p>Med m\u00e5nga produkter m\u00e5ste du s\u00e4tta en gummsnodd i skistoppers f\u00f6r att f\u00e5 dem ur v\u00e4gen. Travel Waxer har ist\u00e4llet en smart l\u00f6sning med sin <a href=\"https:\/\/www.travelwaxer.com\/sv\/produkt\/travel-waxer-alpine-adapter\/\" type=\"link\" id=\"https:\/\/www.travelwaxer.com\/sv\/produkt\/travel-waxer-alpine-adapter\/\">Alpinadapter<\/a>, som f\u00e5r skistoppers att \u00e5ka upp p\u00e5 samma s\u00e4tt som n\u00e4r en pj\u00e4xa sitter i bindningen.<\/p>\n\n\n\n<h3 class=\"wp-block-heading\">Finns det en vallab\u00e4nk f\u00f6r topptursskidor?<\/h3>\n\n\n\n<p>Ja, alla v\u00e5ra modeller f\u00f6r <a href=\"https:\/\/www.travelwaxer.com\/sv\/produktkategori\/vallastall-for-alpinskidor\/\" type=\"product_cat\" id=\"68\">alpinskidor<\/a> funkar ocks\u00e5 f\u00f6r topptursskidor. Under varje produkt kan du sett ett klipp p\u00e5 hur det fungerar.<\/p>\n\n\n\n<h2 class=\"wp-block-heading\">Transport och sk\u00f6tsel<\/h2>\n\n\n\n<h3 class=\"wp-block-heading\">Beh\u00f6vs verktyg f\u00f6r att montera st\u00e4llet?<\/h3>\n\n\n\n<p>Nej, inga verktyg beh\u00f6vs. Ben och f\u00f6tter f\u00e4lls enkelt ut och l\u00e5ses med g\u00e5ngj\u00e4rnen. Endast n\u00e4r du monterar st\u00e4llet f\u00f6rsta g\u00e5ngen beh\u00f6vs en skiftnyckel. <\/p>\n\n\n\n<h3 class=\"wp-block-heading\">Kan jag ta med st\u00e4llet p\u00e5 flyget?<\/h3>\n\n\n\n<p>Ja, st\u00e4llet \u00e4r bara 7&#215;7 cm i diameter och ryms ihop med dina skidor i skidfodralet.<\/p>\n\n\n\n<h3 class=\"wp-block-heading\">S\u00e4ljer ni skidfodral ocks\u00e5?<\/h3>\n\n\n\n<p>Ja, vi har det h\u00e4r rymliga <a href=\"https:\/\/www.travelwaxer.com\/sv\/produkt\/skidfodral-foer-2-par-laengdskidor1-par-alpinskidor\/\">fodralet<\/a> som rymmer tv\u00e5 par l\u00e4ngdskidor.<\/p>\n\n\n\n<h3 class=\"wp-block-heading\">Om jag transporterar det i skidfodralet, riskerar jag inte att skada mina skidor och stavar?<\/h3>\n\n\n\n<p>Nej, b\u00e4nken kommer alltid i en skyddande tygp\u00e5se.<\/p>\n\n\n\n<h3 class=\"wp-block-heading\"> Vad v\u00e4ger b\u00e4nken?<\/h3>\n\n\n\n<p>B\u00e4nken, inklusive vallaprofiler f\u00f6r l\u00e4ngdskidor eller f\u00f6r alpinskidor, v\u00e4ger 4.5 kg.<\/p>\n\n\n\n<h3 class=\"wp-block-heading\">Finns det risk att b\u00e4nken rostar med tiden?<\/h3>\n\n\n\n<p>Nej, den huvudsakligen gjord av alumium. Samtliga st\u00e5ldelar \u00e4r f\u00f6rzinkade, vilket ger rostskydd i m\u00e5nga \u00e5r. Det kan dock vara bra att l\u00e5ta b\u00e4nken torka utanf\u00f6r tygp\u00e5sen d\u00e5 och d\u00e5 om den blivit bl\u00f6t.  <\/p>\n","protected":false},"excerpt":{"rendered":"<p>Allm\u00e4nt Vad \u00e4r ett vallast\u00e4ll och varf\u00f6r beh\u00f6ver jag ett? Ett vallast\u00e4ll anv\u00e4nds f\u00f6r att f\u00e4sta dina skidor f\u00f6r att valla dem. Det underl\u00e4ttar oerh\u00f6rt att inte beh\u00f6va anv\u00e4nda ena handen f\u00f6r att h\u00e5lla fast skidan vid vallning. Vilka typer av vallast\u00e4ll finns det? Det finns bordsvallast\u00e4ll som monteras p\u00e5 en arbetsb\u00e4nk eller ett bord. [&hellip;]<\/p>\n","protected":false},"author":2,"featured_media":0,"parent":0,"menu_order":0,"comment_status":"closed","ping_status":"closed","template":"","meta":{"footnotes":""},"class_list":["post-5870","page","type-page","status-publish","hentry"],"yoast_head":"<!-- This site is optimized with the Yoast SEO plugin v27.6 - https:\/\/yoast.com\/product\/yoast-seo-wordpress\/ -->\n<title>Vanliga fr\u00e5gor | Travel Waxer<\/title>\n<meta name=\"description\" content=\"Vanliga fr\u00e5gor | Travel Waxer\" \/>\n<meta name=\"robots\" content=\"index, follow, max-snippet:-1, max-image-preview:large, max-video-preview:-1\" \/>\n<link rel=\"canonical\" href=\"https:\/\/www.travelwaxer.com\/sv\/vanliga-fragor\/\" \/>\n<meta property=\"og:locale\" content=\"sv_SE\" \/>\n<meta property=\"og:type\" content=\"article\" \/>\n<meta property=\"og:title\" content=\"Vanliga fr\u00e5gor | Travel Waxer\" \/>\n<meta property=\"og:description\" content=\"Vanliga fr\u00e5gor | Travel Waxer\" \/>\n<meta property=\"og:url\" content=\"https:\/\/www.travelwaxer.com\/sv\/vanliga-fragor\/\" \/>\n<meta property=\"og:site_name\" content=\"Travel Waxer\" \/>\n<meta property=\"article:publisher\" content=\"https:\/\/www.facebook.com\/travelwaxer\" \/>\n<meta property=\"article:modified_time\" content=\"2026-03-22T08:53:23+00:00\" \/>\n<meta name=\"twitter:card\" content=\"summary_large_image\" \/>\n<meta name=\"twitter:label1\" content=\"Ber\u00e4knad l\u00e4stid\" \/>\n\t<meta name=\"twitter:data1\" content=\"3 minuter\" \/>\n<script type=\"application\/ld+json\" class=\"yoast-schema-graph\">{\"@context\":\"https:\\\/\\\/schema.org\",\"@graph\":[{\"@type\":\"WebPage\",\"@id\":\"https:\\\/\\\/www.travelwaxer.com\\\/sv\\\/vanliga-fragor\\\/\",\"url\":\"https:\\\/\\\/www.travelwaxer.com\\\/sv\\\/vanliga-fragor\\\/\",\"name\":\"Vanliga fr\u00e5gor | Travel Waxer\",\"isPartOf\":{\"@id\":\"https:\\\/\\\/www.travelwaxer.com\\\/sv\\\/#website\"},\"datePublished\":\"2026-03-21T18:05:35+00:00\",\"dateModified\":\"2026-03-22T08:53:23+00:00\",\"description\":\"Vanliga fr\u00e5gor | Travel Waxer\",\"breadcrumb\":{\"@id\":\"https:\\\/\\\/www.travelwaxer.com\\\/sv\\\/vanliga-fragor\\\/#breadcrumb\"},\"inLanguage\":\"sv-SE\",\"potentialAction\":[{\"@type\":\"ReadAction\",\"target\":[\"https:\\\/\\\/www.travelwaxer.com\\\/sv\\\/vanliga-fragor\\\/\"]}]},{\"@type\":\"BreadcrumbList\",\"@id\":\"https:\\\/\\\/www.travelwaxer.com\\\/sv\\\/vanliga-fragor\\\/#breadcrumb\",\"itemListElement\":[{\"@type\":\"ListItem\",\"position\":1,\"name\":\"Hem\",\"item\":\"https:\\\/\\\/www.travelwaxer.com\\\/sv\\\/vallastall-for-langd-och-alpint\\\/\"},{\"@type\":\"ListItem\",\"position\":2,\"name\":\"Vanliga fr\u00e5gor\"}]},{\"@type\":\"WebSite\",\"@id\":\"https:\\\/\\\/www.travelwaxer.com\\\/sv\\\/#website\",\"url\":\"https:\\\/\\\/www.travelwaxer.com\\\/sv\\\/\",\"name\":\"Travel Waxer\",\"description\":\"Vallast\u00e4ll f\u00f6r l\u00e4ngd- och slalomskidor\",\"publisher\":{\"@id\":\"https:\\\/\\\/www.travelwaxer.com\\\/sv\\\/#organization\"},\"potentialAction\":[{\"@type\":\"SearchAction\",\"target\":{\"@type\":\"EntryPoint\",\"urlTemplate\":\"https:\\\/\\\/www.travelwaxer.com\\\/sv\\\/?s={search_term_string}\"},\"query-input\":{\"@type\":\"PropertyValueSpecification\",\"valueRequired\":true,\"valueName\":\"search_term_string\"}}],\"inLanguage\":\"sv-SE\"},{\"@type\":\"Organization\",\"@id\":\"https:\\\/\\\/www.travelwaxer.com\\\/sv\\\/#organization\",\"name\":\"Travel Waxer\",\"url\":\"https:\\\/\\\/www.travelwaxer.com\\\/sv\\\/\",\"logo\":{\"@type\":\"ImageObject\",\"inLanguage\":\"sv-SE\",\"@id\":\"https:\\\/\\\/www.travelwaxer.com\\\/sv\\\/#\\\/schema\\\/logo\\\/image\\\/\",\"url\":\"https:\\\/\\\/www.travelwaxer.com\\\/wp-content\\\/uploads\\\/2015\\\/03\\\/title_icon-2.png\",\"contentUrl\":\"https:\\\/\\\/www.travelwaxer.com\\\/wp-content\\\/uploads\\\/2015\\\/03\\\/title_icon-2.png\",\"width\":154,\"height\":171,\"caption\":\"Travel Waxer\"},\"image\":{\"@id\":\"https:\\\/\\\/www.travelwaxer.com\\\/sv\\\/#\\\/schema\\\/logo\\\/image\\\/\"},\"sameAs\":[\"https:\\\/\\\/www.facebook.com\\\/travelwaxer\"]}]}<\/script>\n<!-- \/ Yoast SEO plugin. -->","yoast_head_json":{"title":"Vanliga fr\u00e5gor | Travel Waxer","description":"Vanliga fr\u00e5gor | Travel Waxer","robots":{"index":"index","follow":"follow","max-snippet":"max-snippet:-1","max-image-preview":"max-image-preview:large","max-video-preview":"max-video-preview:-1"},"canonical":"https:\/\/www.travelwaxer.com\/sv\/vanliga-fragor\/","og_locale":"sv_SE","og_type":"article","og_title":"Vanliga fr\u00e5gor | Travel Waxer","og_description":"Vanliga fr\u00e5gor | Travel Waxer","og_url":"https:\/\/www.travelwaxer.com\/sv\/vanliga-fragor\/","og_site_name":"Travel Waxer","article_publisher":"https:\/\/www.facebook.com\/travelwaxer","article_modified_time":"2026-03-22T08:53:23+00:00","twitter_card":"summary_large_image","twitter_misc":{"Ber\u00e4knad l\u00e4stid":"3 minuter"},"schema":{"@context":"https:\/\/schema.org","@graph":[{"@type":"WebPage","@id":"https:\/\/www.travelwaxer.com\/sv\/vanliga-fragor\/","url":"https:\/\/www.travelwaxer.com\/sv\/vanliga-fragor\/","name":"Vanliga fr\u00e5gor | Travel Waxer","isPartOf":{"@id":"https:\/\/www.travelwaxer.com\/sv\/#website"},"datePublished":"2026-03-21T18:05:35+00:00","dateModified":"2026-03-22T08:53:23+00:00","description":"Vanliga fr\u00e5gor | Travel Waxer","breadcrumb":{"@id":"https:\/\/www.travelwaxer.com\/sv\/vanliga-fragor\/#breadcrumb"},"inLanguage":"sv-SE","potentialAction":[{"@type":"ReadAction","target":["https:\/\/www.travelwaxer.com\/sv\/vanliga-fragor\/"]}]},{"@type":"BreadcrumbList","@id":"https:\/\/www.travelwaxer.com\/sv\/vanliga-fragor\/#breadcrumb","itemListElement":[{"@type":"ListItem","position":1,"name":"Hem","item":"https:\/\/www.travelwaxer.com\/sv\/vallastall-for-langd-och-alpint\/"},{"@type":"ListItem","position":2,"name":"Vanliga fr\u00e5gor"}]},{"@type":"WebSite","@id":"https:\/\/www.travelwaxer.com\/sv\/#website","url":"https:\/\/www.travelwaxer.com\/sv\/","name":"Travel Waxer","description":"Vallast\u00e4ll f\u00f6r l\u00e4ngd- och slalomskidor","publisher":{"@id":"https:\/\/www.travelwaxer.com\/sv\/#organization"},"potentialAction":[{"@type":"SearchAction","target":{"@type":"EntryPoint","urlTemplate":"https:\/\/www.travelwaxer.com\/sv\/?s={search_term_string}"},"query-input":{"@type":"PropertyValueSpecification","valueRequired":true,"valueName":"search_term_string"}}],"inLanguage":"sv-SE"},{"@type":"Organization","@id":"https:\/\/www.travelwaxer.com\/sv\/#organization","name":"Travel Waxer","url":"https:\/\/www.travelwaxer.com\/sv\/","logo":{"@type":"ImageObject","inLanguage":"sv-SE","@id":"https:\/\/www.travelwaxer.com\/sv\/#\/schema\/logo\/image\/","url":"https:\/\/www.travelwaxer.com\/wp-content\/uploads\/2015\/03\/title_icon-2.png","contentUrl":"https:\/\/www.travelwaxer.com\/wp-content\/uploads\/2015\/03\/title_icon-2.png","width":154,"height":171,"caption":"Travel Waxer"},"image":{"@id":"https:\/\/www.travelwaxer.com\/sv\/#\/schema\/logo\/image\/"},"sameAs":["https:\/\/www.facebook.com\/travelwaxer"]}]}},"_links":{"self":[{"href":"https:\/\/www.travelwaxer.com\/sv\/wp-json\/wp\/v2\/pages\/5870","targetHints":{"allow":["GET"]}}],"collection":[{"href":"https:\/\/www.travelwaxer.com\/sv\/wp-json\/wp\/v2\/pages"}],"about":[{"href":"https:\/\/www.travelwaxer.com\/sv\/wp-json\/wp\/v2\/types\/page"}],"author":[{"embeddable":true,"href":"https:\/\/www.travelwaxer.com\/sv\/wp-json\/wp\/v2\/users\/2"}],"replies":[{"embeddable":true,"href":"https:\/\/www.travelwaxer.com\/sv\/wp-json\/wp\/v2\/comments?post=5870"}],"version-history":[{"count":9,"href":"https:\/\/www.travelwaxer.com\/sv\/wp-json\/wp\/v2\/pages\/5870\/revisions"}],"predecessor-version":[{"id":5885,"href":"https:\/\/www.travelwaxer.com\/sv\/wp-json\/wp\/v2\/pages\/5870\/revisions\/5885"}],"wp:attachment":[{"href":"https:\/\/www.travelwaxer.com\/sv\/wp-json\/wp\/v2\/media?parent=5870"}],"curies":[{"name":"wp","href":"https:\/\/api.w.org\/{rel}","templated":true}]}}