	{"id":1819,"date":"2015-07-21T00:14:13","date_gmt":"2015-07-21T00:14:13","guid":{"rendered":"http:\/\/www.travelwaxer.com\/?page_id=1819"},"modified":"2015-07-21T00:14:13","modified_gmt":"2015-07-21T00:14:13","slug":"skidlankar","status":"publish","type":"page","link":"https:\/\/www.travelwaxer.com\/sv\/skidlankar\/","title":{"rendered":"Skidl\u00e4nkar"},"content":{"rendered":"<p>H\u00e4r presenterar vi tips p\u00e5 hur du kan f\u00f6renkla och f\u00f6rb\u00e4ttra din vallning.<\/p>\n<li><a title=\"vallas-skidor.se\" href=\"http:\/\/www.valla-skidor.se\" target=\"_blank\">valla-skidor.se<\/a> &#8211; den kompletta guiden f\u00f6r l\u00e4ngdskidutrustning och vallning av l\u00e4ngdskidor. Inneh\u00e5ller ocks\u00e5 en utv\u00e4rdering av<a title=\"valla-skidor.se\/vallastall\" href=\"http:\/\/valla-skidor.se\/vallastall\"> vallningsst\u00e4ll<\/a>.\n<li><a href=\"https:\/\/www.facebook.com\/pages\/Travel-Waxer\/682788771745248\" title=\"Travel Waxer p\u00e5 Facebook\">Travel Waxer p\u00e5 Facebook<\/a> &#8211; bes\u00f6k v\u00e5r sida f\u00f6r tips och erbjudanden!<\/li>\n<li><a href=\"http:\/\/www.vasaloppet.se\/\" title=\"Valla r\u00e4tt inf\u00f6r Vasaloppet\">Vasaloppets officiella webbplats<\/a> &#8211; s\u00e4songen utlimata m\u00e5l f\u00f6r m\u00e5nga.<\/li>\n<li><a href=\"http:\/\/www.worldloppet.com\">Worldloppet<\/a> &#8211; den v\u00e4rldsomsp\u00e4nnande l\u00e5ngloppsserien Worldloppet med t\u00e4vlingar p\u00e5 4 kontinenter.<\/li>\n<li><a href=\"http:\/\/www.euroloppet.com\">Europloppet<\/a> &#8211; den europeiska motsvarigheten till Worldloppet, d\u00e4r fokus ligger p\u00e5 mindre t\u00e4vlingar.<\/li>\n<li><a href=\"http:\/\/www.cruschalba-lavin.ch\">Crusch Alba, Lavin, Schweiz<\/a> &#8211; ett supertrevligt hotell i Engadindalen i Schweiz som drivs av svenska Monica och hennes man Remo.\n<li><a href=\"http:\/\/www.mountpac.se\">Mountpac<\/a> &#8211; tillverkare av Travel Waxer, sk\u00f6ter ocks\u00e5 lagerh\u00e5llning och utskick i Sverige. Mycket bra diskussionspartner med sm\u00e5l\u00e4ndsk klurighet och flexibilitet.<br \/>\n","protected":false},"excerpt":{"rendered":"<p>H\u00e4r presenterar vi tips p\u00e5 hur du kan f\u00f6renkla och f\u00f6rb\u00e4ttra din vallning. valla-skidor.se &#8211; den kompletta guiden f\u00f6r l\u00e4ngdskidutrustning och vallning av l\u00e4ngdskidor. Inneh\u00e5ller ocks\u00e5 en utv\u00e4rdering av vallningsst\u00e4ll. Travel Waxer p\u00e5 Facebook &#8211; bes\u00f6k v\u00e5r sida f\u00f6r tips och erbjudanden! Vasaloppets officiella webbplats &#8211; s\u00e4songen utlimata m\u00e5l f\u00f6r m\u00e5nga. Worldloppet &#8211; den v\u00e4rldsomsp\u00e4nnande [&hellip;]<\/p>\n","protected":false},"author":2,"featured_media":0,"parent":0,"menu_order":0,"comment_status":"open","ping_status":"open","template":"","meta":{"footnotes":""},"class_list":["post-1819","page","type-page","status-publish","hentry"],"yoast_head":"<!-- This site is optimized with the Yoast SEO plugin v27.4 - https:\/\/yoast.com\/product\/yoast-seo-wordpress\/ -->\n<title>Skidl\u00e4nkar | Travel Waxer<\/title>\n<meta name=\"description\" content=\"Skidl\u00e4nkar | Travel Waxer\" \/>\n<meta name=\"robots\" content=\"index, follow, max-snippet:-1, max-image-preview:large, max-video-preview:-1\" \/>\n<link rel=\"canonical\" href=\"https:\/\/www.travelwaxer.com\/sv\/skidlankar\/\" \/>\n<meta property=\"og:locale\" content=\"sv_SE\" \/>\n<meta property=\"og:type\" content=\"article\" \/>\n<meta property=\"og:title\" content=\"Skidl\u00e4nkar | Travel Waxer\" \/>\n<meta property=\"og:description\" content=\"Skidl\u00e4nkar | Travel Waxer\" \/>\n<meta property=\"og:url\" content=\"https:\/\/www.travelwaxer.com\/sv\/skidlankar\/\" \/>\n<meta property=\"og:site_name\" content=\"Travel Waxer\" \/>\n<meta property=\"article:publisher\" content=\"https:\/\/www.facebook.com\/travelwaxer\" \/>\n<meta name=\"twitter:card\" content=\"summary_large_image\" \/>\n<meta name=\"twitter:label1\" content=\"Ber\u00e4knad l\u00e4stid\" \/>\n\t<meta name=\"twitter:data1\" content=\"1 minut\" \/>\n<script type=\"application\/ld+json\" class=\"yoast-schema-graph\">{\"@context\":\"https:\\\/\\\/schema.org\",\"@graph\":[{\"@type\":\"WebPage\",\"@id\":\"https:\\\/\\\/www.travelwaxer.com\\\/sv\\\/skidlankar\\\/\",\"url\":\"https:\\\/\\\/www.travelwaxer.com\\\/sv\\\/skidlankar\\\/\",\"name\":\"Skidl\u00e4nkar | Travel Waxer\",\"isPartOf\":{\"@id\":\"https:\\\/\\\/www.travelwaxer.com\\\/sv\\\/#website\"},\"datePublished\":\"2015-07-21T00:14:13+00:00\",\"description\":\"Skidl\u00e4nkar | Travel Waxer\",\"breadcrumb\":{\"@id\":\"https:\\\/\\\/www.travelwaxer.com\\\/sv\\\/skidlankar\\\/#breadcrumb\"},\"inLanguage\":\"sv-SE\",\"potentialAction\":[{\"@type\":\"ReadAction\",\"target\":[\"https:\\\/\\\/www.travelwaxer.com\\\/sv\\\/skidlankar\\\/\"]}]},{\"@type\":\"BreadcrumbList\",\"@id\":\"https:\\\/\\\/www.travelwaxer.com\\\/sv\\\/skidlankar\\\/#breadcrumb\",\"itemListElement\":[{\"@type\":\"ListItem\",\"position\":1,\"name\":\"Hem\",\"item\":\"https:\\\/\\\/www.travelwaxer.com\\\/sv\\\/vallastall-for-langd-och-alpint\\\/\"},{\"@type\":\"ListItem\",\"position\":2,\"name\":\"Skidl\u00e4nkar\"}]},{\"@type\":\"WebSite\",\"@id\":\"https:\\\/\\\/www.travelwaxer.com\\\/sv\\\/#website\",\"url\":\"https:\\\/\\\/www.travelwaxer.com\\\/sv\\\/\",\"name\":\"Travel Waxer\",\"description\":\"Vallast\u00e4ll f\u00f6r l\u00e4ngd- och slalomskidor\",\"publisher\":{\"@id\":\"https:\\\/\\\/www.travelwaxer.com\\\/sv\\\/#organization\"},\"potentialAction\":[{\"@type\":\"SearchAction\",\"target\":{\"@type\":\"EntryPoint\",\"urlTemplate\":\"https:\\\/\\\/www.travelwaxer.com\\\/sv\\\/?s={search_term_string}\"},\"query-input\":{\"@type\":\"PropertyValueSpecification\",\"valueRequired\":true,\"valueName\":\"search_term_string\"}}],\"inLanguage\":\"sv-SE\"},{\"@type\":\"Organization\",\"@id\":\"https:\\\/\\\/www.travelwaxer.com\\\/sv\\\/#organization\",\"name\":\"Travel Waxer\",\"url\":\"https:\\\/\\\/www.travelwaxer.com\\\/sv\\\/\",\"logo\":{\"@type\":\"ImageObject\",\"inLanguage\":\"sv-SE\",\"@id\":\"https:\\\/\\\/www.travelwaxer.com\\\/sv\\\/#\\\/schema\\\/logo\\\/image\\\/\",\"url\":\"https:\\\/\\\/www.travelwaxer.com\\\/wp-content\\\/uploads\\\/2015\\\/03\\\/title_icon-2.png\",\"contentUrl\":\"https:\\\/\\\/www.travelwaxer.com\\\/wp-content\\\/uploads\\\/2015\\\/03\\\/title_icon-2.png\",\"width\":154,\"height\":171,\"caption\":\"Travel Waxer\"},\"image\":{\"@id\":\"https:\\\/\\\/www.travelwaxer.com\\\/sv\\\/#\\\/schema\\\/logo\\\/image\\\/\"},\"sameAs\":[\"https:\\\/\\\/www.facebook.com\\\/travelwaxer\"]}]}<\/script>\n<!-- \/ Yoast SEO plugin. -->","yoast_head_json":{"title":"Skidl\u00e4nkar | Travel Waxer","description":"Skidl\u00e4nkar | Travel Waxer","robots":{"index":"index","follow":"follow","max-snippet":"max-snippet:-1","max-image-preview":"max-image-preview:large","max-video-preview":"max-video-preview:-1"},"canonical":"https:\/\/www.travelwaxer.com\/sv\/skidlankar\/","og_locale":"sv_SE","og_type":"article","og_title":"Skidl\u00e4nkar | Travel Waxer","og_description":"Skidl\u00e4nkar | Travel Waxer","og_url":"https:\/\/www.travelwaxer.com\/sv\/skidlankar\/","og_site_name":"Travel Waxer","article_publisher":"https:\/\/www.facebook.com\/travelwaxer","twitter_card":"summary_large_image","twitter_misc":{"Ber\u00e4knad l\u00e4stid":"1 minut"},"schema":{"@context":"https:\/\/schema.org","@graph":[{"@type":"WebPage","@id":"https:\/\/www.travelwaxer.com\/sv\/skidlankar\/","url":"https:\/\/www.travelwaxer.com\/sv\/skidlankar\/","name":"Skidl\u00e4nkar | Travel Waxer","isPartOf":{"@id":"https:\/\/www.travelwaxer.com\/sv\/#website"},"datePublished":"2015-07-21T00:14:13+00:00","description":"Skidl\u00e4nkar | Travel Waxer","breadcrumb":{"@id":"https:\/\/www.travelwaxer.com\/sv\/skidlankar\/#breadcrumb"},"inLanguage":"sv-SE","potentialAction":[{"@type":"ReadAction","target":["https:\/\/www.travelwaxer.com\/sv\/skidlankar\/"]}]},{"@type":"BreadcrumbList","@id":"https:\/\/www.travelwaxer.com\/sv\/skidlankar\/#breadcrumb","itemListElement":[{"@type":"ListItem","position":1,"name":"Hem","item":"https:\/\/www.travelwaxer.com\/sv\/vallastall-for-langd-och-alpint\/"},{"@type":"ListItem","position":2,"name":"Skidl\u00e4nkar"}]},{"@type":"WebSite","@id":"https:\/\/www.travelwaxer.com\/sv\/#website","url":"https:\/\/www.travelwaxer.com\/sv\/","name":"Travel Waxer","description":"Vallast\u00e4ll f\u00f6r l\u00e4ngd- och slalomskidor","publisher":{"@id":"https:\/\/www.travelwaxer.com\/sv\/#organization"},"potentialAction":[{"@type":"SearchAction","target":{"@type":"EntryPoint","urlTemplate":"https:\/\/www.travelwaxer.com\/sv\/?s={search_term_string}"},"query-input":{"@type":"PropertyValueSpecification","valueRequired":true,"valueName":"search_term_string"}}],"inLanguage":"sv-SE"},{"@type":"Organization","@id":"https:\/\/www.travelwaxer.com\/sv\/#organization","name":"Travel Waxer","url":"https:\/\/www.travelwaxer.com\/sv\/","logo":{"@type":"ImageObject","inLanguage":"sv-SE","@id":"https:\/\/www.travelwaxer.com\/sv\/#\/schema\/logo\/image\/","url":"https:\/\/www.travelwaxer.com\/wp-content\/uploads\/2015\/03\/title_icon-2.png","contentUrl":"https:\/\/www.travelwaxer.com\/wp-content\/uploads\/2015\/03\/title_icon-2.png","width":154,"height":171,"caption":"Travel Waxer"},"image":{"@id":"https:\/\/www.travelwaxer.com\/sv\/#\/schema\/logo\/image\/"},"sameAs":["https:\/\/www.facebook.com\/travelwaxer"]}]}},"_links":{"self":[{"href":"https:\/\/www.travelwaxer.com\/sv\/wp-json\/wp\/v2\/pages\/1819","targetHints":{"allow":["GET"]}}],"collection":[{"href":"https:\/\/www.travelwaxer.com\/sv\/wp-json\/wp\/v2\/pages"}],"about":[{"href":"https:\/\/www.travelwaxer.com\/sv\/wp-json\/wp\/v2\/types\/page"}],"author":[{"embeddable":true,"href":"https:\/\/www.travelwaxer.com\/sv\/wp-json\/wp\/v2\/users\/2"}],"replies":[{"embeddable":true,"href":"https:\/\/www.travelwaxer.com\/sv\/wp-json\/wp\/v2\/comments?post=1819"}],"version-history":[{"count":1,"href":"https:\/\/www.travelwaxer.com\/sv\/wp-json\/wp\/v2\/pages\/1819\/revisions"}],"predecessor-version":[{"id":1820,"href":"https:\/\/www.travelwaxer.com\/sv\/wp-json\/wp\/v2\/pages\/1819\/revisions\/1820"}],"wp:attachment":[{"href":"https:\/\/www.travelwaxer.com\/sv\/wp-json\/wp\/v2\/media?parent=1819"}],"curies":[{"name":"wp","href":"https:\/\/api.w.org\/{rel}","templated":true}]}}