	{"id":1745,"date":"2015-03-17T11:21:38","date_gmt":"2015-03-17T11:21:38","guid":{"rendered":"http:\/\/www.travelwaxer.com\/?product=travel-waxer-bench-2"},"modified":"2026-03-22T21:39:50","modified_gmt":"2026-03-22T20:39:50","slug":"travel-waxer-bench-2","status":"publish","type":"product","link":"https:\/\/www.travelwaxer.com\/nb\/produkt\/travel-waxer-bench-2\/","title":{"rendered":"Travel Waxer Bench"},"content":{"rendered":"<ul>\n<li>Kompakt design gj\u00f8r at den passer i din skipose.<\/li>\n<li>Enkel \u00e5 ta med deg, lett \u00e5 sette opp.<\/li>\n<li>H\u00f8y stabilitet til tross for den lave vekten<\/li>\n<li>Arbeidsh\u00f8yde: 90 cm<\/li>\n<li>Kan festes sm\u00f8reprofiler fra andre merker p\u00e5 benken. Sjekk selv dimensjoner hvis det fungerer! Overbjelken p\u00e5 benken er 2 cm tykk og 4 cm bred.<\/li>\n<\/ul>\n","protected":false},"excerpt":{"rendered":"<p>Har du allerede en bordssm\u00f8reprofil fra Travel Waxer? Eller kanskje en sm\u00f8reprofil av et annet merke? \u00d8nsker du \u00e5 vokse utend\u00f8rs ved skil\u00f8ypen eller skibakken? Da er sm\u00f8rebenken Travel Waxer Bench det du leter etter. Med sine 3.5 kg, er dette den letteste og mest transportvennlige sm\u00f8rebenken p\u00e5 markedet.<\/p>\n<p>Travel Waxer Bench kommer i en praktisk b\u00e6reveske. Den kompakte sm\u00f8rebenken setter man lett opp ved \u00e5 felle ned bena.<\/p>\n","protected":false},"featured_media":2520,"comment_status":"open","ping_status":"closed","template":"","meta":{"footnotes":""},"product_brand":[],"product_cat":[50],"product_tag":[],"class_list":{"0":"post-1745","1":"product","2":"type-product","3":"status-publish","4":"has-post-thumbnail","6":"product_cat-tilbehor","8":"first","9":"instock","10":"taxable","11":"shipping-taxable","12":"purchasable","13":"product-type-simple"},"yoast_head":"<!-- This site is optimized with the Yoast SEO plugin v27.6 - https:\/\/yoast.com\/product\/yoast-seo-wordpress\/ -->\n<title>Travel Waxer Bench | Travel Waxer<\/title>\n<meta name=\"description\" content=\"Travel Waxer Bench | Travel Waxer\" \/>\n<meta name=\"robots\" content=\"index, follow, max-snippet:-1, max-image-preview:large, max-video-preview:-1\" \/>\n<link rel=\"canonical\" href=\"https:\/\/www.travelwaxer.com\/nb\/produkt\/travel-waxer-bench-2\/\" \/>\n<meta property=\"og:locale\" content=\"nb_NO\" \/>\n<meta property=\"og:type\" content=\"article\" \/>\n<meta property=\"og:title\" content=\"Travel Waxer Bench | Travel Waxer\" \/>\n<meta property=\"og:description\" content=\"Travel Waxer Bench | Travel Waxer\" \/>\n<meta property=\"og:url\" content=\"https:\/\/www.travelwaxer.com\/nb\/produkt\/travel-waxer-bench-2\/\" \/>\n<meta property=\"og:site_name\" content=\"Travel Waxer\" \/>\n<meta property=\"article:publisher\" content=\"https:\/\/www.facebook.com\/travelwaxer\" \/>\n<meta property=\"article:modified_time\" content=\"2026-03-22T20:39:50+00:00\" \/>\n<meta property=\"og:image\" content=\"https:\/\/www.travelwaxer.com\/wp-content\/uploads\/2016\/09\/TWB_1200x750.jpg\" \/>\n\t<meta property=\"og:image:width\" content=\"1200\" \/>\n\t<meta property=\"og:image:height\" content=\"750\" \/>\n\t<meta property=\"og:image:type\" content=\"image\/jpeg\" \/>\n<meta name=\"twitter:card\" content=\"summary_large_image\" \/>\n<meta name=\"twitter:label1\" content=\"Ansl. lesetid\" \/>\n\t<meta name=\"twitter:data1\" content=\"1 minutt\" \/>\n<script type=\"application\/ld+json\" class=\"yoast-schema-graph\">{\"@context\":\"https:\\\/\\\/schema.org\",\"@graph\":[{\"@type\":[\"WebPage\",\"ItemPage\"],\"@id\":\"https:\\\/\\\/www.travelwaxer.com\\\/nb\\\/produkt\\\/travel-waxer-bench-2\\\/\",\"url\":\"https:\\\/\\\/www.travelwaxer.com\\\/nb\\\/produkt\\\/travel-waxer-bench-2\\\/\",\"name\":\"Travel Waxer Bench | Travel Waxer\",\"isPartOf\":{\"@id\":\"https:\\\/\\\/www.travelwaxer.com\\\/nb\\\/#website\"},\"primaryImageOfPage\":{\"@id\":\"https:\\\/\\\/www.travelwaxer.com\\\/nb\\\/produkt\\\/travel-waxer-bench-2\\\/#primaryimage\"},\"image\":{\"@id\":\"https:\\\/\\\/www.travelwaxer.com\\\/nb\\\/produkt\\\/travel-waxer-bench-2\\\/#primaryimage\"},\"thumbnailUrl\":\"https:\\\/\\\/www.travelwaxer.com\\\/wp-content\\\/uploads\\\/2016\\\/09\\\/TWB_1200x750.jpg\",\"datePublished\":\"2015-03-17T11:21:38+00:00\",\"dateModified\":\"2026-03-22T20:39:50+00:00\",\"description\":\"Travel Waxer Bench | Travel Waxer\",\"breadcrumb\":{\"@id\":\"https:\\\/\\\/www.travelwaxer.com\\\/nb\\\/produkt\\\/travel-waxer-bench-2\\\/#breadcrumb\"},\"inLanguage\":\"nb-NO\",\"potentialAction\":[{\"@type\":\"ReadAction\",\"target\":[\"https:\\\/\\\/www.travelwaxer.com\\\/nb\\\/produkt\\\/travel-waxer-bench-2\\\/\"]}]},{\"@type\":\"ImageObject\",\"inLanguage\":\"nb-NO\",\"@id\":\"https:\\\/\\\/www.travelwaxer.com\\\/nb\\\/produkt\\\/travel-waxer-bench-2\\\/#primaryimage\",\"url\":\"https:\\\/\\\/www.travelwaxer.com\\\/wp-content\\\/uploads\\\/2016\\\/09\\\/TWB_1200x750.jpg\",\"contentUrl\":\"https:\\\/\\\/www.travelwaxer.com\\\/wp-content\\\/uploads\\\/2016\\\/09\\\/TWB_1200x750.jpg\",\"width\":1200,\"height\":750},{\"@type\":\"BreadcrumbList\",\"@id\":\"https:\\\/\\\/www.travelwaxer.com\\\/nb\\\/produkt\\\/travel-waxer-bench-2\\\/#breadcrumb\",\"itemListElement\":[{\"@type\":\"ListItem\",\"position\":1,\"name\":\"Hem\",\"item\":\"https:\\\/\\\/www.travelwaxer.com\\\/nb\\\/\"},{\"@type\":\"ListItem\",\"position\":2,\"name\":\"Produkter\",\"item\":\"https:\\\/\\\/www.travelwaxer.com\\\/nb\\\/shop\\\/\"},{\"@type\":\"ListItem\",\"position\":3,\"name\":\"Travel Waxer Bench\"}]},{\"@type\":\"WebSite\",\"@id\":\"https:\\\/\\\/www.travelwaxer.com\\\/nb\\\/#website\",\"url\":\"https:\\\/\\\/www.travelwaxer.com\\\/nb\\\/\",\"name\":\"Travel Waxer\",\"description\":\"Sm\u00f8rebord for langrenns- og alpinskier\",\"publisher\":{\"@id\":\"https:\\\/\\\/www.travelwaxer.com\\\/nb\\\/#organization\"},\"potentialAction\":[{\"@type\":\"SearchAction\",\"target\":{\"@type\":\"EntryPoint\",\"urlTemplate\":\"https:\\\/\\\/www.travelwaxer.com\\\/nb\\\/?s={search_term_string}\"},\"query-input\":{\"@type\":\"PropertyValueSpecification\",\"valueRequired\":true,\"valueName\":\"search_term_string\"}}],\"inLanguage\":\"nb-NO\"},{\"@type\":\"Organization\",\"@id\":\"https:\\\/\\\/www.travelwaxer.com\\\/nb\\\/#organization\",\"name\":\"Travel Waxer\",\"url\":\"https:\\\/\\\/www.travelwaxer.com\\\/nb\\\/\",\"logo\":{\"@type\":\"ImageObject\",\"inLanguage\":\"nb-NO\",\"@id\":\"https:\\\/\\\/www.travelwaxer.com\\\/nb\\\/#\\\/schema\\\/logo\\\/image\\\/\",\"url\":\"https:\\\/\\\/www.travelwaxer.com\\\/wp-content\\\/uploads\\\/2015\\\/03\\\/title_icon-2.png\",\"contentUrl\":\"https:\\\/\\\/www.travelwaxer.com\\\/wp-content\\\/uploads\\\/2015\\\/03\\\/title_icon-2.png\",\"width\":154,\"height\":171,\"caption\":\"Travel Waxer\"},\"image\":{\"@id\":\"https:\\\/\\\/www.travelwaxer.com\\\/nb\\\/#\\\/schema\\\/logo\\\/image\\\/\"},\"sameAs\":[\"https:\\\/\\\/www.facebook.com\\\/travelwaxer\"]}]}<\/script>\n<!-- \/ Yoast SEO plugin. -->","yoast_head_json":{"title":"Travel Waxer Bench | Travel Waxer","description":"Travel Waxer Bench | Travel Waxer","robots":{"index":"index","follow":"follow","max-snippet":"max-snippet:-1","max-image-preview":"max-image-preview:large","max-video-preview":"max-video-preview:-1"},"canonical":"https:\/\/www.travelwaxer.com\/nb\/produkt\/travel-waxer-bench-2\/","og_locale":"nb_NO","og_type":"article","og_title":"Travel Waxer Bench | Travel Waxer","og_description":"Travel Waxer Bench | Travel Waxer","og_url":"https:\/\/www.travelwaxer.com\/nb\/produkt\/travel-waxer-bench-2\/","og_site_name":"Travel Waxer","article_publisher":"https:\/\/www.facebook.com\/travelwaxer","article_modified_time":"2026-03-22T20:39:50+00:00","og_image":[{"width":1200,"height":750,"url":"https:\/\/www.travelwaxer.com\/wp-content\/uploads\/2016\/09\/TWB_1200x750.jpg","type":"image\/jpeg"}],"twitter_card":"summary_large_image","twitter_misc":{"Ansl. lesetid":"1 minutt"},"schema":{"@context":"https:\/\/schema.org","@graph":[{"@type":["WebPage","ItemPage"],"@id":"https:\/\/www.travelwaxer.com\/nb\/produkt\/travel-waxer-bench-2\/","url":"https:\/\/www.travelwaxer.com\/nb\/produkt\/travel-waxer-bench-2\/","name":"Travel Waxer Bench | Travel Waxer","isPartOf":{"@id":"https:\/\/www.travelwaxer.com\/nb\/#website"},"primaryImageOfPage":{"@id":"https:\/\/www.travelwaxer.com\/nb\/produkt\/travel-waxer-bench-2\/#primaryimage"},"image":{"@id":"https:\/\/www.travelwaxer.com\/nb\/produkt\/travel-waxer-bench-2\/#primaryimage"},"thumbnailUrl":"https:\/\/www.travelwaxer.com\/wp-content\/uploads\/2016\/09\/TWB_1200x750.jpg","datePublished":"2015-03-17T11:21:38+00:00","dateModified":"2026-03-22T20:39:50+00:00","description":"Travel Waxer Bench | Travel Waxer","breadcrumb":{"@id":"https:\/\/www.travelwaxer.com\/nb\/produkt\/travel-waxer-bench-2\/#breadcrumb"},"inLanguage":"nb-NO","potentialAction":[{"@type":"ReadAction","target":["https:\/\/www.travelwaxer.com\/nb\/produkt\/travel-waxer-bench-2\/"]}]},{"@type":"ImageObject","inLanguage":"nb-NO","@id":"https:\/\/www.travelwaxer.com\/nb\/produkt\/travel-waxer-bench-2\/#primaryimage","url":"https:\/\/www.travelwaxer.com\/wp-content\/uploads\/2016\/09\/TWB_1200x750.jpg","contentUrl":"https:\/\/www.travelwaxer.com\/wp-content\/uploads\/2016\/09\/TWB_1200x750.jpg","width":1200,"height":750},{"@type":"BreadcrumbList","@id":"https:\/\/www.travelwaxer.com\/nb\/produkt\/travel-waxer-bench-2\/#breadcrumb","itemListElement":[{"@type":"ListItem","position":1,"name":"Hem","item":"https:\/\/www.travelwaxer.com\/nb\/"},{"@type":"ListItem","position":2,"name":"Produkter","item":"https:\/\/www.travelwaxer.com\/nb\/shop\/"},{"@type":"ListItem","position":3,"name":"Travel Waxer Bench"}]},{"@type":"WebSite","@id":"https:\/\/www.travelwaxer.com\/nb\/#website","url":"https:\/\/www.travelwaxer.com\/nb\/","name":"Travel Waxer","description":"Sm\u00f8rebord for langrenns- og alpinskier","publisher":{"@id":"https:\/\/www.travelwaxer.com\/nb\/#organization"},"potentialAction":[{"@type":"SearchAction","target":{"@type":"EntryPoint","urlTemplate":"https:\/\/www.travelwaxer.com\/nb\/?s={search_term_string}"},"query-input":{"@type":"PropertyValueSpecification","valueRequired":true,"valueName":"search_term_string"}}],"inLanguage":"nb-NO"},{"@type":"Organization","@id":"https:\/\/www.travelwaxer.com\/nb\/#organization","name":"Travel Waxer","url":"https:\/\/www.travelwaxer.com\/nb\/","logo":{"@type":"ImageObject","inLanguage":"nb-NO","@id":"https:\/\/www.travelwaxer.com\/nb\/#\/schema\/logo\/image\/","url":"https:\/\/www.travelwaxer.com\/wp-content\/uploads\/2015\/03\/title_icon-2.png","contentUrl":"https:\/\/www.travelwaxer.com\/wp-content\/uploads\/2015\/03\/title_icon-2.png","width":154,"height":171,"caption":"Travel Waxer"},"image":{"@id":"https:\/\/www.travelwaxer.com\/nb\/#\/schema\/logo\/image\/"},"sameAs":["https:\/\/www.facebook.com\/travelwaxer"]}]}},"_links":{"self":[{"href":"https:\/\/www.travelwaxer.com\/nb\/wp-json\/wp\/v2\/product\/1745","targetHints":{"allow":["GET"]}}],"collection":[{"href":"https:\/\/www.travelwaxer.com\/nb\/wp-json\/wp\/v2\/product"}],"about":[{"href":"https:\/\/www.travelwaxer.com\/nb\/wp-json\/wp\/v2\/types\/product"}],"replies":[{"embeddable":true,"href":"https:\/\/www.travelwaxer.com\/nb\/wp-json\/wp\/v2\/comments?post=1745"}],"version-history":[{"count":1,"href":"https:\/\/www.travelwaxer.com\/nb\/wp-json\/wp\/v2\/product\/1745\/revisions"}],"predecessor-version":[{"id":5893,"href":"https:\/\/www.travelwaxer.com\/nb\/wp-json\/wp\/v2\/product\/1745\/revisions\/5893"}],"wp:featuredmedia":[{"embeddable":true,"href":"https:\/\/www.travelwaxer.com\/nb\/wp-json\/wp\/v2\/media\/2520"}],"wp:attachment":[{"href":"https:\/\/www.travelwaxer.com\/nb\/wp-json\/wp\/v2\/media?parent=1745"}],"wp:term":[{"taxonomy":"product_brand","embeddable":true,"href":"https:\/\/www.travelwaxer.com\/nb\/wp-json\/wp\/v2\/product_brand?post=1745"},{"taxonomy":"product_cat","embeddable":true,"href":"https:\/\/www.travelwaxer.com\/nb\/wp-json\/wp\/v2\/product_cat?post=1745"},{"taxonomy":"product_tag","embeddable":true,"href":"https:\/\/www.travelwaxer.com\/nb\/wp-json\/wp\/v2\/product_tag?post=1745"}],"curies":[{"name":"wp","href":"https:\/\/api.w.org\/{rel}","templated":true}]}}