	{"id":1828,"date":"2015-07-21T00:36:08","date_gmt":"2015-07-21T00:36:08","guid":{"rendered":"http:\/\/www.travelwaxer.com\/?page_id=1828"},"modified":"2015-07-21T00:36:08","modified_gmt":"2015-07-21T00:36:08","slug":"skilenker","status":"publish","type":"page","link":"https:\/\/www.travelwaxer.com\/nb\/skilenker\/","title":{"rendered":"Skilenker"},"content":{"rendered":"<p>Her har vi samlet noen interessante lenker for langrenn- og alpinkj\u00f8rere:<br \/>\n<\/p>\n<li><a href=\"https:\/\/www.facebook.com\/pages\/Travel-Waxer\/682788771745248\" title=\"Travel Waxer p\u00e5 Facebook\">Travel Waxer p\u00e5 Facebook<\/a> &#8211; bes\u00f8k v\u00e5r side for tips og tilbud!<\/li>\n<li><a href=\"http:\/\/www.vasaloppet.se\/\" title=\"Valla r\u00e4tt inf\u00f6r Vasaloppet\"> &#8211; Vasaloppets officiella webbplats<\/a>\n<li><a href=\"http:\/\/www.worldloppet.com\">Worldloppet<\/a> &#8211; Den verdensomspennende langrennsserien med renn p\u00e5 4 kontinenter.<\/li>\n<li><a href=\"http:\/\/www.euroloppet.com\">Europloppet<\/a> &#8211; den europeiska tilsvarigheten till Worldloppet, der fokus ligger p\u00e5 mindre konkurranser.<\/li>\n<li><a href=\"http:\/\/www.pwt.no\">PWT &#8211; Norges spesialist p\u00e5 langrennskireiser<\/li>\n","protected":false},"excerpt":{"rendered":"<p>Her har vi samlet noen interessante lenker for langrenn- og alpinkj\u00f8rere: Travel Waxer p\u00e5 Facebook &#8211; bes\u00f8k v\u00e5r side for tips og tilbud! &#8211; Vasaloppets officiella webbplats Worldloppet &#8211; Den verdensomspennende langrennsserien med renn p\u00e5 4 kontinenter. Europloppet &#8211; den europeiska tilsvarigheten till Worldloppet, der fokus ligger p\u00e5 mindre konkurranser. PWT &#8211; Norges spesialist p\u00e5 [&hellip;]<\/p>\n","protected":false},"author":2,"featured_media":0,"parent":0,"menu_order":0,"comment_status":"open","ping_status":"open","template":"","meta":{"footnotes":""},"class_list":["post-1828","page","type-page","status-publish","hentry"],"yoast_head":"<!-- This site is optimized with the Yoast SEO plugin v27.4 - https:\/\/yoast.com\/product\/yoast-seo-wordpress\/ -->\n<title>Skilenker | Travel Waxer<\/title>\n<meta name=\"description\" content=\"Skilenker | Travel Waxer\" \/>\n<meta name=\"robots\" content=\"index, follow, max-snippet:-1, max-image-preview:large, max-video-preview:-1\" \/>\n<link rel=\"canonical\" href=\"https:\/\/www.travelwaxer.com\/nb\/skilenker\/\" \/>\n<meta property=\"og:locale\" content=\"nb_NO\" \/>\n<meta property=\"og:type\" content=\"article\" \/>\n<meta property=\"og:title\" content=\"Skilenker | Travel Waxer\" \/>\n<meta property=\"og:description\" content=\"Skilenker | Travel Waxer\" \/>\n<meta property=\"og:url\" content=\"https:\/\/www.travelwaxer.com\/nb\/skilenker\/\" \/>\n<meta property=\"og:site_name\" content=\"Travel Waxer\" \/>\n<meta property=\"article:publisher\" content=\"https:\/\/www.facebook.com\/travelwaxer\" \/>\n<meta name=\"twitter:card\" content=\"summary_large_image\" \/>\n<script type=\"application\/ld+json\" class=\"yoast-schema-graph\">{\"@context\":\"https:\\\/\\\/schema.org\",\"@graph\":[{\"@type\":\"WebPage\",\"@id\":\"https:\\\/\\\/www.travelwaxer.com\\\/nb\\\/skilenker\\\/\",\"url\":\"https:\\\/\\\/www.travelwaxer.com\\\/nb\\\/skilenker\\\/\",\"name\":\"Skilenker | Travel Waxer\",\"isPartOf\":{\"@id\":\"https:\\\/\\\/www.travelwaxer.com\\\/nb\\\/#website\"},\"datePublished\":\"2015-07-21T00:36:08+00:00\",\"description\":\"Skilenker | Travel Waxer\",\"breadcrumb\":{\"@id\":\"https:\\\/\\\/www.travelwaxer.com\\\/nb\\\/skilenker\\\/#breadcrumb\"},\"inLanguage\":\"nb-NO\",\"potentialAction\":[{\"@type\":\"ReadAction\",\"target\":[\"https:\\\/\\\/www.travelwaxer.com\\\/nb\\\/skilenker\\\/\"]}]},{\"@type\":\"BreadcrumbList\",\"@id\":\"https:\\\/\\\/www.travelwaxer.com\\\/nb\\\/skilenker\\\/#breadcrumb\",\"itemListElement\":[{\"@type\":\"ListItem\",\"position\":1,\"name\":\"Hem\",\"item\":\"https:\\\/\\\/www.travelwaxer.com\\\/nb\\\/\"},{\"@type\":\"ListItem\",\"position\":2,\"name\":\"Skilenker\"}]},{\"@type\":\"WebSite\",\"@id\":\"https:\\\/\\\/www.travelwaxer.com\\\/nb\\\/#website\",\"url\":\"https:\\\/\\\/www.travelwaxer.com\\\/nb\\\/\",\"name\":\"Travel Waxer\",\"description\":\"Sm\u00f8rebord for langrenns- og alpinskier\",\"publisher\":{\"@id\":\"https:\\\/\\\/www.travelwaxer.com\\\/nb\\\/#organization\"},\"potentialAction\":[{\"@type\":\"SearchAction\",\"target\":{\"@type\":\"EntryPoint\",\"urlTemplate\":\"https:\\\/\\\/www.travelwaxer.com\\\/nb\\\/?s={search_term_string}\"},\"query-input\":{\"@type\":\"PropertyValueSpecification\",\"valueRequired\":true,\"valueName\":\"search_term_string\"}}],\"inLanguage\":\"nb-NO\"},{\"@type\":\"Organization\",\"@id\":\"https:\\\/\\\/www.travelwaxer.com\\\/nb\\\/#organization\",\"name\":\"Travel Waxer\",\"url\":\"https:\\\/\\\/www.travelwaxer.com\\\/nb\\\/\",\"logo\":{\"@type\":\"ImageObject\",\"inLanguage\":\"nb-NO\",\"@id\":\"https:\\\/\\\/www.travelwaxer.com\\\/nb\\\/#\\\/schema\\\/logo\\\/image\\\/\",\"url\":\"https:\\\/\\\/www.travelwaxer.com\\\/wp-content\\\/uploads\\\/2015\\\/03\\\/title_icon-2.png\",\"contentUrl\":\"https:\\\/\\\/www.travelwaxer.com\\\/wp-content\\\/uploads\\\/2015\\\/03\\\/title_icon-2.png\",\"width\":154,\"height\":171,\"caption\":\"Travel Waxer\"},\"image\":{\"@id\":\"https:\\\/\\\/www.travelwaxer.com\\\/nb\\\/#\\\/schema\\\/logo\\\/image\\\/\"},\"sameAs\":[\"https:\\\/\\\/www.facebook.com\\\/travelwaxer\"]}]}<\/script>\n<!-- \/ Yoast SEO plugin. -->","yoast_head_json":{"title":"Skilenker | Travel Waxer","description":"Skilenker | Travel Waxer","robots":{"index":"index","follow":"follow","max-snippet":"max-snippet:-1","max-image-preview":"max-image-preview:large","max-video-preview":"max-video-preview:-1"},"canonical":"https:\/\/www.travelwaxer.com\/nb\/skilenker\/","og_locale":"nb_NO","og_type":"article","og_title":"Skilenker | Travel Waxer","og_description":"Skilenker | Travel Waxer","og_url":"https:\/\/www.travelwaxer.com\/nb\/skilenker\/","og_site_name":"Travel Waxer","article_publisher":"https:\/\/www.facebook.com\/travelwaxer","twitter_card":"summary_large_image","schema":{"@context":"https:\/\/schema.org","@graph":[{"@type":"WebPage","@id":"https:\/\/www.travelwaxer.com\/nb\/skilenker\/","url":"https:\/\/www.travelwaxer.com\/nb\/skilenker\/","name":"Skilenker | Travel Waxer","isPartOf":{"@id":"https:\/\/www.travelwaxer.com\/nb\/#website"},"datePublished":"2015-07-21T00:36:08+00:00","description":"Skilenker | Travel Waxer","breadcrumb":{"@id":"https:\/\/www.travelwaxer.com\/nb\/skilenker\/#breadcrumb"},"inLanguage":"nb-NO","potentialAction":[{"@type":"ReadAction","target":["https:\/\/www.travelwaxer.com\/nb\/skilenker\/"]}]},{"@type":"BreadcrumbList","@id":"https:\/\/www.travelwaxer.com\/nb\/skilenker\/#breadcrumb","itemListElement":[{"@type":"ListItem","position":1,"name":"Hem","item":"https:\/\/www.travelwaxer.com\/nb\/"},{"@type":"ListItem","position":2,"name":"Skilenker"}]},{"@type":"WebSite","@id":"https:\/\/www.travelwaxer.com\/nb\/#website","url":"https:\/\/www.travelwaxer.com\/nb\/","name":"Travel Waxer","description":"Sm\u00f8rebord for langrenns- og alpinskier","publisher":{"@id":"https:\/\/www.travelwaxer.com\/nb\/#organization"},"potentialAction":[{"@type":"SearchAction","target":{"@type":"EntryPoint","urlTemplate":"https:\/\/www.travelwaxer.com\/nb\/?s={search_term_string}"},"query-input":{"@type":"PropertyValueSpecification","valueRequired":true,"valueName":"search_term_string"}}],"inLanguage":"nb-NO"},{"@type":"Organization","@id":"https:\/\/www.travelwaxer.com\/nb\/#organization","name":"Travel Waxer","url":"https:\/\/www.travelwaxer.com\/nb\/","logo":{"@type":"ImageObject","inLanguage":"nb-NO","@id":"https:\/\/www.travelwaxer.com\/nb\/#\/schema\/logo\/image\/","url":"https:\/\/www.travelwaxer.com\/wp-content\/uploads\/2015\/03\/title_icon-2.png","contentUrl":"https:\/\/www.travelwaxer.com\/wp-content\/uploads\/2015\/03\/title_icon-2.png","width":154,"height":171,"caption":"Travel Waxer"},"image":{"@id":"https:\/\/www.travelwaxer.com\/nb\/#\/schema\/logo\/image\/"},"sameAs":["https:\/\/www.facebook.com\/travelwaxer"]}]}},"_links":{"self":[{"href":"https:\/\/www.travelwaxer.com\/nb\/wp-json\/wp\/v2\/pages\/1828","targetHints":{"allow":["GET"]}}],"collection":[{"href":"https:\/\/www.travelwaxer.com\/nb\/wp-json\/wp\/v2\/pages"}],"about":[{"href":"https:\/\/www.travelwaxer.com\/nb\/wp-json\/wp\/v2\/types\/page"}],"author":[{"embeddable":true,"href":"https:\/\/www.travelwaxer.com\/nb\/wp-json\/wp\/v2\/users\/2"}],"replies":[{"embeddable":true,"href":"https:\/\/www.travelwaxer.com\/nb\/wp-json\/wp\/v2\/comments?post=1828"}],"version-history":[{"count":1,"href":"https:\/\/www.travelwaxer.com\/nb\/wp-json\/wp\/v2\/pages\/1828\/revisions"}],"predecessor-version":[{"id":1829,"href":"https:\/\/www.travelwaxer.com\/nb\/wp-json\/wp\/v2\/pages\/1828\/revisions\/1829"}],"wp:attachment":[{"href":"https:\/\/www.travelwaxer.com\/nb\/wp-json\/wp\/v2\/media?parent=1828"}],"curies":[{"name":"wp","href":"https:\/\/api.w.org\/{rel}","templated":true}]}}