	{"id":4647,"date":"2015-03-17T11:21:38","date_gmt":"2015-03-17T11:21:38","guid":{"rendered":"https:\/\/www.travelwaxer.com\/product\/travel-waxer-bench-4\/"},"modified":"2026-03-22T21:38:04","modified_gmt":"2026-03-22T20:38:04","slug":"travel-waxer-bench-4","status":"publish","type":"product","link":"https:\/\/www.travelwaxer.com\/fr\/produit\/travel-waxer-bench-4\/","title":{"rendered":"Travel Waxer Bench"},"content":{"rendered":"<ul>\n<li>Une conception compacte qui permet \u00e0 la table de rentrer dans une housse de ski<\/li>\n<li>Assemblage en quelques secondes<\/li>\n<li>Ultra l\u00e9g\u00e8re mais stable<\/li>\n<li>Hauteur de 90 cm<\/li>\n<li>Peut \u00eatre utilis\u00e9e avec des \u00e9taux de toutes marques. V\u00e9rifiez les dimensions! La table fait 2 cm d\u2019\u00e9paisseur et 4 cm de largeur.<\/li>\n<\/ul>\n","protected":false},"excerpt":{"rendered":"<p>Vous \u00eates d\u00e9j\u00e0 possesseurs d\u2019un support Travel Waxer? Ou peut-\u00eatre d\u2019une autre marque? Vous avez besoin de pr\u00e9parer vos skis au pied des pistes? Dans ce cas la table Travel Waxer est le produit que vous cherchez. A 2.5 kg c\u2019est la table la plus l\u00e9g\u00e8re et la plus compacte du march\u00e9.<\/p>\n<p>Travel Waxer Bench est livr\u00e9e dans son sac de transport tr\u00e8s pratique et s\u2019assemble facilement en d\u00e9pliant les pieds.<\/p>\n","protected":false},"featured_media":4298,"comment_status":"open","ping_status":"closed","template":"","meta":{"footnotes":""},"product_brand":[],"product_cat":[271],"product_tag":[],"class_list":{"0":"post-4647","1":"product","2":"type-product","3":"status-publish","4":"has-post-thumbnail","6":"product_cat-accessoires","8":"first","9":"instock","10":"taxable","11":"shipping-taxable","12":"purchasable","13":"product-type-simple"},"yoast_head":"<!-- This site is optimized with the Yoast SEO plugin v27.6 - https:\/\/yoast.com\/product\/yoast-seo-wordpress\/ -->\n<title>Travel Waxer Bench | Travel Waxer<\/title>\n<meta name=\"description\" content=\"Travel Waxer Bench | Travel Waxer\" \/>\n<meta name=\"robots\" content=\"index, follow, max-snippet:-1, max-image-preview:large, max-video-preview:-1\" \/>\n<link rel=\"canonical\" href=\"https:\/\/www.travelwaxer.com\/fr\/produit\/travel-waxer-bench-4\/\" \/>\n<meta property=\"og:locale\" content=\"fr_FR\" \/>\n<meta property=\"og:type\" content=\"article\" \/>\n<meta property=\"og:title\" content=\"Travel Waxer Bench | Travel Waxer\" \/>\n<meta property=\"og:description\" content=\"Travel Waxer Bench | Travel Waxer\" \/>\n<meta property=\"og:url\" content=\"https:\/\/www.travelwaxer.com\/fr\/produit\/travel-waxer-bench-4\/\" \/>\n<meta property=\"og:site_name\" content=\"Travel Waxer\" \/>\n<meta property=\"article:publisher\" content=\"https:\/\/www.facebook.com\/travelwaxer\" \/>\n<meta property=\"article:modified_time\" content=\"2026-03-22T20:38:04+00:00\" \/>\n<meta property=\"og:image\" content=\"https:\/\/www.travelwaxer.com\/wp-content\/uploads\/2016\/09\/TWB_1200x750.jpg\" \/>\n\t<meta property=\"og:image:width\" content=\"1200\" \/>\n\t<meta property=\"og:image:height\" content=\"750\" \/>\n\t<meta property=\"og:image:type\" content=\"image\/jpeg\" \/>\n<meta name=\"twitter:card\" content=\"summary_large_image\" \/>\n<meta name=\"twitter:label1\" content=\"Dur\u00e9e de lecture estim\u00e9e\" \/>\n\t<meta name=\"twitter:data1\" content=\"1 minute\" \/>\n<script type=\"application\/ld+json\" class=\"yoast-schema-graph\">{\"@context\":\"https:\\\/\\\/schema.org\",\"@graph\":[{\"@type\":[\"WebPage\",\"ItemPage\"],\"@id\":\"https:\\\/\\\/www.travelwaxer.com\\\/fr\\\/produit\\\/travel-waxer-bench-4\\\/\",\"url\":\"https:\\\/\\\/www.travelwaxer.com\\\/fr\\\/produit\\\/travel-waxer-bench-4\\\/\",\"name\":\"Travel Waxer Bench | Travel Waxer\",\"isPartOf\":{\"@id\":\"https:\\\/\\\/www.travelwaxer.com\\\/fr\\\/#website\"},\"primaryImageOfPage\":{\"@id\":\"https:\\\/\\\/www.travelwaxer.com\\\/fr\\\/produit\\\/travel-waxer-bench-4\\\/#primaryimage\"},\"image\":{\"@id\":\"https:\\\/\\\/www.travelwaxer.com\\\/fr\\\/produit\\\/travel-waxer-bench-4\\\/#primaryimage\"},\"thumbnailUrl\":\"https:\\\/\\\/www.travelwaxer.com\\\/wp-content\\\/uploads\\\/2016\\\/09\\\/TWB_1200x750.jpg\",\"datePublished\":\"2015-03-17T11:21:38+00:00\",\"dateModified\":\"2026-03-22T20:38:04+00:00\",\"description\":\"Travel Waxer Bench | Travel Waxer\",\"breadcrumb\":{\"@id\":\"https:\\\/\\\/www.travelwaxer.com\\\/fr\\\/produit\\\/travel-waxer-bench-4\\\/#breadcrumb\"},\"inLanguage\":\"fr-FR\",\"potentialAction\":[{\"@type\":\"ReadAction\",\"target\":[\"https:\\\/\\\/www.travelwaxer.com\\\/fr\\\/produit\\\/travel-waxer-bench-4\\\/\"]}]},{\"@type\":\"ImageObject\",\"inLanguage\":\"fr-FR\",\"@id\":\"https:\\\/\\\/www.travelwaxer.com\\\/fr\\\/produit\\\/travel-waxer-bench-4\\\/#primaryimage\",\"url\":\"https:\\\/\\\/www.travelwaxer.com\\\/wp-content\\\/uploads\\\/2016\\\/09\\\/TWB_1200x750.jpg\",\"contentUrl\":\"https:\\\/\\\/www.travelwaxer.com\\\/wp-content\\\/uploads\\\/2016\\\/09\\\/TWB_1200x750.jpg\",\"width\":1200,\"height\":750,\"caption\":\"Travel Waxer Bench uppf\u00e4lld\"},{\"@type\":\"BreadcrumbList\",\"@id\":\"https:\\\/\\\/www.travelwaxer.com\\\/fr\\\/produit\\\/travel-waxer-bench-4\\\/#breadcrumb\",\"itemListElement\":[{\"@type\":\"ListItem\",\"position\":1,\"name\":\"Hem\",\"item\":\"https:\\\/\\\/www.travelwaxer.com\\\/fr\\\/\"},{\"@type\":\"ListItem\",\"position\":2,\"name\":\"Produits\",\"item\":\"https:\\\/\\\/www.travelwaxer.com\\\/fr\\\/shop\\\/\"},{\"@type\":\"ListItem\",\"position\":3,\"name\":\"Travel Waxer Bench\"}]},{\"@type\":\"WebSite\",\"@id\":\"https:\\\/\\\/www.travelwaxer.com\\\/fr\\\/#website\",\"url\":\"https:\\\/\\\/www.travelwaxer.com\\\/fr\\\/\",\"name\":\"Travel Waxer\",\"description\":\"Wax bench for cross-country and alpine skis\",\"publisher\":{\"@id\":\"https:\\\/\\\/www.travelwaxer.com\\\/fr\\\/#organization\"},\"potentialAction\":[{\"@type\":\"SearchAction\",\"target\":{\"@type\":\"EntryPoint\",\"urlTemplate\":\"https:\\\/\\\/www.travelwaxer.com\\\/fr\\\/?s={search_term_string}\"},\"query-input\":{\"@type\":\"PropertyValueSpecification\",\"valueRequired\":true,\"valueName\":\"search_term_string\"}}],\"inLanguage\":\"fr-FR\"},{\"@type\":\"Organization\",\"@id\":\"https:\\\/\\\/www.travelwaxer.com\\\/fr\\\/#organization\",\"name\":\"Travel Waxer\",\"url\":\"https:\\\/\\\/www.travelwaxer.com\\\/fr\\\/\",\"logo\":{\"@type\":\"ImageObject\",\"inLanguage\":\"fr-FR\",\"@id\":\"https:\\\/\\\/www.travelwaxer.com\\\/fr\\\/#\\\/schema\\\/logo\\\/image\\\/\",\"url\":\"https:\\\/\\\/www.travelwaxer.com\\\/wp-content\\\/uploads\\\/2015\\\/03\\\/title_icon-2.png\",\"contentUrl\":\"https:\\\/\\\/www.travelwaxer.com\\\/wp-content\\\/uploads\\\/2015\\\/03\\\/title_icon-2.png\",\"width\":154,\"height\":171,\"caption\":\"Travel Waxer\"},\"image\":{\"@id\":\"https:\\\/\\\/www.travelwaxer.com\\\/fr\\\/#\\\/schema\\\/logo\\\/image\\\/\"},\"sameAs\":[\"https:\\\/\\\/www.facebook.com\\\/travelwaxer\"]}]}<\/script>\n<!-- \/ Yoast SEO plugin. -->","yoast_head_json":{"title":"Travel Waxer Bench | Travel Waxer","description":"Travel Waxer Bench | Travel Waxer","robots":{"index":"index","follow":"follow","max-snippet":"max-snippet:-1","max-image-preview":"max-image-preview:large","max-video-preview":"max-video-preview:-1"},"canonical":"https:\/\/www.travelwaxer.com\/fr\/produit\/travel-waxer-bench-4\/","og_locale":"fr_FR","og_type":"article","og_title":"Travel Waxer Bench | Travel Waxer","og_description":"Travel Waxer Bench | Travel Waxer","og_url":"https:\/\/www.travelwaxer.com\/fr\/produit\/travel-waxer-bench-4\/","og_site_name":"Travel Waxer","article_publisher":"https:\/\/www.facebook.com\/travelwaxer","article_modified_time":"2026-03-22T20:38:04+00:00","og_image":[{"width":1200,"height":750,"url":"https:\/\/www.travelwaxer.com\/wp-content\/uploads\/2016\/09\/TWB_1200x750.jpg","type":"image\/jpeg"}],"twitter_card":"summary_large_image","twitter_misc":{"Dur\u00e9e de lecture estim\u00e9e":"1 minute"},"schema":{"@context":"https:\/\/schema.org","@graph":[{"@type":["WebPage","ItemPage"],"@id":"https:\/\/www.travelwaxer.com\/fr\/produit\/travel-waxer-bench-4\/","url":"https:\/\/www.travelwaxer.com\/fr\/produit\/travel-waxer-bench-4\/","name":"Travel Waxer Bench | Travel Waxer","isPartOf":{"@id":"https:\/\/www.travelwaxer.com\/fr\/#website"},"primaryImageOfPage":{"@id":"https:\/\/www.travelwaxer.com\/fr\/produit\/travel-waxer-bench-4\/#primaryimage"},"image":{"@id":"https:\/\/www.travelwaxer.com\/fr\/produit\/travel-waxer-bench-4\/#primaryimage"},"thumbnailUrl":"https:\/\/www.travelwaxer.com\/wp-content\/uploads\/2016\/09\/TWB_1200x750.jpg","datePublished":"2015-03-17T11:21:38+00:00","dateModified":"2026-03-22T20:38:04+00:00","description":"Travel Waxer Bench | Travel Waxer","breadcrumb":{"@id":"https:\/\/www.travelwaxer.com\/fr\/produit\/travel-waxer-bench-4\/#breadcrumb"},"inLanguage":"fr-FR","potentialAction":[{"@type":"ReadAction","target":["https:\/\/www.travelwaxer.com\/fr\/produit\/travel-waxer-bench-4\/"]}]},{"@type":"ImageObject","inLanguage":"fr-FR","@id":"https:\/\/www.travelwaxer.com\/fr\/produit\/travel-waxer-bench-4\/#primaryimage","url":"https:\/\/www.travelwaxer.com\/wp-content\/uploads\/2016\/09\/TWB_1200x750.jpg","contentUrl":"https:\/\/www.travelwaxer.com\/wp-content\/uploads\/2016\/09\/TWB_1200x750.jpg","width":1200,"height":750,"caption":"Travel Waxer Bench uppf\u00e4lld"},{"@type":"BreadcrumbList","@id":"https:\/\/www.travelwaxer.com\/fr\/produit\/travel-waxer-bench-4\/#breadcrumb","itemListElement":[{"@type":"ListItem","position":1,"name":"Hem","item":"https:\/\/www.travelwaxer.com\/fr\/"},{"@type":"ListItem","position":2,"name":"Produits","item":"https:\/\/www.travelwaxer.com\/fr\/shop\/"},{"@type":"ListItem","position":3,"name":"Travel Waxer Bench"}]},{"@type":"WebSite","@id":"https:\/\/www.travelwaxer.com\/fr\/#website","url":"https:\/\/www.travelwaxer.com\/fr\/","name":"Travel Waxer","description":"Wax bench for cross-country and alpine skis","publisher":{"@id":"https:\/\/www.travelwaxer.com\/fr\/#organization"},"potentialAction":[{"@type":"SearchAction","target":{"@type":"EntryPoint","urlTemplate":"https:\/\/www.travelwaxer.com\/fr\/?s={search_term_string}"},"query-input":{"@type":"PropertyValueSpecification","valueRequired":true,"valueName":"search_term_string"}}],"inLanguage":"fr-FR"},{"@type":"Organization","@id":"https:\/\/www.travelwaxer.com\/fr\/#organization","name":"Travel Waxer","url":"https:\/\/www.travelwaxer.com\/fr\/","logo":{"@type":"ImageObject","inLanguage":"fr-FR","@id":"https:\/\/www.travelwaxer.com\/fr\/#\/schema\/logo\/image\/","url":"https:\/\/www.travelwaxer.com\/wp-content\/uploads\/2015\/03\/title_icon-2.png","contentUrl":"https:\/\/www.travelwaxer.com\/wp-content\/uploads\/2015\/03\/title_icon-2.png","width":154,"height":171,"caption":"Travel Waxer"},"image":{"@id":"https:\/\/www.travelwaxer.com\/fr\/#\/schema\/logo\/image\/"},"sameAs":["https:\/\/www.facebook.com\/travelwaxer"]}]}},"_links":{"self":[{"href":"https:\/\/www.travelwaxer.com\/fr\/wp-json\/wp\/v2\/product\/4647","targetHints":{"allow":["GET"]}}],"collection":[{"href":"https:\/\/www.travelwaxer.com\/fr\/wp-json\/wp\/v2\/product"}],"about":[{"href":"https:\/\/www.travelwaxer.com\/fr\/wp-json\/wp\/v2\/types\/product"}],"replies":[{"embeddable":true,"href":"https:\/\/www.travelwaxer.com\/fr\/wp-json\/wp\/v2\/comments?post=4647"}],"version-history":[{"count":2,"href":"https:\/\/www.travelwaxer.com\/fr\/wp-json\/wp\/v2\/product\/4647\/revisions"}],"predecessor-version":[{"id":5891,"href":"https:\/\/www.travelwaxer.com\/fr\/wp-json\/wp\/v2\/product\/4647\/revisions\/5891"}],"wp:featuredmedia":[{"embeddable":true,"href":"https:\/\/www.travelwaxer.com\/fr\/wp-json\/wp\/v2\/media\/4298"}],"wp:attachment":[{"href":"https:\/\/www.travelwaxer.com\/fr\/wp-json\/wp\/v2\/media?parent=4647"}],"wp:term":[{"taxonomy":"product_brand","embeddable":true,"href":"https:\/\/www.travelwaxer.com\/fr\/wp-json\/wp\/v2\/product_brand?post=4647"},{"taxonomy":"product_cat","embeddable":true,"href":"https:\/\/www.travelwaxer.com\/fr\/wp-json\/wp\/v2\/product_cat?post=4647"},{"taxonomy":"product_tag","embeddable":true,"href":"https:\/\/www.travelwaxer.com\/fr\/wp-json\/wp\/v2\/product_tag?post=4647"}],"curies":[{"name":"wp","href":"https:\/\/api.w.org\/{rel}","templated":true}]}}