	{"id":4645,"date":"2013-03-17T12:02:13","date_gmt":"2013-03-17T11:02:13","guid":{"rendered":"https:\/\/www.travelwaxer.com\/product\/travel-waxer-bench-allski-2\/"},"modified":"2026-02-04T11:43:06","modified_gmt":"2026-02-04T10:43:06","slug":"travel-waxer-bench-allski-2","status":"publish","type":"product","link":"https:\/\/www.travelwaxer.com\/fr\/produit\/travel-waxer-bench-allski-2\/","title":{"rendered":"Travel Waxer Bench Allski"},"content":{"rendered":"<ul>\n<li>Stable support for complete cross-country and alpine waxing<\/li>\n<li>Both the bench and the ski vise go into your ski bag, making it optimal for flying. The bench alone has a weight of 2.3 kg.<\/li>\n<li>For edge grinding the ski is placed sideways in the alpine profiles<\/li>\n<li>Ski stopper is folded away when alpin adapter placed in binding<\/li>\n<li>Stable support for both cross-country and alpine waxing<\/li>\n<li>Height adjustable center clamp ring accomodates all ski lengths<\/li>\n<li>Flexible system &#8211; you can use the ski vise indoors on a table or outdoors on the bench.<\/li>\n<li>Clamp rubber coating prevents scratches on table<\/li>\n<li>Fits in many places \u2013 clamps handle a thickness of mounting surface (e.g. a table) of up to 6 cm and the length of the mounting surface should be about 140 cm<\/li>\n<\/ul>\n","protected":false},"excerpt":{"rendered":"<p>Travel Waxer Allski est le kit complet pour un skieur polyvalent. Assur\u00e9ment cette table permettra de combler les besoin de toute la famille. Bench Allski offre un tarif tr\u00e8s avantageux compar\u00e9 \u00e0 l\u2019achat des pi\u00e8ces \u00e0 l\u2019unit\u00e9.<\/p>\n<h3>[wpml-get-string string=\"Why choose this product?\"]<\/h3>\n<ul>\n<li>Support stable pour tous types de skis<\/li>\n<li>Adapt\u00e9 pour l\u2019affutage des carres<\/li>\n<li>Convient \u00e0 tous types de fixations et longueurs de skis<\/li>\n<li>Transportable dans votre housse \u00e0 ski<\/li>\n<\/ul>\n<p>Comment sont fix\u00e9s les skis de randonn\u00e9e:<br \/>\n<iframe loading=\"lazy\" src=\"https:\/\/www.youtube.com\/embed\/MQEnZ7xIkLU?si=0F1YZZTogeShDdNT\" width=\"560\" height=\"315\" frameborder=\"0\" allowfullscreen=\"allowfullscreen\"><\/iframe><\/p>\n","protected":false},"featured_media":5619,"comment_status":"open","ping_status":"closed","template":"","meta":{"footnotes":""},"product_brand":[],"product_cat":[258],"product_tag":[],"class_list":{"0":"post-4645","1":"product","2":"type-product","3":"status-publish","4":"has-post-thumbnail","6":"product_cat-kit-de-fartage-combine","8":"first","9":"onbackorder","10":"taxable","11":"shipping-taxable","12":"purchasable","13":"product-type-simple"},"yoast_head":"<!-- This site is optimized with the Yoast SEO plugin v27.6 - https:\/\/yoast.com\/product\/yoast-seo-wordpress\/ -->\n<title>Travel Waxer Bench Allski | Travel Waxer<\/title>\n<meta name=\"description\" content=\"Travel Waxer Bench Allski | Travel Waxer\" \/>\n<meta name=\"robots\" content=\"index, follow, max-snippet:-1, max-image-preview:large, max-video-preview:-1\" \/>\n<link rel=\"canonical\" href=\"https:\/\/www.travelwaxer.com\/fr\/produit\/travel-waxer-bench-allski-2\/\" \/>\n<meta property=\"og:locale\" content=\"fr_FR\" \/>\n<meta property=\"og:type\" content=\"article\" \/>\n<meta property=\"og:title\" content=\"Travel Waxer Bench Allski | Travel Waxer\" \/>\n<meta property=\"og:description\" content=\"Travel Waxer Bench Allski | Travel Waxer\" \/>\n<meta property=\"og:url\" content=\"https:\/\/www.travelwaxer.com\/fr\/produit\/travel-waxer-bench-allski-2\/\" \/>\n<meta property=\"og:site_name\" content=\"Travel Waxer\" \/>\n<meta property=\"article:publisher\" content=\"https:\/\/www.facebook.com\/travelwaxer\" \/>\n<meta property=\"article:modified_time\" content=\"2026-02-04T10:43:06+00:00\" \/>\n<meta property=\"og:image\" content=\"https:\/\/www.travelwaxer.com\/wp-content\/uploads\/TWBALL_featured-1-scaled.jpg\" \/>\n\t<meta property=\"og:image:width\" content=\"2560\" \/>\n\t<meta property=\"og:image:height\" content=\"2560\" \/>\n\t<meta property=\"og:image:type\" content=\"image\/jpeg\" \/>\n<meta name=\"twitter:card\" content=\"summary_large_image\" \/>\n<meta name=\"twitter:label1\" content=\"Dur\u00e9e de lecture estim\u00e9e\" \/>\n\t<meta name=\"twitter:data1\" content=\"1 minute\" \/>\n<script type=\"application\/ld+json\" class=\"yoast-schema-graph\">{\"@context\":\"https:\\\/\\\/schema.org\",\"@graph\":[{\"@type\":[\"WebPage\",\"ItemPage\"],\"@id\":\"https:\\\/\\\/www.travelwaxer.com\\\/fr\\\/produit\\\/travel-waxer-bench-allski-2\\\/\",\"url\":\"https:\\\/\\\/www.travelwaxer.com\\\/fr\\\/produit\\\/travel-waxer-bench-allski-2\\\/\",\"name\":\"Travel Waxer Bench Allski | Travel Waxer\",\"isPartOf\":{\"@id\":\"https:\\\/\\\/www.travelwaxer.com\\\/fr\\\/#website\"},\"primaryImageOfPage\":{\"@id\":\"https:\\\/\\\/www.travelwaxer.com\\\/fr\\\/produit\\\/travel-waxer-bench-allski-2\\\/#primaryimage\"},\"image\":{\"@id\":\"https:\\\/\\\/www.travelwaxer.com\\\/fr\\\/produit\\\/travel-waxer-bench-allski-2\\\/#primaryimage\"},\"thumbnailUrl\":\"https:\\\/\\\/www.travelwaxer.com\\\/wp-content\\\/uploads\\\/TWBALL_featured-1-scaled.jpg\",\"datePublished\":\"2013-03-17T11:02:13+00:00\",\"dateModified\":\"2026-02-04T10:43:06+00:00\",\"description\":\"Travel Waxer Bench Allski | Travel Waxer\",\"breadcrumb\":{\"@id\":\"https:\\\/\\\/www.travelwaxer.com\\\/fr\\\/produit\\\/travel-waxer-bench-allski-2\\\/#breadcrumb\"},\"inLanguage\":\"fr-FR\",\"potentialAction\":[{\"@type\":\"ReadAction\",\"target\":[\"https:\\\/\\\/www.travelwaxer.com\\\/fr\\\/produit\\\/travel-waxer-bench-allski-2\\\/\"]}]},{\"@type\":\"ImageObject\",\"inLanguage\":\"fr-FR\",\"@id\":\"https:\\\/\\\/www.travelwaxer.com\\\/fr\\\/produit\\\/travel-waxer-bench-allski-2\\\/#primaryimage\",\"url\":\"https:\\\/\\\/www.travelwaxer.com\\\/wp-content\\\/uploads\\\/TWBALL_featured-1-scaled.jpg\",\"contentUrl\":\"https:\\\/\\\/www.travelwaxer.com\\\/wp-content\\\/uploads\\\/TWBALL_featured-1-scaled.jpg\",\"width\":2560,\"height\":2560,\"caption\":\"Vallab\u00e4nk l\u00e4ngd och alpint\"},{\"@type\":\"BreadcrumbList\",\"@id\":\"https:\\\/\\\/www.travelwaxer.com\\\/fr\\\/produit\\\/travel-waxer-bench-allski-2\\\/#breadcrumb\",\"itemListElement\":[{\"@type\":\"ListItem\",\"position\":1,\"name\":\"Hem\",\"item\":\"https:\\\/\\\/www.travelwaxer.com\\\/fr\\\/\"},{\"@type\":\"ListItem\",\"position\":2,\"name\":\"Produits\",\"item\":\"https:\\\/\\\/www.travelwaxer.com\\\/fr\\\/shop\\\/\"},{\"@type\":\"ListItem\",\"position\":3,\"name\":\"Travel Waxer Bench Allski\"}]},{\"@type\":\"WebSite\",\"@id\":\"https:\\\/\\\/www.travelwaxer.com\\\/fr\\\/#website\",\"url\":\"https:\\\/\\\/www.travelwaxer.com\\\/fr\\\/\",\"name\":\"Travel Waxer\",\"description\":\"Wax bench for cross-country and alpine skis\",\"publisher\":{\"@id\":\"https:\\\/\\\/www.travelwaxer.com\\\/fr\\\/#organization\"},\"potentialAction\":[{\"@type\":\"SearchAction\",\"target\":{\"@type\":\"EntryPoint\",\"urlTemplate\":\"https:\\\/\\\/www.travelwaxer.com\\\/fr\\\/?s={search_term_string}\"},\"query-input\":{\"@type\":\"PropertyValueSpecification\",\"valueRequired\":true,\"valueName\":\"search_term_string\"}}],\"inLanguage\":\"fr-FR\"},{\"@type\":\"Organization\",\"@id\":\"https:\\\/\\\/www.travelwaxer.com\\\/fr\\\/#organization\",\"name\":\"Travel Waxer\",\"url\":\"https:\\\/\\\/www.travelwaxer.com\\\/fr\\\/\",\"logo\":{\"@type\":\"ImageObject\",\"inLanguage\":\"fr-FR\",\"@id\":\"https:\\\/\\\/www.travelwaxer.com\\\/fr\\\/#\\\/schema\\\/logo\\\/image\\\/\",\"url\":\"https:\\\/\\\/www.travelwaxer.com\\\/wp-content\\\/uploads\\\/2015\\\/03\\\/title_icon-2.png\",\"contentUrl\":\"https:\\\/\\\/www.travelwaxer.com\\\/wp-content\\\/uploads\\\/2015\\\/03\\\/title_icon-2.png\",\"width\":154,\"height\":171,\"caption\":\"Travel Waxer\"},\"image\":{\"@id\":\"https:\\\/\\\/www.travelwaxer.com\\\/fr\\\/#\\\/schema\\\/logo\\\/image\\\/\"},\"sameAs\":[\"https:\\\/\\\/www.facebook.com\\\/travelwaxer\"]}]}<\/script>\n<!-- \/ Yoast SEO plugin. -->","yoast_head_json":{"title":"Travel Waxer Bench Allski | Travel Waxer","description":"Travel Waxer Bench Allski | Travel Waxer","robots":{"index":"index","follow":"follow","max-snippet":"max-snippet:-1","max-image-preview":"max-image-preview:large","max-video-preview":"max-video-preview:-1"},"canonical":"https:\/\/www.travelwaxer.com\/fr\/produit\/travel-waxer-bench-allski-2\/","og_locale":"fr_FR","og_type":"article","og_title":"Travel Waxer Bench Allski | Travel Waxer","og_description":"Travel Waxer Bench Allski | Travel Waxer","og_url":"https:\/\/www.travelwaxer.com\/fr\/produit\/travel-waxer-bench-allski-2\/","og_site_name":"Travel Waxer","article_publisher":"https:\/\/www.facebook.com\/travelwaxer","article_modified_time":"2026-02-04T10:43:06+00:00","og_image":[{"width":2560,"height":2560,"url":"https:\/\/www.travelwaxer.com\/wp-content\/uploads\/TWBALL_featured-1-scaled.jpg","type":"image\/jpeg"}],"twitter_card":"summary_large_image","twitter_misc":{"Dur\u00e9e de lecture estim\u00e9e":"1 minute"},"schema":{"@context":"https:\/\/schema.org","@graph":[{"@type":["WebPage","ItemPage"],"@id":"https:\/\/www.travelwaxer.com\/fr\/produit\/travel-waxer-bench-allski-2\/","url":"https:\/\/www.travelwaxer.com\/fr\/produit\/travel-waxer-bench-allski-2\/","name":"Travel Waxer Bench Allski | Travel Waxer","isPartOf":{"@id":"https:\/\/www.travelwaxer.com\/fr\/#website"},"primaryImageOfPage":{"@id":"https:\/\/www.travelwaxer.com\/fr\/produit\/travel-waxer-bench-allski-2\/#primaryimage"},"image":{"@id":"https:\/\/www.travelwaxer.com\/fr\/produit\/travel-waxer-bench-allski-2\/#primaryimage"},"thumbnailUrl":"https:\/\/www.travelwaxer.com\/wp-content\/uploads\/TWBALL_featured-1-scaled.jpg","datePublished":"2013-03-17T11:02:13+00:00","dateModified":"2026-02-04T10:43:06+00:00","description":"Travel Waxer Bench Allski | Travel Waxer","breadcrumb":{"@id":"https:\/\/www.travelwaxer.com\/fr\/produit\/travel-waxer-bench-allski-2\/#breadcrumb"},"inLanguage":"fr-FR","potentialAction":[{"@type":"ReadAction","target":["https:\/\/www.travelwaxer.com\/fr\/produit\/travel-waxer-bench-allski-2\/"]}]},{"@type":"ImageObject","inLanguage":"fr-FR","@id":"https:\/\/www.travelwaxer.com\/fr\/produit\/travel-waxer-bench-allski-2\/#primaryimage","url":"https:\/\/www.travelwaxer.com\/wp-content\/uploads\/TWBALL_featured-1-scaled.jpg","contentUrl":"https:\/\/www.travelwaxer.com\/wp-content\/uploads\/TWBALL_featured-1-scaled.jpg","width":2560,"height":2560,"caption":"Vallab\u00e4nk l\u00e4ngd och alpint"},{"@type":"BreadcrumbList","@id":"https:\/\/www.travelwaxer.com\/fr\/produit\/travel-waxer-bench-allski-2\/#breadcrumb","itemListElement":[{"@type":"ListItem","position":1,"name":"Hem","item":"https:\/\/www.travelwaxer.com\/fr\/"},{"@type":"ListItem","position":2,"name":"Produits","item":"https:\/\/www.travelwaxer.com\/fr\/shop\/"},{"@type":"ListItem","position":3,"name":"Travel Waxer Bench Allski"}]},{"@type":"WebSite","@id":"https:\/\/www.travelwaxer.com\/fr\/#website","url":"https:\/\/www.travelwaxer.com\/fr\/","name":"Travel Waxer","description":"Wax bench for cross-country and alpine skis","publisher":{"@id":"https:\/\/www.travelwaxer.com\/fr\/#organization"},"potentialAction":[{"@type":"SearchAction","target":{"@type":"EntryPoint","urlTemplate":"https:\/\/www.travelwaxer.com\/fr\/?s={search_term_string}"},"query-input":{"@type":"PropertyValueSpecification","valueRequired":true,"valueName":"search_term_string"}}],"inLanguage":"fr-FR"},{"@type":"Organization","@id":"https:\/\/www.travelwaxer.com\/fr\/#organization","name":"Travel Waxer","url":"https:\/\/www.travelwaxer.com\/fr\/","logo":{"@type":"ImageObject","inLanguage":"fr-FR","@id":"https:\/\/www.travelwaxer.com\/fr\/#\/schema\/logo\/image\/","url":"https:\/\/www.travelwaxer.com\/wp-content\/uploads\/2015\/03\/title_icon-2.png","contentUrl":"https:\/\/www.travelwaxer.com\/wp-content\/uploads\/2015\/03\/title_icon-2.png","width":154,"height":171,"caption":"Travel Waxer"},"image":{"@id":"https:\/\/www.travelwaxer.com\/fr\/#\/schema\/logo\/image\/"},"sameAs":["https:\/\/www.facebook.com\/travelwaxer"]}]}},"_links":{"self":[{"href":"https:\/\/www.travelwaxer.com\/fr\/wp-json\/wp\/v2\/product\/4645","targetHints":{"allow":["GET"]}}],"collection":[{"href":"https:\/\/www.travelwaxer.com\/fr\/wp-json\/wp\/v2\/product"}],"about":[{"href":"https:\/\/www.travelwaxer.com\/fr\/wp-json\/wp\/v2\/types\/product"}],"replies":[{"embeddable":true,"href":"https:\/\/www.travelwaxer.com\/fr\/wp-json\/wp\/v2\/comments?post=4645"}],"version-history":[{"count":2,"href":"https:\/\/www.travelwaxer.com\/fr\/wp-json\/wp\/v2\/product\/4645\/revisions"}],"predecessor-version":[{"id":5626,"href":"https:\/\/www.travelwaxer.com\/fr\/wp-json\/wp\/v2\/product\/4645\/revisions\/5626"}],"wp:featuredmedia":[{"embeddable":true,"href":"https:\/\/www.travelwaxer.com\/fr\/wp-json\/wp\/v2\/media\/5619"}],"wp:attachment":[{"href":"https:\/\/www.travelwaxer.com\/fr\/wp-json\/wp\/v2\/media?parent=4645"}],"wp:term":[{"taxonomy":"product_brand","embeddable":true,"href":"https:\/\/www.travelwaxer.com\/fr\/wp-json\/wp\/v2\/product_brand?post=4645"},{"taxonomy":"product_cat","embeddable":true,"href":"https:\/\/www.travelwaxer.com\/fr\/wp-json\/wp\/v2\/product_cat?post=4645"},{"taxonomy":"product_tag","embeddable":true,"href":"https:\/\/www.travelwaxer.com\/fr\/wp-json\/wp\/v2\/product_tag?post=4645"}],"curies":[{"name":"wp","href":"https:\/\/api.w.org\/{rel}","templated":true}]}}