	{"id":5906,"date":"2026-03-29T19:40:11","date_gmt":"2026-03-29T17:40:11","guid":{"rendered":"https:\/\/www.travelwaxer.com\/?page_id=5906"},"modified":"2026-03-29T19:46:38","modified_gmt":"2026-03-29T17:46:38","slug":"foire-aux-questions","status":"publish","type":"page","link":"https:\/\/www.travelwaxer.com\/fr\/foire-aux-questions\/","title":{"rendered":"Foire aux questions"},"content":{"rendered":"<h2>G\u00e9n\u00e9ral<\/h2>\n<h3>Qu&rsquo;est-ce qu&rsquo;un support de fartage et pourquoi en as-tu besoin ?<\/h3>\n<p>Un support de fartage te permet de fixer tes skis pour pouvoir les farter. Il facilite \u00e9norm\u00e9ment le travail, car tu n\u2019as pas besoin de tenir le ski d\u2019une main.<\/p>\n<h3>Quels types de supports de fartage existent ?<\/h3>\n<p>Il existe des supports de fartage de table que tu peux monter sur un \u00e9tabli ou une table. Il existe \u00e9galement des bancs de fartage avec pieds. Ils peuvent \u00eatre con\u00e7us pour un ou deux skis. En plus, il existe des tables de fartage avec une petite surface pour poser outils et fart. Les supports de fartage ont g\u00e9n\u00e9ralement deux profils de fartage : un pour l\u2019avant et un pour l\u2019arri\u00e8re du ski. Le nom \u00ab profil de fart \u00bb vient du fait que sa forme suit le profil du ski.<\/p>\n<h3>Quel support de fartage me convient le mieux (d\u00e9butant vs skieur exp\u00e9riment\u00e9) ?<\/h3>\n<p>Pour un d\u00e9butant, un support de table suffit probablement amplement. Peut-\u00eatre que tu as des skis \u00e0 peaux et que tu farte seulement de temps en temps la glisse. Si tu voyages souvent pour des comp\u00e9titions et es tr\u00e8s mobile, un banc de fartage peut \u00eatre pratique. Il te permet d\u2019adapter rapidement et facilement ton fart aux conditions.<\/p>\n<h2>Fonction et utilisation<\/h2>\n<h3>Comment monter le support de fartage ?<\/h3>\n<p>Tu trouveras les instructions de montage sur toutes les pages produits. Le banc Travel Waxer Bench est livr\u00e9 en deux parties pour r\u00e9duire les frais de transport. Ensuite, tu le montes chez toi avec quatre vis. L\u2019instruction se trouve dans la section \u00ab Montage \u00bb.<\/p>\n<h3>Quelle est la hauteur de travail du banc ?<\/h3>\n<p>Avec le Travel Waxer Bench, tu travailles \u00e0 environ 90 cm de hauteur. Sur les supports de table, tu travailles environ 15 cm au-dessus du plateau.<\/p>\n<h3>Peux-tu fart un ski ou les deux en m\u00eame temps ?<\/h3>\n<p>Non, malheureusement tu ne peux fart qu\u2019un ski \u00e0 la fois. Comme il s\u2019agit d\u2019un support de voyage, nous l\u2019avons con\u00e7u pour qu\u2019il soit le plus petit possible.<\/p>\n<h3>Y a-t-il une surface pour poser les outils et le fart ?<\/h3>\n<p>La barre sup\u00e9rieure du banc est en forme de U, ce qui te permet de poser facilement fart et outils pendant le travail.<\/p>\n<h3>Peux-tu utiliser le banc pour le fart de glisse et d\u2019adh\u00e9rence ?<\/h3>\n<p>Oui, bien qu\u2019il soit compact, il est assez stable pour appliquer le fart de glisse et d\u2019adh\u00e9rence. Il est \u00e9galement adapt\u00e9 pour le rainurage. Le support tient bien sur la neige comme sur le sol du garage.<\/p>\n<h3>Peux-tu fart tes skis alpins avec le Travel Waxer ?<\/h3>\n<p>Oui, tu peux fart les skis de fond et alpins avec le Travel Waxer. Consulte les mod\u00e8les sous \u00ab Support combin\u00e9 (ski de fond + ski alpin) \u00bb.<\/p>\n<h3>Les stopski g\u00eanent souvent pour le fartage des skis alpins. Comment faire ?<\/h3>\n<p>Avec beaucoup de produits, il faut mettre un \u00e9lastique sur les stopski pour les d\u00e9gager. Le Travel Waxer a une solution intelligente avec son adaptateur alpin, qui soul\u00e8ve les stopski comme si une chaussure \u00e9tait dans la fixation.<\/p>\n<h3>Existe-t-il un support pour skis de randonn\u00e9e ?<\/h3>\n<p>Oui, tous nos mod\u00e8les pour skis alpins fonctionnent \u00e9galement pour les skis de randonn\u00e9e. Sous chaque produit, tu trouveras une vid\u00e9o montrant comment cela fonctionne.<\/p>\n<h2>Transport et entretien<\/h2>\n<h3>As-tu besoin d\u2019outils pour monter le support ?<\/h3>\n<p>Non, tu n\u2019as besoin d\u2019aucun outil. Les pieds se d\u00e9plient facilement et se bloquent gr\u00e2ce aux charni\u00e8res. Seulement lors du premier montage, une cl\u00e9 r\u00e9glable est n\u00e9cessaire.<\/p>\n<h3>Peux-tu emmener le support en avion ?<\/h3>\n<p>Oui, le support mesure seulement 7\u00d77 cm et se range avec tes skis dans la housse.<\/p>\n<h3>Vendez-vous aussi des housses de ski ?<\/h3>\n<p>Oui, nous avons cette housse spacieuse qui peut contenir deux paires de skis de fond.<\/p>\n<h3>Si je transporte le banc dans la housse, risque-je d\u2019endommager mes skis ou b\u00e2tons ?<\/h3>\n<p>Non, le banc est toujours livr\u00e9 dans une housse protectrice.<\/p>\n<h3>Combien p\u00e8se le banc ?<\/h3>\n<p>Le banc, y compris les profils de fartage pour skis de fond ou alpins, p\u00e8se 4,5 kg.<\/p>\n<h3>Le banc risque-t-il de rouiller avec le temps ?<\/h3>\n<p>Non, il est principalement en aluminium. Toutes les pi\u00e8ces en acier sont galvanis\u00e9es, ce qui assure une protection contre la rouille pendant des ann\u00e9es. Il peut toutefois \u00eatre utile de laisser s\u00e9cher le banc \u00e0 l\u2019ext\u00e9rieur de la housse s\u2019il a \u00e9t\u00e9 mouill\u00e9.<\/p>\n","protected":false},"excerpt":{"rendered":"<p>G\u00e9n\u00e9ral Qu&rsquo;est-ce qu&rsquo;un support de fartage et pourquoi en as-tu besoin ? Un support de fartage te permet de fixer tes skis pour pouvoir les farter. Il facilite \u00e9norm\u00e9ment le travail, car tu n\u2019as pas besoin de tenir le ski d\u2019une main. Quels types de supports de fartage existent ? Il existe des supports de [&hellip;]<\/p>\n","protected":false},"author":2,"featured_media":0,"parent":0,"menu_order":0,"comment_status":"closed","ping_status":"closed","template":"","meta":{"footnotes":""},"class_list":["post-5906","page","type-page","status-publish","hentry"],"yoast_head":"<!-- This site is optimized with the Yoast SEO plugin v27.6 - https:\/\/yoast.com\/product\/yoast-seo-wordpress\/ -->\n<title>Foire aux questions | Travel Waxer<\/title>\n<meta name=\"description\" content=\"Foire aux questions | Travel Waxer\" \/>\n<meta name=\"robots\" content=\"index, follow, max-snippet:-1, max-image-preview:large, max-video-preview:-1\" \/>\n<link rel=\"canonical\" href=\"https:\/\/www.travelwaxer.com\/fr\/foire-aux-questions\/\" \/>\n<meta property=\"og:locale\" content=\"fr_FR\" \/>\n<meta property=\"og:type\" content=\"article\" \/>\n<meta property=\"og:title\" content=\"Foire aux questions | Travel Waxer\" \/>\n<meta property=\"og:description\" content=\"Foire aux questions | Travel Waxer\" \/>\n<meta property=\"og:url\" content=\"https:\/\/www.travelwaxer.com\/fr\/foire-aux-questions\/\" \/>\n<meta property=\"og:site_name\" content=\"Travel Waxer\" \/>\n<meta property=\"article:publisher\" content=\"https:\/\/www.facebook.com\/travelwaxer\" \/>\n<meta property=\"article:modified_time\" content=\"2026-03-29T17:46:38+00:00\" \/>\n<meta name=\"twitter:card\" content=\"summary_large_image\" \/>\n<meta name=\"twitter:label1\" content=\"Dur\u00e9e de lecture estim\u00e9e\" \/>\n\t<meta name=\"twitter:data1\" content=\"4 minutes\" \/>\n<script type=\"application\/ld+json\" class=\"yoast-schema-graph\">{\"@context\":\"https:\\\/\\\/schema.org\",\"@graph\":[{\"@type\":\"WebPage\",\"@id\":\"https:\\\/\\\/www.travelwaxer.com\\\/fr\\\/foire-aux-questions\\\/\",\"url\":\"https:\\\/\\\/www.travelwaxer.com\\\/fr\\\/foire-aux-questions\\\/\",\"name\":\"Foire aux questions | Travel Waxer\",\"isPartOf\":{\"@id\":\"https:\\\/\\\/www.travelwaxer.com\\\/fr\\\/#website\"},\"datePublished\":\"2026-03-29T17:40:11+00:00\",\"dateModified\":\"2026-03-29T17:46:38+00:00\",\"description\":\"Foire aux questions | Travel Waxer\",\"breadcrumb\":{\"@id\":\"https:\\\/\\\/www.travelwaxer.com\\\/fr\\\/foire-aux-questions\\\/#breadcrumb\"},\"inLanguage\":\"fr-FR\",\"potentialAction\":[{\"@type\":\"ReadAction\",\"target\":[\"https:\\\/\\\/www.travelwaxer.com\\\/fr\\\/foire-aux-questions\\\/\"]}]},{\"@type\":\"BreadcrumbList\",\"@id\":\"https:\\\/\\\/www.travelwaxer.com\\\/fr\\\/foire-aux-questions\\\/#breadcrumb\",\"itemListElement\":[{\"@type\":\"ListItem\",\"position\":1,\"name\":\"Hem\",\"item\":\"https:\\\/\\\/www.travelwaxer.com\\\/fr\\\/\"},{\"@type\":\"ListItem\",\"position\":2,\"name\":\"Foire aux questions\"}]},{\"@type\":\"WebSite\",\"@id\":\"https:\\\/\\\/www.travelwaxer.com\\\/fr\\\/#website\",\"url\":\"https:\\\/\\\/www.travelwaxer.com\\\/fr\\\/\",\"name\":\"Travel Waxer\",\"description\":\"Wax bench for cross-country and alpine skis\",\"publisher\":{\"@id\":\"https:\\\/\\\/www.travelwaxer.com\\\/fr\\\/#organization\"},\"potentialAction\":[{\"@type\":\"SearchAction\",\"target\":{\"@type\":\"EntryPoint\",\"urlTemplate\":\"https:\\\/\\\/www.travelwaxer.com\\\/fr\\\/?s={search_term_string}\"},\"query-input\":{\"@type\":\"PropertyValueSpecification\",\"valueRequired\":true,\"valueName\":\"search_term_string\"}}],\"inLanguage\":\"fr-FR\"},{\"@type\":\"Organization\",\"@id\":\"https:\\\/\\\/www.travelwaxer.com\\\/fr\\\/#organization\",\"name\":\"Travel Waxer\",\"url\":\"https:\\\/\\\/www.travelwaxer.com\\\/fr\\\/\",\"logo\":{\"@type\":\"ImageObject\",\"inLanguage\":\"fr-FR\",\"@id\":\"https:\\\/\\\/www.travelwaxer.com\\\/fr\\\/#\\\/schema\\\/logo\\\/image\\\/\",\"url\":\"https:\\\/\\\/www.travelwaxer.com\\\/wp-content\\\/uploads\\\/2015\\\/03\\\/title_icon-2.png\",\"contentUrl\":\"https:\\\/\\\/www.travelwaxer.com\\\/wp-content\\\/uploads\\\/2015\\\/03\\\/title_icon-2.png\",\"width\":154,\"height\":171,\"caption\":\"Travel Waxer\"},\"image\":{\"@id\":\"https:\\\/\\\/www.travelwaxer.com\\\/fr\\\/#\\\/schema\\\/logo\\\/image\\\/\"},\"sameAs\":[\"https:\\\/\\\/www.facebook.com\\\/travelwaxer\"]}]}<\/script>\n<!-- \/ Yoast SEO plugin. -->","yoast_head_json":{"title":"Foire aux questions | Travel Waxer","description":"Foire aux questions | Travel Waxer","robots":{"index":"index","follow":"follow","max-snippet":"max-snippet:-1","max-image-preview":"max-image-preview:large","max-video-preview":"max-video-preview:-1"},"canonical":"https:\/\/www.travelwaxer.com\/fr\/foire-aux-questions\/","og_locale":"fr_FR","og_type":"article","og_title":"Foire aux questions | Travel Waxer","og_description":"Foire aux questions | Travel Waxer","og_url":"https:\/\/www.travelwaxer.com\/fr\/foire-aux-questions\/","og_site_name":"Travel Waxer","article_publisher":"https:\/\/www.facebook.com\/travelwaxer","article_modified_time":"2026-03-29T17:46:38+00:00","twitter_card":"summary_large_image","twitter_misc":{"Dur\u00e9e de lecture estim\u00e9e":"4 minutes"},"schema":{"@context":"https:\/\/schema.org","@graph":[{"@type":"WebPage","@id":"https:\/\/www.travelwaxer.com\/fr\/foire-aux-questions\/","url":"https:\/\/www.travelwaxer.com\/fr\/foire-aux-questions\/","name":"Foire aux questions | Travel Waxer","isPartOf":{"@id":"https:\/\/www.travelwaxer.com\/fr\/#website"},"datePublished":"2026-03-29T17:40:11+00:00","dateModified":"2026-03-29T17:46:38+00:00","description":"Foire aux questions | Travel Waxer","breadcrumb":{"@id":"https:\/\/www.travelwaxer.com\/fr\/foire-aux-questions\/#breadcrumb"},"inLanguage":"fr-FR","potentialAction":[{"@type":"ReadAction","target":["https:\/\/www.travelwaxer.com\/fr\/foire-aux-questions\/"]}]},{"@type":"BreadcrumbList","@id":"https:\/\/www.travelwaxer.com\/fr\/foire-aux-questions\/#breadcrumb","itemListElement":[{"@type":"ListItem","position":1,"name":"Hem","item":"https:\/\/www.travelwaxer.com\/fr\/"},{"@type":"ListItem","position":2,"name":"Foire aux questions"}]},{"@type":"WebSite","@id":"https:\/\/www.travelwaxer.com\/fr\/#website","url":"https:\/\/www.travelwaxer.com\/fr\/","name":"Travel Waxer","description":"Wax bench for cross-country and alpine skis","publisher":{"@id":"https:\/\/www.travelwaxer.com\/fr\/#organization"},"potentialAction":[{"@type":"SearchAction","target":{"@type":"EntryPoint","urlTemplate":"https:\/\/www.travelwaxer.com\/fr\/?s={search_term_string}"},"query-input":{"@type":"PropertyValueSpecification","valueRequired":true,"valueName":"search_term_string"}}],"inLanguage":"fr-FR"},{"@type":"Organization","@id":"https:\/\/www.travelwaxer.com\/fr\/#organization","name":"Travel Waxer","url":"https:\/\/www.travelwaxer.com\/fr\/","logo":{"@type":"ImageObject","inLanguage":"fr-FR","@id":"https:\/\/www.travelwaxer.com\/fr\/#\/schema\/logo\/image\/","url":"https:\/\/www.travelwaxer.com\/wp-content\/uploads\/2015\/03\/title_icon-2.png","contentUrl":"https:\/\/www.travelwaxer.com\/wp-content\/uploads\/2015\/03\/title_icon-2.png","width":154,"height":171,"caption":"Travel Waxer"},"image":{"@id":"https:\/\/www.travelwaxer.com\/fr\/#\/schema\/logo\/image\/"},"sameAs":["https:\/\/www.facebook.com\/travelwaxer"]}]}},"_links":{"self":[{"href":"https:\/\/www.travelwaxer.com\/fr\/wp-json\/wp\/v2\/pages\/5906","targetHints":{"allow":["GET"]}}],"collection":[{"href":"https:\/\/www.travelwaxer.com\/fr\/wp-json\/wp\/v2\/pages"}],"about":[{"href":"https:\/\/www.travelwaxer.com\/fr\/wp-json\/wp\/v2\/types\/page"}],"author":[{"embeddable":true,"href":"https:\/\/www.travelwaxer.com\/fr\/wp-json\/wp\/v2\/users\/2"}],"replies":[{"embeddable":true,"href":"https:\/\/www.travelwaxer.com\/fr\/wp-json\/wp\/v2\/comments?post=5906"}],"version-history":[{"count":2,"href":"https:\/\/www.travelwaxer.com\/fr\/wp-json\/wp\/v2\/pages\/5906\/revisions"}],"predecessor-version":[{"id":5912,"href":"https:\/\/www.travelwaxer.com\/fr\/wp-json\/wp\/v2\/pages\/5906\/revisions\/5912"}],"wp:attachment":[{"href":"https:\/\/www.travelwaxer.com\/fr\/wp-json\/wp\/v2\/media?parent=5906"}],"curies":[{"name":"wp","href":"https:\/\/api.w.org\/{rel}","templated":true}]}}