	{"id":1746,"date":"2015-03-17T11:21:38","date_gmt":"2015-03-17T11:21:38","guid":{"rendered":"http:\/\/www.travelwaxer.com\/?product=travel-waxer-bench-3"},"modified":"2026-03-22T21:38:35","modified_gmt":"2026-03-22T20:38:35","slug":"travel-waxer-bench-3","status":"publish","type":"product","link":"https:\/\/www.travelwaxer.com\/de\/produkt\/travel-waxer-bench-3\/","title":{"rendered":"Travel Waxer Bench"},"content":{"rendered":"<p>Travel Waxer Bench wird in einen praktischen Tragetaschen geliefert. Die kompakte Wachsbank ist mit wenige Griffe aufgebaut.<\/p>\n<ul>\n<li>Passt in jede Skitasche<\/li>\n<li>Leicht auf- und zusammenzuklappbar<\/li>\n<li>Hohe Stabilit\u00e4t trotz niedrigem Gewicht<\/li>\n<li>Arbeitsh\u00f6he 90 cm<\/li>\n<li>Passt auch f\u00fcr Tischwachb\u00f6cke anderer Marken. Bitte die Ma\u00dfe \u00fcberpr\u00fcfen! Die St\u00fctze ist 2 cm dick und 4 cm breit<\/li>\n<\/ul>\n","protected":false},"excerpt":{"rendered":"<p>Haben Sie schon einen Tischwachsbock von Travel Waxer? M\u00f6chten Sie manchmal neben der Loipe oder die Piste wachsen k\u00f6nnen? Dann ist Travel Waxer Bench die richtige Wahl. Mit 2.5 kg ist die Travel Waxer Bench der leichteste Wachsbank auf dem Markt.<\/p>\n","protected":false},"featured_media":2518,"comment_status":"open","ping_status":"closed","template":"","meta":{"footnotes":""},"product_brand":[],"product_cat":[46],"product_tag":[],"class_list":{"0":"post-1746","1":"product","2":"type-product","3":"status-publish","4":"has-post-thumbnail","6":"product_cat-zubehor-de","8":"first","9":"instock","10":"taxable","11":"shipping-taxable","12":"purchasable","13":"product-type-simple"},"yoast_head":"<!-- This site is optimized with the Yoast SEO plugin v27.6 - https:\/\/yoast.com\/product\/yoast-seo-wordpress\/ -->\n<title>Travel Waxer Bench | Travel Waxer<\/title>\n<meta name=\"description\" content=\"Travel Waxer Bench | Travel Waxer\" \/>\n<meta name=\"robots\" content=\"index, follow, max-snippet:-1, max-image-preview:large, max-video-preview:-1\" \/>\n<link rel=\"canonical\" href=\"https:\/\/www.travelwaxer.com\/de\/produkt\/travel-waxer-bench-3\/\" \/>\n<meta property=\"og:locale\" content=\"de_DE\" \/>\n<meta property=\"og:type\" content=\"article\" \/>\n<meta property=\"og:title\" content=\"Travel Waxer Bench | Travel Waxer\" \/>\n<meta property=\"og:description\" content=\"Travel Waxer Bench | Travel Waxer\" \/>\n<meta property=\"og:url\" content=\"https:\/\/www.travelwaxer.com\/de\/produkt\/travel-waxer-bench-3\/\" \/>\n<meta property=\"og:site_name\" content=\"Travel Waxer\" \/>\n<meta property=\"article:publisher\" content=\"https:\/\/www.facebook.com\/travelwaxer\" \/>\n<meta property=\"article:modified_time\" content=\"2026-03-22T20:38:35+00:00\" \/>\n<meta property=\"og:image\" content=\"https:\/\/www.travelwaxer.com\/wp-content\/uploads\/2016\/09\/TWB_1200x750.jpg\" \/>\n\t<meta property=\"og:image:width\" content=\"1200\" \/>\n\t<meta property=\"og:image:height\" content=\"750\" \/>\n\t<meta property=\"og:image:type\" content=\"image\/jpeg\" \/>\n<meta name=\"twitter:card\" content=\"summary_large_image\" \/>\n<meta name=\"twitter:label1\" content=\"Gesch\u00e4tzte Lesezeit\" \/>\n\t<meta name=\"twitter:data1\" content=\"1\u00a0Minute\" \/>\n<script type=\"application\/ld+json\" class=\"yoast-schema-graph\">{\"@context\":\"https:\\\/\\\/schema.org\",\"@graph\":[{\"@type\":[\"WebPage\",\"ItemPage\"],\"@id\":\"https:\\\/\\\/www.travelwaxer.com\\\/de\\\/produkt\\\/travel-waxer-bench-3\\\/\",\"url\":\"https:\\\/\\\/www.travelwaxer.com\\\/de\\\/produkt\\\/travel-waxer-bench-3\\\/\",\"name\":\"Travel Waxer Bench | Travel Waxer\",\"isPartOf\":{\"@id\":\"https:\\\/\\\/www.travelwaxer.com\\\/de\\\/#website\"},\"primaryImageOfPage\":{\"@id\":\"https:\\\/\\\/www.travelwaxer.com\\\/de\\\/produkt\\\/travel-waxer-bench-3\\\/#primaryimage\"},\"image\":{\"@id\":\"https:\\\/\\\/www.travelwaxer.com\\\/de\\\/produkt\\\/travel-waxer-bench-3\\\/#primaryimage\"},\"thumbnailUrl\":\"https:\\\/\\\/www.travelwaxer.com\\\/wp-content\\\/uploads\\\/2016\\\/09\\\/TWB_1200x750.jpg\",\"datePublished\":\"2015-03-17T11:21:38+00:00\",\"dateModified\":\"2026-03-22T20:38:35+00:00\",\"description\":\"Travel Waxer Bench | Travel Waxer\",\"breadcrumb\":{\"@id\":\"https:\\\/\\\/www.travelwaxer.com\\\/de\\\/produkt\\\/travel-waxer-bench-3\\\/#breadcrumb\"},\"inLanguage\":\"de\",\"potentialAction\":[{\"@type\":\"ReadAction\",\"target\":[\"https:\\\/\\\/www.travelwaxer.com\\\/de\\\/produkt\\\/travel-waxer-bench-3\\\/\"]}]},{\"@type\":\"ImageObject\",\"inLanguage\":\"de\",\"@id\":\"https:\\\/\\\/www.travelwaxer.com\\\/de\\\/produkt\\\/travel-waxer-bench-3\\\/#primaryimage\",\"url\":\"https:\\\/\\\/www.travelwaxer.com\\\/wp-content\\\/uploads\\\/2016\\\/09\\\/TWB_1200x750.jpg\",\"contentUrl\":\"https:\\\/\\\/www.travelwaxer.com\\\/wp-content\\\/uploads\\\/2016\\\/09\\\/TWB_1200x750.jpg\",\"width\":1200,\"height\":750},{\"@type\":\"BreadcrumbList\",\"@id\":\"https:\\\/\\\/www.travelwaxer.com\\\/de\\\/produkt\\\/travel-waxer-bench-3\\\/#breadcrumb\",\"itemListElement\":[{\"@type\":\"ListItem\",\"position\":1,\"name\":\"Hem\",\"item\":\"https:\\\/\\\/www.travelwaxer.com\\\/de\\\/\"},{\"@type\":\"ListItem\",\"position\":2,\"name\":\"Produkte\",\"item\":\"https:\\\/\\\/www.travelwaxer.com\\\/de\\\/shop\\\/\"},{\"@type\":\"ListItem\",\"position\":3,\"name\":\"Travel Waxer Bench\"}]},{\"@type\":\"WebSite\",\"@id\":\"https:\\\/\\\/www.travelwaxer.com\\\/de\\\/#website\",\"url\":\"https:\\\/\\\/www.travelwaxer.com\\\/de\\\/\",\"name\":\"Travel Waxer\",\"description\":\"Wachstisch f\u00fcr Langlauf und Alpin\",\"publisher\":{\"@id\":\"https:\\\/\\\/www.travelwaxer.com\\\/de\\\/#organization\"},\"potentialAction\":[{\"@type\":\"SearchAction\",\"target\":{\"@type\":\"EntryPoint\",\"urlTemplate\":\"https:\\\/\\\/www.travelwaxer.com\\\/de\\\/?s={search_term_string}\"},\"query-input\":{\"@type\":\"PropertyValueSpecification\",\"valueRequired\":true,\"valueName\":\"search_term_string\"}}],\"inLanguage\":\"de\"},{\"@type\":\"Organization\",\"@id\":\"https:\\\/\\\/www.travelwaxer.com\\\/de\\\/#organization\",\"name\":\"Travel Waxer\",\"url\":\"https:\\\/\\\/www.travelwaxer.com\\\/de\\\/\",\"logo\":{\"@type\":\"ImageObject\",\"inLanguage\":\"de\",\"@id\":\"https:\\\/\\\/www.travelwaxer.com\\\/de\\\/#\\\/schema\\\/logo\\\/image\\\/\",\"url\":\"https:\\\/\\\/www.travelwaxer.com\\\/wp-content\\\/uploads\\\/2015\\\/03\\\/title_icon-2.png\",\"contentUrl\":\"https:\\\/\\\/www.travelwaxer.com\\\/wp-content\\\/uploads\\\/2015\\\/03\\\/title_icon-2.png\",\"width\":154,\"height\":171,\"caption\":\"Travel Waxer\"},\"image\":{\"@id\":\"https:\\\/\\\/www.travelwaxer.com\\\/de\\\/#\\\/schema\\\/logo\\\/image\\\/\"},\"sameAs\":[\"https:\\\/\\\/www.facebook.com\\\/travelwaxer\"]}]}<\/script>\n<!-- \/ Yoast SEO plugin. -->","yoast_head_json":{"title":"Travel Waxer Bench | Travel Waxer","description":"Travel Waxer Bench | Travel Waxer","robots":{"index":"index","follow":"follow","max-snippet":"max-snippet:-1","max-image-preview":"max-image-preview:large","max-video-preview":"max-video-preview:-1"},"canonical":"https:\/\/www.travelwaxer.com\/de\/produkt\/travel-waxer-bench-3\/","og_locale":"de_DE","og_type":"article","og_title":"Travel Waxer Bench | Travel Waxer","og_description":"Travel Waxer Bench | Travel Waxer","og_url":"https:\/\/www.travelwaxer.com\/de\/produkt\/travel-waxer-bench-3\/","og_site_name":"Travel Waxer","article_publisher":"https:\/\/www.facebook.com\/travelwaxer","article_modified_time":"2026-03-22T20:38:35+00:00","og_image":[{"width":1200,"height":750,"url":"https:\/\/www.travelwaxer.com\/wp-content\/uploads\/2016\/09\/TWB_1200x750.jpg","type":"image\/jpeg"}],"twitter_card":"summary_large_image","twitter_misc":{"Gesch\u00e4tzte Lesezeit":"1\u00a0Minute"},"schema":{"@context":"https:\/\/schema.org","@graph":[{"@type":["WebPage","ItemPage"],"@id":"https:\/\/www.travelwaxer.com\/de\/produkt\/travel-waxer-bench-3\/","url":"https:\/\/www.travelwaxer.com\/de\/produkt\/travel-waxer-bench-3\/","name":"Travel Waxer Bench | Travel Waxer","isPartOf":{"@id":"https:\/\/www.travelwaxer.com\/de\/#website"},"primaryImageOfPage":{"@id":"https:\/\/www.travelwaxer.com\/de\/produkt\/travel-waxer-bench-3\/#primaryimage"},"image":{"@id":"https:\/\/www.travelwaxer.com\/de\/produkt\/travel-waxer-bench-3\/#primaryimage"},"thumbnailUrl":"https:\/\/www.travelwaxer.com\/wp-content\/uploads\/2016\/09\/TWB_1200x750.jpg","datePublished":"2015-03-17T11:21:38+00:00","dateModified":"2026-03-22T20:38:35+00:00","description":"Travel Waxer Bench | Travel Waxer","breadcrumb":{"@id":"https:\/\/www.travelwaxer.com\/de\/produkt\/travel-waxer-bench-3\/#breadcrumb"},"inLanguage":"de","potentialAction":[{"@type":"ReadAction","target":["https:\/\/www.travelwaxer.com\/de\/produkt\/travel-waxer-bench-3\/"]}]},{"@type":"ImageObject","inLanguage":"de","@id":"https:\/\/www.travelwaxer.com\/de\/produkt\/travel-waxer-bench-3\/#primaryimage","url":"https:\/\/www.travelwaxer.com\/wp-content\/uploads\/2016\/09\/TWB_1200x750.jpg","contentUrl":"https:\/\/www.travelwaxer.com\/wp-content\/uploads\/2016\/09\/TWB_1200x750.jpg","width":1200,"height":750},{"@type":"BreadcrumbList","@id":"https:\/\/www.travelwaxer.com\/de\/produkt\/travel-waxer-bench-3\/#breadcrumb","itemListElement":[{"@type":"ListItem","position":1,"name":"Hem","item":"https:\/\/www.travelwaxer.com\/de\/"},{"@type":"ListItem","position":2,"name":"Produkte","item":"https:\/\/www.travelwaxer.com\/de\/shop\/"},{"@type":"ListItem","position":3,"name":"Travel Waxer Bench"}]},{"@type":"WebSite","@id":"https:\/\/www.travelwaxer.com\/de\/#website","url":"https:\/\/www.travelwaxer.com\/de\/","name":"Travel Waxer","description":"Wachstisch f\u00fcr Langlauf und Alpin","publisher":{"@id":"https:\/\/www.travelwaxer.com\/de\/#organization"},"potentialAction":[{"@type":"SearchAction","target":{"@type":"EntryPoint","urlTemplate":"https:\/\/www.travelwaxer.com\/de\/?s={search_term_string}"},"query-input":{"@type":"PropertyValueSpecification","valueRequired":true,"valueName":"search_term_string"}}],"inLanguage":"de"},{"@type":"Organization","@id":"https:\/\/www.travelwaxer.com\/de\/#organization","name":"Travel Waxer","url":"https:\/\/www.travelwaxer.com\/de\/","logo":{"@type":"ImageObject","inLanguage":"de","@id":"https:\/\/www.travelwaxer.com\/de\/#\/schema\/logo\/image\/","url":"https:\/\/www.travelwaxer.com\/wp-content\/uploads\/2015\/03\/title_icon-2.png","contentUrl":"https:\/\/www.travelwaxer.com\/wp-content\/uploads\/2015\/03\/title_icon-2.png","width":154,"height":171,"caption":"Travel Waxer"},"image":{"@id":"https:\/\/www.travelwaxer.com\/de\/#\/schema\/logo\/image\/"},"sameAs":["https:\/\/www.facebook.com\/travelwaxer"]}]}},"_links":{"self":[{"href":"https:\/\/www.travelwaxer.com\/de\/wp-json\/wp\/v2\/product\/1746","targetHints":{"allow":["GET"]}}],"collection":[{"href":"https:\/\/www.travelwaxer.com\/de\/wp-json\/wp\/v2\/product"}],"about":[{"href":"https:\/\/www.travelwaxer.com\/de\/wp-json\/wp\/v2\/types\/product"}],"replies":[{"embeddable":true,"href":"https:\/\/www.travelwaxer.com\/de\/wp-json\/wp\/v2\/comments?post=1746"}],"version-history":[{"count":2,"href":"https:\/\/www.travelwaxer.com\/de\/wp-json\/wp\/v2\/product\/1746\/revisions"}],"predecessor-version":[{"id":5892,"href":"https:\/\/www.travelwaxer.com\/de\/wp-json\/wp\/v2\/product\/1746\/revisions\/5892"}],"wp:featuredmedia":[{"embeddable":true,"href":"https:\/\/www.travelwaxer.com\/de\/wp-json\/wp\/v2\/media\/2518"}],"wp:attachment":[{"href":"https:\/\/www.travelwaxer.com\/de\/wp-json\/wp\/v2\/media?parent=1746"}],"wp:term":[{"taxonomy":"product_brand","embeddable":true,"href":"https:\/\/www.travelwaxer.com\/de\/wp-json\/wp\/v2\/product_brand?post=1746"},{"taxonomy":"product_cat","embeddable":true,"href":"https:\/\/www.travelwaxer.com\/de\/wp-json\/wp\/v2\/product_cat?post=1746"},{"taxonomy":"product_tag","embeddable":true,"href":"https:\/\/www.travelwaxer.com\/de\/wp-json\/wp\/v2\/product_tag?post=1746"}],"curies":[{"name":"wp","href":"https:\/\/api.w.org\/{rel}","templated":true}]}}