	{"id":1739,"date":"2015-03-18T16:25:22","date_gmt":"2015-03-18T16:25:22","guid":{"rendered":"http:\/\/www.travelwaxer.com\/?product=travel-waxer-alpine-addon-3"},"modified":"2016-11-11T08:02:38","modified_gmt":"2016-11-11T08:02:38","slug":"travel-waxer-alpine-addon-3","status":"publish","type":"product","link":"https:\/\/www.travelwaxer.com\/de\/produkt\/travel-waxer-alpine-addon-3\/","title":{"rendered":"Travel Waxer Alpine AddOn"},"content":{"rendered":"<ul>\n<li>Der Alpinadapter ist stufenlos zwischen Gr\u00f6\u00dfe 31 und 49 einstellbar<\/li>\n<li>Beim Kantenschleifen wird der Ski in den Alpinprofilen seitlich fixiert<\/li>\n<li>Die Blockierung des Skistoppers erleichtert die Arbeit<\/li>\n<\/ul>\n","protected":false},"excerpt":{"rendered":"<p>Wenn Sie schon Travel Waxer XC (f\u00fcr Langlaufskis) haben. Mit diesem Zubeh\u00f6r k\u00f6nnen Sie sowohl Wachsen  wie die Kanten schleiffen. Der Preis ist sehr wettbewerbsf\u00e4hig im Vegleich zu einem separaten Alpinwachsbock. Der Ski ist stabil befestigt und kann st\u00f6rungsfrei bearbeitet werden.<br \/>\n\u00a0<br \/>\nAlpine AddOn besteht aus ein Alpinadapter und zwei Alpinprofilen. Der Alpinadaptern erm\u00f6glicht die Befestigung der Ski auf Travel Waxer und die Alpinprofilen sind f\u00fcr Wachsen und Kantenschleiffen.<\/p>\n","protected":false},"featured_media":5525,"comment_status":"open","ping_status":"closed","template":"","meta":{"footnotes":""},"product_brand":[],"product_cat":[46],"product_tag":[],"class_list":{"0":"post-1739","1":"product","2":"type-product","3":"status-publish","4":"has-post-thumbnail","6":"product_cat-zubehor-de","8":"first","9":"instock","10":"taxable","11":"shipping-taxable","12":"purchasable","13":"product-type-simple"},"yoast_head":"<!-- This site is optimized with the Yoast SEO plugin v27.6 - https:\/\/yoast.com\/product\/yoast-seo-wordpress\/ -->\n<title>Travel Waxer Alpine AddOn | Travel Waxer<\/title>\n<meta name=\"description\" content=\"Travel Waxer Alpine AddOn | Travel Waxer\" \/>\n<meta name=\"robots\" content=\"index, follow, max-snippet:-1, max-image-preview:large, max-video-preview:-1\" \/>\n<link rel=\"canonical\" href=\"https:\/\/www.travelwaxer.com\/de\/produkt\/travel-waxer-alpine-addon-3\/\" \/>\n<meta property=\"og:locale\" content=\"de_DE\" \/>\n<meta property=\"og:type\" content=\"article\" \/>\n<meta property=\"og:title\" content=\"Travel Waxer Alpine AddOn | Travel Waxer\" \/>\n<meta property=\"og:description\" content=\"Travel Waxer Alpine AddOn | Travel Waxer\" \/>\n<meta property=\"og:url\" content=\"https:\/\/www.travelwaxer.com\/de\/produkt\/travel-waxer-alpine-addon-3\/\" \/>\n<meta property=\"og:site_name\" content=\"Travel Waxer\" \/>\n<meta property=\"article:publisher\" content=\"https:\/\/www.facebook.com\/travelwaxer\" \/>\n<meta property=\"article:modified_time\" content=\"2016-11-11T08:02:38+00:00\" \/>\n<meta property=\"og:image\" content=\"https:\/\/i0.wp.com\/www.travelwaxer.com\/wp-content\/uploads\/2015\/03\/TWALPAO_featured_1200x750.jpg?fit=1200%2C750&ssl=1\" \/>\n\t<meta property=\"og:image:width\" content=\"1200\" \/>\n\t<meta property=\"og:image:height\" content=\"750\" \/>\n\t<meta property=\"og:image:type\" content=\"image\/jpeg\" \/>\n<meta name=\"twitter:card\" content=\"summary_large_image\" \/>\n<script type=\"application\/ld+json\" class=\"yoast-schema-graph\">{\"@context\":\"https:\\\/\\\/schema.org\",\"@graph\":[{\"@type\":[\"WebPage\",\"ItemPage\"],\"@id\":\"https:\\\/\\\/www.travelwaxer.com\\\/de\\\/produkt\\\/travel-waxer-alpine-addon-3\\\/\",\"url\":\"https:\\\/\\\/www.travelwaxer.com\\\/de\\\/produkt\\\/travel-waxer-alpine-addon-3\\\/\",\"name\":\"Travel Waxer Alpine AddOn | Travel Waxer\",\"isPartOf\":{\"@id\":\"https:\\\/\\\/www.travelwaxer.com\\\/de\\\/#website\"},\"primaryImageOfPage\":{\"@id\":\"https:\\\/\\\/www.travelwaxer.com\\\/de\\\/produkt\\\/travel-waxer-alpine-addon-3\\\/#primaryimage\"},\"image\":{\"@id\":\"https:\\\/\\\/www.travelwaxer.com\\\/de\\\/produkt\\\/travel-waxer-alpine-addon-3\\\/#primaryimage\"},\"thumbnailUrl\":\"https:\\\/\\\/www.travelwaxer.com\\\/wp-content\\\/uploads\\\/ALPAO_all_parts.jpg\",\"datePublished\":\"2015-03-18T16:25:22+00:00\",\"dateModified\":\"2016-11-11T08:02:38+00:00\",\"description\":\"Travel Waxer Alpine AddOn | Travel Waxer\",\"breadcrumb\":{\"@id\":\"https:\\\/\\\/www.travelwaxer.com\\\/de\\\/produkt\\\/travel-waxer-alpine-addon-3\\\/#breadcrumb\"},\"inLanguage\":\"de\",\"potentialAction\":[{\"@type\":\"ReadAction\",\"target\":[\"https:\\\/\\\/www.travelwaxer.com\\\/de\\\/produkt\\\/travel-waxer-alpine-addon-3\\\/\"]}]},{\"@type\":\"ImageObject\",\"inLanguage\":\"de\",\"@id\":\"https:\\\/\\\/www.travelwaxer.com\\\/de\\\/produkt\\\/travel-waxer-alpine-addon-3\\\/#primaryimage\",\"url\":\"https:\\\/\\\/www.travelwaxer.com\\\/wp-content\\\/uploads\\\/ALPAO_all_parts.jpg\",\"contentUrl\":\"https:\\\/\\\/www.travelwaxer.com\\\/wp-content\\\/uploads\\\/ALPAO_all_parts.jpg\",\"width\":1361,\"height\":1361},{\"@type\":\"BreadcrumbList\",\"@id\":\"https:\\\/\\\/www.travelwaxer.com\\\/de\\\/produkt\\\/travel-waxer-alpine-addon-3\\\/#breadcrumb\",\"itemListElement\":[{\"@type\":\"ListItem\",\"position\":1,\"name\":\"Hem\",\"item\":\"https:\\\/\\\/www.travelwaxer.com\\\/de\\\/\"},{\"@type\":\"ListItem\",\"position\":2,\"name\":\"Produkte\",\"item\":\"https:\\\/\\\/www.travelwaxer.com\\\/de\\\/shop\\\/\"},{\"@type\":\"ListItem\",\"position\":3,\"name\":\"Travel Waxer Alpine AddOn\"}]},{\"@type\":\"WebSite\",\"@id\":\"https:\\\/\\\/www.travelwaxer.com\\\/de\\\/#website\",\"url\":\"https:\\\/\\\/www.travelwaxer.com\\\/de\\\/\",\"name\":\"Travel Waxer\",\"description\":\"Wachstisch f\u00fcr Langlauf und Alpin\",\"publisher\":{\"@id\":\"https:\\\/\\\/www.travelwaxer.com\\\/de\\\/#organization\"},\"potentialAction\":[{\"@type\":\"SearchAction\",\"target\":{\"@type\":\"EntryPoint\",\"urlTemplate\":\"https:\\\/\\\/www.travelwaxer.com\\\/de\\\/?s={search_term_string}\"},\"query-input\":{\"@type\":\"PropertyValueSpecification\",\"valueRequired\":true,\"valueName\":\"search_term_string\"}}],\"inLanguage\":\"de\"},{\"@type\":\"Organization\",\"@id\":\"https:\\\/\\\/www.travelwaxer.com\\\/de\\\/#organization\",\"name\":\"Travel Waxer\",\"url\":\"https:\\\/\\\/www.travelwaxer.com\\\/de\\\/\",\"logo\":{\"@type\":\"ImageObject\",\"inLanguage\":\"de\",\"@id\":\"https:\\\/\\\/www.travelwaxer.com\\\/de\\\/#\\\/schema\\\/logo\\\/image\\\/\",\"url\":\"https:\\\/\\\/www.travelwaxer.com\\\/wp-content\\\/uploads\\\/2015\\\/03\\\/title_icon-2.png\",\"contentUrl\":\"https:\\\/\\\/www.travelwaxer.com\\\/wp-content\\\/uploads\\\/2015\\\/03\\\/title_icon-2.png\",\"width\":154,\"height\":171,\"caption\":\"Travel Waxer\"},\"image\":{\"@id\":\"https:\\\/\\\/www.travelwaxer.com\\\/de\\\/#\\\/schema\\\/logo\\\/image\\\/\"},\"sameAs\":[\"https:\\\/\\\/www.facebook.com\\\/travelwaxer\"]}]}<\/script>\n<!-- \/ Yoast SEO plugin. -->","yoast_head_json":{"title":"Travel Waxer Alpine AddOn | Travel Waxer","description":"Travel Waxer Alpine AddOn | Travel Waxer","robots":{"index":"index","follow":"follow","max-snippet":"max-snippet:-1","max-image-preview":"max-image-preview:large","max-video-preview":"max-video-preview:-1"},"canonical":"https:\/\/www.travelwaxer.com\/de\/produkt\/travel-waxer-alpine-addon-3\/","og_locale":"de_DE","og_type":"article","og_title":"Travel Waxer Alpine AddOn | Travel Waxer","og_description":"Travel Waxer Alpine AddOn | Travel Waxer","og_url":"https:\/\/www.travelwaxer.com\/de\/produkt\/travel-waxer-alpine-addon-3\/","og_site_name":"Travel Waxer","article_publisher":"https:\/\/www.facebook.com\/travelwaxer","article_modified_time":"2016-11-11T08:02:38+00:00","og_image":[{"width":1200,"height":750,"url":"https:\/\/i0.wp.com\/www.travelwaxer.com\/wp-content\/uploads\/2015\/03\/TWALPAO_featured_1200x750.jpg?fit=1200%2C750&ssl=1","type":"image\/jpeg"}],"twitter_card":"summary_large_image","schema":{"@context":"https:\/\/schema.org","@graph":[{"@type":["WebPage","ItemPage"],"@id":"https:\/\/www.travelwaxer.com\/de\/produkt\/travel-waxer-alpine-addon-3\/","url":"https:\/\/www.travelwaxer.com\/de\/produkt\/travel-waxer-alpine-addon-3\/","name":"Travel Waxer Alpine AddOn | Travel Waxer","isPartOf":{"@id":"https:\/\/www.travelwaxer.com\/de\/#website"},"primaryImageOfPage":{"@id":"https:\/\/www.travelwaxer.com\/de\/produkt\/travel-waxer-alpine-addon-3\/#primaryimage"},"image":{"@id":"https:\/\/www.travelwaxer.com\/de\/produkt\/travel-waxer-alpine-addon-3\/#primaryimage"},"thumbnailUrl":"https:\/\/www.travelwaxer.com\/wp-content\/uploads\/ALPAO_all_parts.jpg","datePublished":"2015-03-18T16:25:22+00:00","dateModified":"2016-11-11T08:02:38+00:00","description":"Travel Waxer Alpine AddOn | Travel Waxer","breadcrumb":{"@id":"https:\/\/www.travelwaxer.com\/de\/produkt\/travel-waxer-alpine-addon-3\/#breadcrumb"},"inLanguage":"de","potentialAction":[{"@type":"ReadAction","target":["https:\/\/www.travelwaxer.com\/de\/produkt\/travel-waxer-alpine-addon-3\/"]}]},{"@type":"ImageObject","inLanguage":"de","@id":"https:\/\/www.travelwaxer.com\/de\/produkt\/travel-waxer-alpine-addon-3\/#primaryimage","url":"https:\/\/www.travelwaxer.com\/wp-content\/uploads\/ALPAO_all_parts.jpg","contentUrl":"https:\/\/www.travelwaxer.com\/wp-content\/uploads\/ALPAO_all_parts.jpg","width":1361,"height":1361},{"@type":"BreadcrumbList","@id":"https:\/\/www.travelwaxer.com\/de\/produkt\/travel-waxer-alpine-addon-3\/#breadcrumb","itemListElement":[{"@type":"ListItem","position":1,"name":"Hem","item":"https:\/\/www.travelwaxer.com\/de\/"},{"@type":"ListItem","position":2,"name":"Produkte","item":"https:\/\/www.travelwaxer.com\/de\/shop\/"},{"@type":"ListItem","position":3,"name":"Travel Waxer Alpine AddOn"}]},{"@type":"WebSite","@id":"https:\/\/www.travelwaxer.com\/de\/#website","url":"https:\/\/www.travelwaxer.com\/de\/","name":"Travel Waxer","description":"Wachstisch f\u00fcr Langlauf und Alpin","publisher":{"@id":"https:\/\/www.travelwaxer.com\/de\/#organization"},"potentialAction":[{"@type":"SearchAction","target":{"@type":"EntryPoint","urlTemplate":"https:\/\/www.travelwaxer.com\/de\/?s={search_term_string}"},"query-input":{"@type":"PropertyValueSpecification","valueRequired":true,"valueName":"search_term_string"}}],"inLanguage":"de"},{"@type":"Organization","@id":"https:\/\/www.travelwaxer.com\/de\/#organization","name":"Travel Waxer","url":"https:\/\/www.travelwaxer.com\/de\/","logo":{"@type":"ImageObject","inLanguage":"de","@id":"https:\/\/www.travelwaxer.com\/de\/#\/schema\/logo\/image\/","url":"https:\/\/www.travelwaxer.com\/wp-content\/uploads\/2015\/03\/title_icon-2.png","contentUrl":"https:\/\/www.travelwaxer.com\/wp-content\/uploads\/2015\/03\/title_icon-2.png","width":154,"height":171,"caption":"Travel Waxer"},"image":{"@id":"https:\/\/www.travelwaxer.com\/de\/#\/schema\/logo\/image\/"},"sameAs":["https:\/\/www.facebook.com\/travelwaxer"]}]}},"_links":{"self":[{"href":"https:\/\/www.travelwaxer.com\/de\/wp-json\/wp\/v2\/product\/1739","targetHints":{"allow":["GET"]}}],"collection":[{"href":"https:\/\/www.travelwaxer.com\/de\/wp-json\/wp\/v2\/product"}],"about":[{"href":"https:\/\/www.travelwaxer.com\/de\/wp-json\/wp\/v2\/types\/product"}],"replies":[{"embeddable":true,"href":"https:\/\/www.travelwaxer.com\/de\/wp-json\/wp\/v2\/comments?post=1739"}],"version-history":[{"count":1,"href":"https:\/\/www.travelwaxer.com\/de\/wp-json\/wp\/v2\/product\/1739\/revisions"}],"predecessor-version":[{"id":2765,"href":"https:\/\/www.travelwaxer.com\/de\/wp-json\/wp\/v2\/product\/1739\/revisions\/2765"}],"wp:featuredmedia":[{"embeddable":true,"href":"https:\/\/www.travelwaxer.com\/de\/wp-json\/wp\/v2\/media\/5525"}],"wp:attachment":[{"href":"https:\/\/www.travelwaxer.com\/de\/wp-json\/wp\/v2\/media?parent=1739"}],"wp:term":[{"taxonomy":"product_brand","embeddable":true,"href":"https:\/\/www.travelwaxer.com\/de\/wp-json\/wp\/v2\/product_brand?post=1739"},{"taxonomy":"product_cat","embeddable":true,"href":"https:\/\/www.travelwaxer.com\/de\/wp-json\/wp\/v2\/product_cat?post=1739"},{"taxonomy":"product_tag","embeddable":true,"href":"https:\/\/www.travelwaxer.com\/de\/wp-json\/wp\/v2\/product_tag?post=1739"}],"curies":[{"name":"wp","href":"https:\/\/api.w.org\/{rel}","templated":true}]}}