	{"id":5902,"date":"2026-03-29T19:29:55","date_gmt":"2026-03-29T17:29:55","guid":{"rendered":"https:\/\/www.travelwaxer.com\/?page_id=5902"},"modified":"2026-03-29T19:31:07","modified_gmt":"2026-03-29T17:31:07","slug":"haeufig-gestellte-fragen","status":"publish","type":"page","link":"https:\/\/www.travelwaxer.com\/de\/haeufig-gestellte-fragen\/","title":{"rendered":"H\u00e4ufig gestellte Fragen"},"content":{"rendered":"\n<h2 class=\"wp-block-heading\">Allgemein<\/h2>\n\n\n\n<h3 class=\"wp-block-heading\">Was ist ein Wachsbock und warum brauchst du ihn?<\/h3>\n\n\n\n<p>Ein Wachsbock hilft dir, deine Skier zu fixieren, damit du sie wachsen kannst. Er erleichtert die Arbeit enorm, weil du nicht mit einer Hand den Ski festhalten musst.<\/p>\n\n\n\n<h3 class=\"wp-block-heading\">Welche Arten von Wachsb\u00f6cken gibt es?<\/h3>\n\n\n\n<p>Es gibt Tischwachsb\u00f6cke, die du auf einer Werkbank oder einem Tisch montieren kannst. Au\u00dferdem gibt es Wachsb\u00e4nke mit Beinen. Sie k\u00f6nnen f\u00fcr einen oder zwei Skier ausgelegt sein. Zus\u00e4tzlich gibt es Wachstische mit kleinerer Fl\u00e4che, auf der du Werkzeuge und Wachse ablegen kannst. Wachsb\u00f6cke haben normalerweise zwei Wachsprofile, eines f\u00fcr den vorderen und eines f\u00fcr den hinteren Teil des Skis. Der Name \u201eWachsprofil\u201c kommt daher, dass die Form dem Profil (der Form) des Skis folgt.<\/p>\n\n\n\n<h3 class=\"wp-block-heading\">Welcher Wachsbock passt am besten zu mir (Anf\u00e4nger vs. erfahrener Skifahrer)?<\/h3>\n\n\n\n<p>Als Anf\u00e4nger reicht dir wahrscheinlich ein Tisch-Wachsbock v\u00f6llig aus. Vielleicht hast du Fellski und w\u00e4chst nur gelegentlich die Gleitseiten. Wenn du jedoch h\u00e4ufig zu Wettbewerben reist und viel unterwegs bist, kann eine Wachsbank praktisch sein. Sie erm\u00f6glicht es dir, deine Wachse schnell und einfach an die Bedingungen anzupassen.<\/p>\n\n\n\n<h2 class=\"wp-block-heading\">Funktion und Verwendung<\/h2>\n\n\n\n<h3 class=\"wp-block-heading\">Wie montierst du den Wachsbock?<\/h3>\n\n\n\n<p>Montageanleitungen findest du auf allen Produktseiten. Die Travel Waxer Bench wird in zwei H\u00e4lften geliefert, um Versandkosten zu sparen. Zuhause montierst du sie dann mit vier Schrauben. Die Montageanleitung findest du im Abschnitt \u201eMontage\u201c.<\/p>\n\n\n\n<h3 class=\"wp-block-heading\">Welche Arbeitsh\u00f6he hat die Wachs-Bank?<\/h3>\n\n\n\n<p>Bei der Travel Waxer Bench arbeitest du auf ca. 90 cm H\u00f6he. Bei Tisch-Wachsb\u00f6cken arbeitest du etwa 15 cm \u00fcber der Tischplatte.<\/p>\n\n\n\n<h3 class=\"wp-block-heading\">Kannst du beide Skier gleichzeitig wachsen?<\/h3>\n\n\n\n<p>Nein, leider kannst du immer nur einen Ski gleichzeitig wachsen. Da es sich um einen Reise-Wachsbock handelt, haben wir ihn m\u00f6glichst klein gehalten.<\/p>\n\n\n\n<h3 class=\"wp-block-heading\">Gibt es eine Ablagefl\u00e4che f\u00fcr Werkzeuge und Wachse?<\/h3>\n\n\n\n<p>Die Auflage der Wachs-Bank ist U-f\u00f6rmig gestaltet, sodass du w\u00e4hrend der Arbeit problemlos Wachse und Werkzeuge abstellen kannst.<\/p>\n\n\n\n<h3 class=\"wp-block-heading\">Kannst du die Wachsbank sowohl f\u00fcr Gleitski- als auch f\u00fcr Steigwachs verwenden?<\/h3>\n\n\n\n<p>Ja, obwohl sie kompakt ist, ist sie stabil genug, um sowohl Steig- als auch Gleitseiten zu wachsen. Sie eignet sich auch zum Rillen. Der Wachsbock steht stabil auf Schnee und auf dem Garagenboden.<\/p>\n\n\n\n<h3 class=\"wp-block-heading\">Kannst du auch deine Alpinski mit der Travel Waxer wachsen?<\/h3>\n\n\n\n<p>Ja, du kannst sowohl Langlauf- als auch Alpinski mit der Travel Waxer wachsen. Schau dir die Modelle unter <a href=\"https:\/\/www.travelwaxer.com\/de\/produktkategorie\/kombiwachsbocke-langlauf-und-alpin\/\" type=\"product_cat\" id=\"70\">Kombi-Wachsbock (Langlauf + Alpin)<\/a> an.<\/p>\n\n\n\n<h3 class=\"wp-block-heading\">Skistopper sind beim Wachsen von Alpinski oft im Weg. Wie l\u00f6se ich das?<\/h3>\n\n\n\n<p>Bei vielen Produkten musst du ein Gummiband an den Skistoppern anbringen, um sie aus dem Weg zu bekommen. Die Travel Waxer hat eine clevere L\u00f6sung mit dem Alpinadapter, der die Skistopper so anhebt, wie wenn ein Skischuh in der Bindung sitzt.<\/p>\n\n\n\n<h3 class=\"wp-block-heading\">Gibt es einen Wachsbock f\u00fcr Tourenski?<\/h3>\n\n\n\n<p>Ja, alle unsere Modelle f\u00fcr Alpinski funktionieren auch f\u00fcr Tourenski. Unter jedem Produkt findest du ein Video, das zeigt, wie es funktioniert.<\/p>\n\n\n\n<h2 class=\"wp-block-heading\">Transport und Pflege<\/h2>\n\n\n\n<h3 class=\"wp-block-heading\">Brauche ich Werkzeug, um den Wachsbock aufzustellen?<\/h3>\n\n\n\n<p>Nein, du brauchst kein Werkzeug. Beine und F\u00fc\u00dfe klappst du einfach aus und fixierst sie mit den Scharnieren. Nur bei der ersten Montage ben\u00f6tigst du einen verstellbaren Schl\u00fcssel.<\/p>\n\n\n\n<h3 class=\"wp-block-heading\">Kannst du den Wachsbock im Flugzeug mitnehmen?<\/h3>\n\n\n\n<p>Ja, der Wachsbock hat nur einen Durchmesser von 7\u00d77 cm und passt zusammen mit deinen Skiern in die Skitasche.<\/p>\n\n\n\n<h3 class=\"wp-block-heading\">Verkauft ihr auch Skitaschen?<\/h3>\n\n\n\n<p>Ja, wir haben diese ger\u00e4umige <a href=\"https:\/\/www.travelwaxer.com\/de\/produkt\/skisack-fuer-2-paar-xc-skis1-paar-alpinskis-2\/\" type=\"product\" id=\"2354\">Tasche<\/a>, die Platz f\u00fcr zwei Paar Langlaufski bietet.<\/p>\n\n\n\n<h3 class=\"wp-block-heading\">Wenn ich die Wachsbank in der Skitasche transportiere, riskiere ich, meine Skier oder St\u00f6cke zu besch\u00e4digen?<\/h3>\n\n\n\n<p>Nein, der Wachsbock kommt immer in einem sch\u00fctzenden Stoffsack geliefert.<\/p>\n\n\n\n<h3 class=\"wp-block-heading\">Wie schwer ist der Wachsbock?<\/h3>\n\n\n\n<p>Der Wachsbock, inklusive Wachsprofile f\u00fcr Langlauf- oder Alpinski, wiegt 4,5 kg.<\/p>\n\n\n\n<h3 class=\"wp-block-heading\">Besteht die Gefahr, dass der Wachsbock im Laufe der Zeit rostet?<\/h3>\n\n\n\n<p>Nein, er besteht haupts\u00e4chlich aus Aluminium. Alle Stahlteile sind verzinkt, was jahrelangen Rostschutz bietet. Es kann jedoch sinnvoll sein, den Wachsbock gelegentlich au\u00dferhalb des Stoffbeutels trocknen zu lassen, wenn er nass geworden ist.<\/p>\n\n\n\n<p><\/p>\n","protected":false},"excerpt":{"rendered":"<p>Allgemein Was ist ein Wachsbock und warum brauchst du ihn? Ein Wachsbock hilft dir, deine Skier zu fixieren, damit du sie wachsen kannst. Er erleichtert die Arbeit enorm, weil du nicht mit einer Hand den Ski festhalten musst. Welche Arten von Wachsb\u00f6cken gibt es? Es gibt Tischwachsb\u00f6cke, die du auf einer Werkbank oder einem Tisch [&hellip;]<\/p>\n","protected":false},"author":2,"featured_media":0,"parent":0,"menu_order":0,"comment_status":"closed","ping_status":"closed","template":"","meta":{"footnotes":""},"class_list":["post-5902","page","type-page","status-publish","hentry"],"yoast_head":"<!-- This site is optimized with the Yoast SEO plugin v27.6 - https:\/\/yoast.com\/product\/yoast-seo-wordpress\/ -->\n<title>H\u00e4ufig gestellte Fragen | Travel Waxer<\/title>\n<meta name=\"description\" content=\"H\u00e4ufig gestellte Fragen | Travel Waxer\" \/>\n<meta name=\"robots\" content=\"index, follow, max-snippet:-1, max-image-preview:large, max-video-preview:-1\" \/>\n<link rel=\"canonical\" href=\"https:\/\/www.travelwaxer.com\/de\/haeufig-gestellte-fragen\/\" \/>\n<meta property=\"og:locale\" content=\"de_DE\" \/>\n<meta property=\"og:type\" content=\"article\" \/>\n<meta property=\"og:title\" content=\"H\u00e4ufig gestellte Fragen | Travel Waxer\" \/>\n<meta property=\"og:description\" content=\"H\u00e4ufig gestellte Fragen | Travel Waxer\" \/>\n<meta property=\"og:url\" content=\"https:\/\/www.travelwaxer.com\/de\/haeufig-gestellte-fragen\/\" \/>\n<meta property=\"og:site_name\" content=\"Travel Waxer\" \/>\n<meta property=\"article:publisher\" content=\"https:\/\/www.facebook.com\/travelwaxer\" \/>\n<meta property=\"article:modified_time\" content=\"2026-03-29T17:31:07+00:00\" \/>\n<meta name=\"twitter:card\" content=\"summary_large_image\" \/>\n<meta name=\"twitter:label1\" content=\"Gesch\u00e4tzte Lesezeit\" \/>\n\t<meta name=\"twitter:data1\" content=\"3\u00a0Minuten\" \/>\n<script type=\"application\/ld+json\" class=\"yoast-schema-graph\">{\"@context\":\"https:\\\/\\\/schema.org\",\"@graph\":[{\"@type\":\"WebPage\",\"@id\":\"https:\\\/\\\/www.travelwaxer.com\\\/de\\\/haeufig-gestellte-fragen\\\/\",\"url\":\"https:\\\/\\\/www.travelwaxer.com\\\/de\\\/haeufig-gestellte-fragen\\\/\",\"name\":\"H\u00e4ufig gestellte Fragen | Travel Waxer\",\"isPartOf\":{\"@id\":\"https:\\\/\\\/www.travelwaxer.com\\\/de\\\/#website\"},\"datePublished\":\"2026-03-29T17:29:55+00:00\",\"dateModified\":\"2026-03-29T17:31:07+00:00\",\"description\":\"H\u00e4ufig gestellte Fragen | Travel Waxer\",\"breadcrumb\":{\"@id\":\"https:\\\/\\\/www.travelwaxer.com\\\/de\\\/haeufig-gestellte-fragen\\\/#breadcrumb\"},\"inLanguage\":\"de\",\"potentialAction\":[{\"@type\":\"ReadAction\",\"target\":[\"https:\\\/\\\/www.travelwaxer.com\\\/de\\\/haeufig-gestellte-fragen\\\/\"]}]},{\"@type\":\"BreadcrumbList\",\"@id\":\"https:\\\/\\\/www.travelwaxer.com\\\/de\\\/haeufig-gestellte-fragen\\\/#breadcrumb\",\"itemListElement\":[{\"@type\":\"ListItem\",\"position\":1,\"name\":\"Hem\",\"item\":\"https:\\\/\\\/www.travelwaxer.com\\\/de\\\/\"},{\"@type\":\"ListItem\",\"position\":2,\"name\":\"H\u00e4ufig gestellte Fragen\"}]},{\"@type\":\"WebSite\",\"@id\":\"https:\\\/\\\/www.travelwaxer.com\\\/de\\\/#website\",\"url\":\"https:\\\/\\\/www.travelwaxer.com\\\/de\\\/\",\"name\":\"Travel Waxer\",\"description\":\"Wachstisch f\u00fcr Langlauf und Alpin\",\"publisher\":{\"@id\":\"https:\\\/\\\/www.travelwaxer.com\\\/de\\\/#organization\"},\"potentialAction\":[{\"@type\":\"SearchAction\",\"target\":{\"@type\":\"EntryPoint\",\"urlTemplate\":\"https:\\\/\\\/www.travelwaxer.com\\\/de\\\/?s={search_term_string}\"},\"query-input\":{\"@type\":\"PropertyValueSpecification\",\"valueRequired\":true,\"valueName\":\"search_term_string\"}}],\"inLanguage\":\"de\"},{\"@type\":\"Organization\",\"@id\":\"https:\\\/\\\/www.travelwaxer.com\\\/de\\\/#organization\",\"name\":\"Travel Waxer\",\"url\":\"https:\\\/\\\/www.travelwaxer.com\\\/de\\\/\",\"logo\":{\"@type\":\"ImageObject\",\"inLanguage\":\"de\",\"@id\":\"https:\\\/\\\/www.travelwaxer.com\\\/de\\\/#\\\/schema\\\/logo\\\/image\\\/\",\"url\":\"https:\\\/\\\/www.travelwaxer.com\\\/wp-content\\\/uploads\\\/2015\\\/03\\\/title_icon-2.png\",\"contentUrl\":\"https:\\\/\\\/www.travelwaxer.com\\\/wp-content\\\/uploads\\\/2015\\\/03\\\/title_icon-2.png\",\"width\":154,\"height\":171,\"caption\":\"Travel Waxer\"},\"image\":{\"@id\":\"https:\\\/\\\/www.travelwaxer.com\\\/de\\\/#\\\/schema\\\/logo\\\/image\\\/\"},\"sameAs\":[\"https:\\\/\\\/www.facebook.com\\\/travelwaxer\"]}]}<\/script>\n<!-- \/ Yoast SEO plugin. -->","yoast_head_json":{"title":"H\u00e4ufig gestellte Fragen | Travel Waxer","description":"H\u00e4ufig gestellte Fragen | Travel Waxer","robots":{"index":"index","follow":"follow","max-snippet":"max-snippet:-1","max-image-preview":"max-image-preview:large","max-video-preview":"max-video-preview:-1"},"canonical":"https:\/\/www.travelwaxer.com\/de\/haeufig-gestellte-fragen\/","og_locale":"de_DE","og_type":"article","og_title":"H\u00e4ufig gestellte Fragen | Travel Waxer","og_description":"H\u00e4ufig gestellte Fragen | Travel Waxer","og_url":"https:\/\/www.travelwaxer.com\/de\/haeufig-gestellte-fragen\/","og_site_name":"Travel Waxer","article_publisher":"https:\/\/www.facebook.com\/travelwaxer","article_modified_time":"2026-03-29T17:31:07+00:00","twitter_card":"summary_large_image","twitter_misc":{"Gesch\u00e4tzte Lesezeit":"3\u00a0Minuten"},"schema":{"@context":"https:\/\/schema.org","@graph":[{"@type":"WebPage","@id":"https:\/\/www.travelwaxer.com\/de\/haeufig-gestellte-fragen\/","url":"https:\/\/www.travelwaxer.com\/de\/haeufig-gestellte-fragen\/","name":"H\u00e4ufig gestellte Fragen | Travel Waxer","isPartOf":{"@id":"https:\/\/www.travelwaxer.com\/de\/#website"},"datePublished":"2026-03-29T17:29:55+00:00","dateModified":"2026-03-29T17:31:07+00:00","description":"H\u00e4ufig gestellte Fragen | Travel Waxer","breadcrumb":{"@id":"https:\/\/www.travelwaxer.com\/de\/haeufig-gestellte-fragen\/#breadcrumb"},"inLanguage":"de","potentialAction":[{"@type":"ReadAction","target":["https:\/\/www.travelwaxer.com\/de\/haeufig-gestellte-fragen\/"]}]},{"@type":"BreadcrumbList","@id":"https:\/\/www.travelwaxer.com\/de\/haeufig-gestellte-fragen\/#breadcrumb","itemListElement":[{"@type":"ListItem","position":1,"name":"Hem","item":"https:\/\/www.travelwaxer.com\/de\/"},{"@type":"ListItem","position":2,"name":"H\u00e4ufig gestellte Fragen"}]},{"@type":"WebSite","@id":"https:\/\/www.travelwaxer.com\/de\/#website","url":"https:\/\/www.travelwaxer.com\/de\/","name":"Travel Waxer","description":"Wachstisch f\u00fcr Langlauf und Alpin","publisher":{"@id":"https:\/\/www.travelwaxer.com\/de\/#organization"},"potentialAction":[{"@type":"SearchAction","target":{"@type":"EntryPoint","urlTemplate":"https:\/\/www.travelwaxer.com\/de\/?s={search_term_string}"},"query-input":{"@type":"PropertyValueSpecification","valueRequired":true,"valueName":"search_term_string"}}],"inLanguage":"de"},{"@type":"Organization","@id":"https:\/\/www.travelwaxer.com\/de\/#organization","name":"Travel Waxer","url":"https:\/\/www.travelwaxer.com\/de\/","logo":{"@type":"ImageObject","inLanguage":"de","@id":"https:\/\/www.travelwaxer.com\/de\/#\/schema\/logo\/image\/","url":"https:\/\/www.travelwaxer.com\/wp-content\/uploads\/2015\/03\/title_icon-2.png","contentUrl":"https:\/\/www.travelwaxer.com\/wp-content\/uploads\/2015\/03\/title_icon-2.png","width":154,"height":171,"caption":"Travel Waxer"},"image":{"@id":"https:\/\/www.travelwaxer.com\/de\/#\/schema\/logo\/image\/"},"sameAs":["https:\/\/www.facebook.com\/travelwaxer"]}]}},"_links":{"self":[{"href":"https:\/\/www.travelwaxer.com\/de\/wp-json\/wp\/v2\/pages\/5902","targetHints":{"allow":["GET"]}}],"collection":[{"href":"https:\/\/www.travelwaxer.com\/de\/wp-json\/wp\/v2\/pages"}],"about":[{"href":"https:\/\/www.travelwaxer.com\/de\/wp-json\/wp\/v2\/types\/page"}],"author":[{"embeddable":true,"href":"https:\/\/www.travelwaxer.com\/de\/wp-json\/wp\/v2\/users\/2"}],"replies":[{"embeddable":true,"href":"https:\/\/www.travelwaxer.com\/de\/wp-json\/wp\/v2\/comments?post=5902"}],"version-history":[{"count":2,"href":"https:\/\/www.travelwaxer.com\/de\/wp-json\/wp\/v2\/pages\/5902\/revisions"}],"predecessor-version":[{"id":5904,"href":"https:\/\/www.travelwaxer.com\/de\/wp-json\/wp\/v2\/pages\/5902\/revisions\/5904"}],"wp:attachment":[{"href":"https:\/\/www.travelwaxer.com\/de\/wp-json\/wp\/v2\/media?parent=5902"}],"curies":[{"name":"wp","href":"https:\/\/api.w.org\/{rel}","templated":true}]}}