	{"id":2035,"date":"2015-12-09T21:37:52","date_gmt":"2015-12-09T21:37:52","guid":{"rendered":"http:\/\/www.travelwaxer.com\/?page_id=2035&#038;lang=de"},"modified":"2015-12-09T21:37:52","modified_gmt":"2015-12-09T21:37:52","slug":"zitat-2","status":"publish","type":"page","link":"https:\/\/www.travelwaxer.com\/de\/zitat-2\/","title":{"rendered":"Zitat"},"content":{"rendered":"<p>&#8222;Was f\u00fcr ein praktischer Wachtisch. Travel Waxer ben\u00f6tigt sehr wenig Stauraum, funktioniert hervorragend und ist von bester Qualit\u00e4t.&#8220;<\/p>\n","protected":false},"excerpt":{"rendered":"<p>&#8222;Was f\u00fcr ein praktischer Wachtisch. Travel Waxer ben\u00f6tigt sehr wenig Stauraum, funktioniert hervorragend und ist von bester Qualit\u00e4t.&#8220;<\/p>\n","protected":false},"author":2,"featured_media":0,"parent":0,"menu_order":0,"comment_status":"closed","ping_status":"closed","template":"","meta":{"footnotes":""},"class_list":["post-2035","page","type-page","status-publish","hentry"],"yoast_head":"<!-- This site is optimized with the Yoast SEO plugin v27.4 - https:\/\/yoast.com\/product\/yoast-seo-wordpress\/ -->\n<title>Zitat | Travel Waxer<\/title>\n<meta name=\"description\" content=\"Zitat | Travel Waxer\" \/>\n<meta name=\"robots\" content=\"index, follow, max-snippet:-1, max-image-preview:large, max-video-preview:-1\" \/>\n<link rel=\"canonical\" href=\"https:\/\/www.travelwaxer.com\/de\/zitat-2\/\" \/>\n<meta property=\"og:locale\" content=\"de_DE\" \/>\n<meta property=\"og:type\" content=\"article\" \/>\n<meta property=\"og:title\" content=\"Zitat | Travel Waxer\" \/>\n<meta property=\"og:description\" content=\"Zitat | Travel Waxer\" \/>\n<meta property=\"og:url\" content=\"https:\/\/www.travelwaxer.com\/de\/zitat-2\/\" \/>\n<meta property=\"og:site_name\" content=\"Travel Waxer\" \/>\n<meta property=\"article:publisher\" content=\"https:\/\/www.facebook.com\/travelwaxer\" \/>\n<meta name=\"twitter:card\" content=\"summary_large_image\" \/>\n<script type=\"application\/ld+json\" class=\"yoast-schema-graph\">{\"@context\":\"https:\\\/\\\/schema.org\",\"@graph\":[{\"@type\":\"WebPage\",\"@id\":\"https:\\\/\\\/www.travelwaxer.com\\\/de\\\/zitat-2\\\/\",\"url\":\"https:\\\/\\\/www.travelwaxer.com\\\/de\\\/zitat-2\\\/\",\"name\":\"Zitat | Travel Waxer\",\"isPartOf\":{\"@id\":\"https:\\\/\\\/www.travelwaxer.com\\\/de\\\/#website\"},\"datePublished\":\"2015-12-09T21:37:52+00:00\",\"description\":\"Zitat | Travel Waxer\",\"breadcrumb\":{\"@id\":\"https:\\\/\\\/www.travelwaxer.com\\\/de\\\/zitat-2\\\/#breadcrumb\"},\"inLanguage\":\"de\",\"potentialAction\":[{\"@type\":\"ReadAction\",\"target\":[\"https:\\\/\\\/www.travelwaxer.com\\\/de\\\/zitat-2\\\/\"]}]},{\"@type\":\"BreadcrumbList\",\"@id\":\"https:\\\/\\\/www.travelwaxer.com\\\/de\\\/zitat-2\\\/#breadcrumb\",\"itemListElement\":[{\"@type\":\"ListItem\",\"position\":1,\"name\":\"Hem\",\"item\":\"https:\\\/\\\/www.travelwaxer.com\\\/de\\\/\"},{\"@type\":\"ListItem\",\"position\":2,\"name\":\"Zitat\"}]},{\"@type\":\"WebSite\",\"@id\":\"https:\\\/\\\/www.travelwaxer.com\\\/de\\\/#website\",\"url\":\"https:\\\/\\\/www.travelwaxer.com\\\/de\\\/\",\"name\":\"Travel Waxer\",\"description\":\"Wachstisch f\u00fcr Langlauf und Alpin\",\"publisher\":{\"@id\":\"https:\\\/\\\/www.travelwaxer.com\\\/de\\\/#organization\"},\"potentialAction\":[{\"@type\":\"SearchAction\",\"target\":{\"@type\":\"EntryPoint\",\"urlTemplate\":\"https:\\\/\\\/www.travelwaxer.com\\\/de\\\/?s={search_term_string}\"},\"query-input\":{\"@type\":\"PropertyValueSpecification\",\"valueRequired\":true,\"valueName\":\"search_term_string\"}}],\"inLanguage\":\"de\"},{\"@type\":\"Organization\",\"@id\":\"https:\\\/\\\/www.travelwaxer.com\\\/de\\\/#organization\",\"name\":\"Travel Waxer\",\"url\":\"https:\\\/\\\/www.travelwaxer.com\\\/de\\\/\",\"logo\":{\"@type\":\"ImageObject\",\"inLanguage\":\"de\",\"@id\":\"https:\\\/\\\/www.travelwaxer.com\\\/de\\\/#\\\/schema\\\/logo\\\/image\\\/\",\"url\":\"https:\\\/\\\/www.travelwaxer.com\\\/wp-content\\\/uploads\\\/2015\\\/03\\\/title_icon-2.png\",\"contentUrl\":\"https:\\\/\\\/www.travelwaxer.com\\\/wp-content\\\/uploads\\\/2015\\\/03\\\/title_icon-2.png\",\"width\":154,\"height\":171,\"caption\":\"Travel Waxer\"},\"image\":{\"@id\":\"https:\\\/\\\/www.travelwaxer.com\\\/de\\\/#\\\/schema\\\/logo\\\/image\\\/\"},\"sameAs\":[\"https:\\\/\\\/www.facebook.com\\\/travelwaxer\"]}]}<\/script>\n<!-- \/ Yoast SEO plugin. -->","yoast_head_json":{"title":"Zitat | Travel Waxer","description":"Zitat | Travel Waxer","robots":{"index":"index","follow":"follow","max-snippet":"max-snippet:-1","max-image-preview":"max-image-preview:large","max-video-preview":"max-video-preview:-1"},"canonical":"https:\/\/www.travelwaxer.com\/de\/zitat-2\/","og_locale":"de_DE","og_type":"article","og_title":"Zitat | Travel Waxer","og_description":"Zitat | Travel Waxer","og_url":"https:\/\/www.travelwaxer.com\/de\/zitat-2\/","og_site_name":"Travel Waxer","article_publisher":"https:\/\/www.facebook.com\/travelwaxer","twitter_card":"summary_large_image","schema":{"@context":"https:\/\/schema.org","@graph":[{"@type":"WebPage","@id":"https:\/\/www.travelwaxer.com\/de\/zitat-2\/","url":"https:\/\/www.travelwaxer.com\/de\/zitat-2\/","name":"Zitat | Travel Waxer","isPartOf":{"@id":"https:\/\/www.travelwaxer.com\/de\/#website"},"datePublished":"2015-12-09T21:37:52+00:00","description":"Zitat | Travel Waxer","breadcrumb":{"@id":"https:\/\/www.travelwaxer.com\/de\/zitat-2\/#breadcrumb"},"inLanguage":"de","potentialAction":[{"@type":"ReadAction","target":["https:\/\/www.travelwaxer.com\/de\/zitat-2\/"]}]},{"@type":"BreadcrumbList","@id":"https:\/\/www.travelwaxer.com\/de\/zitat-2\/#breadcrumb","itemListElement":[{"@type":"ListItem","position":1,"name":"Hem","item":"https:\/\/www.travelwaxer.com\/de\/"},{"@type":"ListItem","position":2,"name":"Zitat"}]},{"@type":"WebSite","@id":"https:\/\/www.travelwaxer.com\/de\/#website","url":"https:\/\/www.travelwaxer.com\/de\/","name":"Travel Waxer","description":"Wachstisch f\u00fcr Langlauf und Alpin","publisher":{"@id":"https:\/\/www.travelwaxer.com\/de\/#organization"},"potentialAction":[{"@type":"SearchAction","target":{"@type":"EntryPoint","urlTemplate":"https:\/\/www.travelwaxer.com\/de\/?s={search_term_string}"},"query-input":{"@type":"PropertyValueSpecification","valueRequired":true,"valueName":"search_term_string"}}],"inLanguage":"de"},{"@type":"Organization","@id":"https:\/\/www.travelwaxer.com\/de\/#organization","name":"Travel Waxer","url":"https:\/\/www.travelwaxer.com\/de\/","logo":{"@type":"ImageObject","inLanguage":"de","@id":"https:\/\/www.travelwaxer.com\/de\/#\/schema\/logo\/image\/","url":"https:\/\/www.travelwaxer.com\/wp-content\/uploads\/2015\/03\/title_icon-2.png","contentUrl":"https:\/\/www.travelwaxer.com\/wp-content\/uploads\/2015\/03\/title_icon-2.png","width":154,"height":171,"caption":"Travel Waxer"},"image":{"@id":"https:\/\/www.travelwaxer.com\/de\/#\/schema\/logo\/image\/"},"sameAs":["https:\/\/www.facebook.com\/travelwaxer"]}]}},"_links":{"self":[{"href":"https:\/\/www.travelwaxer.com\/de\/wp-json\/wp\/v2\/pages\/2035","targetHints":{"allow":["GET"]}}],"collection":[{"href":"https:\/\/www.travelwaxer.com\/de\/wp-json\/wp\/v2\/pages"}],"about":[{"href":"https:\/\/www.travelwaxer.com\/de\/wp-json\/wp\/v2\/types\/page"}],"author":[{"embeddable":true,"href":"https:\/\/www.travelwaxer.com\/de\/wp-json\/wp\/v2\/users\/2"}],"replies":[{"embeddable":true,"href":"https:\/\/www.travelwaxer.com\/de\/wp-json\/wp\/v2\/comments?post=2035"}],"version-history":[{"count":1,"href":"https:\/\/www.travelwaxer.com\/de\/wp-json\/wp\/v2\/pages\/2035\/revisions"}],"predecessor-version":[{"id":2036,"href":"https:\/\/www.travelwaxer.com\/de\/wp-json\/wp\/v2\/pages\/2035\/revisions\/2036"}],"wp:attachment":[{"href":"https:\/\/www.travelwaxer.com\/de\/wp-json\/wp\/v2\/media?parent=2035"}],"curies":[{"name":"wp","href":"https:\/\/api.w.org\/{rel}","templated":true}]}}