	{"id":1824,"date":"2015-07-21T00:31:50","date_gmt":"2015-07-21T00:31:50","guid":{"rendered":"http:\/\/www.travelwaxer.com\/?page_id=1824"},"modified":"2016-01-25T15:46:53","modified_gmt":"2016-01-25T15:46:53","slug":"skilinks","status":"publish","type":"page","link":"https:\/\/www.travelwaxer.com\/de\/skilinks\/","title":{"rendered":"Skilinks"},"content":{"rendered":"<p>Hier haben wir interessante Links f\u00fcr Langl\u00e4ufer und Alpinisten zusammegestellt.<br \/>\n<\/p>\n<li><a href=\"https:\/\/www.facebook.com\/travelwaxer\" title=\"Travel Waxer p\u00e5 Facebook\">Travel Waxer p\u00e5 Facebook<\/a> &#8211; unsere Seite f\u00fcr Tips und Infos besuchen!<\/li>\n<li><a href=\"http:\/\/www.vasaloppet.se\/\" title=\"Vasaloppet\">Die offizielle Webseite vom Wasalauf<\/a> &#8211; f\u00fcr viele Laufer die ultimate Herausforderung der Saison.<\/li>\n<li><a href=\"http:\/\/www.worldloppet.com\">Worldloppet<\/a> &#8211; die weltweite Langlaufserie mit Rennen auf vier Kontinenten.<\/li>\n<li><a href=\"http:\/\/www.euroloppet.com\">Europloppet<\/a> &#8211; die europ\u00e4ische Langlaufserie, Fokus liegt auf kleinere Rennen.<\/li>\n","protected":false},"excerpt":{"rendered":"<p>Hier haben wir interessante Links f\u00fcr Langl\u00e4ufer und Alpinisten zusammegestellt. Travel Waxer p\u00e5 Facebook &#8211; unsere Seite f\u00fcr Tips und Infos besuchen! Die offizielle Webseite vom Wasalauf &#8211; f\u00fcr viele Laufer die ultimate Herausforderung der Saison. Worldloppet &#8211; die weltweite Langlaufserie mit Rennen auf vier Kontinenten. Europloppet &#8211; die europ\u00e4ische Langlaufserie, Fokus liegt auf kleinere [&hellip;]<\/p>\n","protected":false},"author":2,"featured_media":0,"parent":0,"menu_order":0,"comment_status":"open","ping_status":"open","template":"","meta":{"footnotes":""},"class_list":["post-1824","page","type-page","status-publish","hentry"],"yoast_head":"<!-- This site is optimized with the Yoast SEO plugin v27.4 - https:\/\/yoast.com\/product\/yoast-seo-wordpress\/ -->\n<title>Skilinks | Travel Waxer<\/title>\n<meta name=\"description\" content=\"Skilinks | Travel Waxer\" \/>\n<meta name=\"robots\" content=\"index, follow, max-snippet:-1, max-image-preview:large, max-video-preview:-1\" \/>\n<link rel=\"canonical\" href=\"https:\/\/www.travelwaxer.com\/de\/skilinks\/\" \/>\n<meta property=\"og:locale\" content=\"de_DE\" \/>\n<meta property=\"og:type\" content=\"article\" \/>\n<meta property=\"og:title\" content=\"Skilinks | Travel Waxer\" \/>\n<meta property=\"og:description\" content=\"Skilinks | Travel Waxer\" \/>\n<meta property=\"og:url\" content=\"https:\/\/www.travelwaxer.com\/de\/skilinks\/\" \/>\n<meta property=\"og:site_name\" content=\"Travel Waxer\" \/>\n<meta property=\"article:publisher\" content=\"https:\/\/www.facebook.com\/travelwaxer\" \/>\n<meta property=\"article:modified_time\" content=\"2016-01-25T15:46:53+00:00\" \/>\n<meta name=\"twitter:card\" content=\"summary_large_image\" \/>\n<script type=\"application\/ld+json\" class=\"yoast-schema-graph\">{\"@context\":\"https:\\\/\\\/schema.org\",\"@graph\":[{\"@type\":\"WebPage\",\"@id\":\"https:\\\/\\\/www.travelwaxer.com\\\/de\\\/skilinks\\\/\",\"url\":\"https:\\\/\\\/www.travelwaxer.com\\\/de\\\/skilinks\\\/\",\"name\":\"Skilinks | Travel Waxer\",\"isPartOf\":{\"@id\":\"https:\\\/\\\/www.travelwaxer.com\\\/de\\\/#website\"},\"datePublished\":\"2015-07-21T00:31:50+00:00\",\"dateModified\":\"2016-01-25T15:46:53+00:00\",\"description\":\"Skilinks | Travel Waxer\",\"breadcrumb\":{\"@id\":\"https:\\\/\\\/www.travelwaxer.com\\\/de\\\/skilinks\\\/#breadcrumb\"},\"inLanguage\":\"de\",\"potentialAction\":[{\"@type\":\"ReadAction\",\"target\":[\"https:\\\/\\\/www.travelwaxer.com\\\/de\\\/skilinks\\\/\"]}]},{\"@type\":\"BreadcrumbList\",\"@id\":\"https:\\\/\\\/www.travelwaxer.com\\\/de\\\/skilinks\\\/#breadcrumb\",\"itemListElement\":[{\"@type\":\"ListItem\",\"position\":1,\"name\":\"Hem\",\"item\":\"https:\\\/\\\/www.travelwaxer.com\\\/de\\\/\"},{\"@type\":\"ListItem\",\"position\":2,\"name\":\"Skilinks\"}]},{\"@type\":\"WebSite\",\"@id\":\"https:\\\/\\\/www.travelwaxer.com\\\/de\\\/#website\",\"url\":\"https:\\\/\\\/www.travelwaxer.com\\\/de\\\/\",\"name\":\"Travel Waxer\",\"description\":\"Wachstisch f\u00fcr Langlauf und Alpin\",\"publisher\":{\"@id\":\"https:\\\/\\\/www.travelwaxer.com\\\/de\\\/#organization\"},\"potentialAction\":[{\"@type\":\"SearchAction\",\"target\":{\"@type\":\"EntryPoint\",\"urlTemplate\":\"https:\\\/\\\/www.travelwaxer.com\\\/de\\\/?s={search_term_string}\"},\"query-input\":{\"@type\":\"PropertyValueSpecification\",\"valueRequired\":true,\"valueName\":\"search_term_string\"}}],\"inLanguage\":\"de\"},{\"@type\":\"Organization\",\"@id\":\"https:\\\/\\\/www.travelwaxer.com\\\/de\\\/#organization\",\"name\":\"Travel Waxer\",\"url\":\"https:\\\/\\\/www.travelwaxer.com\\\/de\\\/\",\"logo\":{\"@type\":\"ImageObject\",\"inLanguage\":\"de\",\"@id\":\"https:\\\/\\\/www.travelwaxer.com\\\/de\\\/#\\\/schema\\\/logo\\\/image\\\/\",\"url\":\"https:\\\/\\\/www.travelwaxer.com\\\/wp-content\\\/uploads\\\/2015\\\/03\\\/title_icon-2.png\",\"contentUrl\":\"https:\\\/\\\/www.travelwaxer.com\\\/wp-content\\\/uploads\\\/2015\\\/03\\\/title_icon-2.png\",\"width\":154,\"height\":171,\"caption\":\"Travel Waxer\"},\"image\":{\"@id\":\"https:\\\/\\\/www.travelwaxer.com\\\/de\\\/#\\\/schema\\\/logo\\\/image\\\/\"},\"sameAs\":[\"https:\\\/\\\/www.facebook.com\\\/travelwaxer\"]}]}<\/script>\n<!-- \/ Yoast SEO plugin. -->","yoast_head_json":{"title":"Skilinks | Travel Waxer","description":"Skilinks | Travel Waxer","robots":{"index":"index","follow":"follow","max-snippet":"max-snippet:-1","max-image-preview":"max-image-preview:large","max-video-preview":"max-video-preview:-1"},"canonical":"https:\/\/www.travelwaxer.com\/de\/skilinks\/","og_locale":"de_DE","og_type":"article","og_title":"Skilinks | Travel Waxer","og_description":"Skilinks | Travel Waxer","og_url":"https:\/\/www.travelwaxer.com\/de\/skilinks\/","og_site_name":"Travel Waxer","article_publisher":"https:\/\/www.facebook.com\/travelwaxer","article_modified_time":"2016-01-25T15:46:53+00:00","twitter_card":"summary_large_image","schema":{"@context":"https:\/\/schema.org","@graph":[{"@type":"WebPage","@id":"https:\/\/www.travelwaxer.com\/de\/skilinks\/","url":"https:\/\/www.travelwaxer.com\/de\/skilinks\/","name":"Skilinks | Travel Waxer","isPartOf":{"@id":"https:\/\/www.travelwaxer.com\/de\/#website"},"datePublished":"2015-07-21T00:31:50+00:00","dateModified":"2016-01-25T15:46:53+00:00","description":"Skilinks | Travel Waxer","breadcrumb":{"@id":"https:\/\/www.travelwaxer.com\/de\/skilinks\/#breadcrumb"},"inLanguage":"de","potentialAction":[{"@type":"ReadAction","target":["https:\/\/www.travelwaxer.com\/de\/skilinks\/"]}]},{"@type":"BreadcrumbList","@id":"https:\/\/www.travelwaxer.com\/de\/skilinks\/#breadcrumb","itemListElement":[{"@type":"ListItem","position":1,"name":"Hem","item":"https:\/\/www.travelwaxer.com\/de\/"},{"@type":"ListItem","position":2,"name":"Skilinks"}]},{"@type":"WebSite","@id":"https:\/\/www.travelwaxer.com\/de\/#website","url":"https:\/\/www.travelwaxer.com\/de\/","name":"Travel Waxer","description":"Wachstisch f\u00fcr Langlauf und Alpin","publisher":{"@id":"https:\/\/www.travelwaxer.com\/de\/#organization"},"potentialAction":[{"@type":"SearchAction","target":{"@type":"EntryPoint","urlTemplate":"https:\/\/www.travelwaxer.com\/de\/?s={search_term_string}"},"query-input":{"@type":"PropertyValueSpecification","valueRequired":true,"valueName":"search_term_string"}}],"inLanguage":"de"},{"@type":"Organization","@id":"https:\/\/www.travelwaxer.com\/de\/#organization","name":"Travel Waxer","url":"https:\/\/www.travelwaxer.com\/de\/","logo":{"@type":"ImageObject","inLanguage":"de","@id":"https:\/\/www.travelwaxer.com\/de\/#\/schema\/logo\/image\/","url":"https:\/\/www.travelwaxer.com\/wp-content\/uploads\/2015\/03\/title_icon-2.png","contentUrl":"https:\/\/www.travelwaxer.com\/wp-content\/uploads\/2015\/03\/title_icon-2.png","width":154,"height":171,"caption":"Travel Waxer"},"image":{"@id":"https:\/\/www.travelwaxer.com\/de\/#\/schema\/logo\/image\/"},"sameAs":["https:\/\/www.facebook.com\/travelwaxer"]}]}},"_links":{"self":[{"href":"https:\/\/www.travelwaxer.com\/de\/wp-json\/wp\/v2\/pages\/1824","targetHints":{"allow":["GET"]}}],"collection":[{"href":"https:\/\/www.travelwaxer.com\/de\/wp-json\/wp\/v2\/pages"}],"about":[{"href":"https:\/\/www.travelwaxer.com\/de\/wp-json\/wp\/v2\/types\/page"}],"author":[{"embeddable":true,"href":"https:\/\/www.travelwaxer.com\/de\/wp-json\/wp\/v2\/users\/2"}],"replies":[{"embeddable":true,"href":"https:\/\/www.travelwaxer.com\/de\/wp-json\/wp\/v2\/comments?post=1824"}],"version-history":[{"count":4,"href":"https:\/\/www.travelwaxer.com\/de\/wp-json\/wp\/v2\/pages\/1824\/revisions"}],"predecessor-version":[{"id":2187,"href":"https:\/\/www.travelwaxer.com\/de\/wp-json\/wp\/v2\/pages\/1824\/revisions\/2187"}],"wp:attachment":[{"href":"https:\/\/www.travelwaxer.com\/de\/wp-json\/wp\/v2\/media?parent=1824"}],"curies":[{"name":"wp","href":"https:\/\/api.w.org\/{rel}","templated":true}]}}